{"id":162,"date":"2016-11-14T18:18:42","date_gmt":"2016-11-14T18:18:42","guid":{"rendered":"http:\/\/expografika.com\/n\/?page_id=162"},"modified":"2018-04-06T09:46:12","modified_gmt":"2018-04-06T12:46:12","slug":"plano","status":"publish","type":"page","link":"https:\/\/expografika.com\/n\/2017-2\/plano\/","title":{"rendered":"Plano"},"content":{"rendered":"<h1 style=\"text-align: center;\">La exposici\u00f3n gr\u00e1fica m\u00e1s grande de Argentina!<\/h1>\n<h2 style=\"text-align: center;\">20.000 m2 de superficie de exposici\u00f3n<\/h2>\n<img loading=\"lazy\" decoding=\"async\" class=\"imgMagnify_1172894892 CSS_CLASS\" src=\"http:\/\/expografika.com\/n\/wp-content\/uploads\/2016\/11\/plano17.jpg\"  data-magnify-src=\"http:\/\/expografika.com\/n\/wp-content\/uploads\/2016\/11\/plano17.jpg\" alt=\"plano\" height=\"2116\" width=\"3000\" \/><script type=\"text\/javascript\">jQuery(document).ready(function($) {$(\".imgMagnify_1172894892\").magnify();});<\/script>\n","protected":false},"excerpt":{"rendered":"<p>La exposici\u00f3n gr\u00e1fica m\u00e1s grande de Argentina! 20.000 m2 de superficie de exposici\u00f3n<\/p>\n","protected":false},"author":1,"featured_media":0,"parent":40,"menu_order":0,"comment_status":"open","ping_status":"open","template":"template-fullw.php","meta":{"_et_pb_use_builder":"","_et_pb_old_content":"","_et_gb_content_width":"","_joinchat":[],"footnotes":""},"class_list":["post-162","page","type-page","status-publish","hentry"],"aioseo_notices":[],"_links":{"self":[{"href":"https:\/\/expografika.com\/n\/wp-json\/wp\/v2\/pages\/162","targetHints":{"allow":["GET"]}}],"collection":[{"href":"https:\/\/expografika.com\/n\/wp-json\/wp\/v2\/pages"}],"about":[{"href":"https:\/\/expografika.com\/n\/wp-json\/wp\/v2\/types\/page"}],"author":[{"embeddable":true,"href":"https:\/\/expografika.com\/n\/wp-json\/wp\/v2\/users\/1"}],"replies":[{"embeddable":true,"href":"https:\/\/expografika.com\/n\/wp-json\/wp\/v2\/comments?post=162"}],"version-history":[{"count":96,"href":"https:\/\/expografika.com\/n\/wp-json\/wp\/v2\/pages\/162\/revisions"}],"predecessor-version":[{"id":2774,"href":"https:\/\/expografika.com\/n\/wp-json\/wp\/v2\/pages\/162\/revisions\/2774"}],"up":[{"embeddable":true,"href":"https:\/\/expografika.com\/n\/wp-json\/wp\/v2\/pages\/40"}],"wp:attachment":[{"href":"https:\/\/expografika.com\/n\/wp-json\/wp\/v2\/media?parent=162"}],"curies":[{"name":"wp","href":"https:\/\/api.w.org\/{rel}","templated":true}]}}