{"id":174,"date":"2016-11-14T18:42:04","date_gmt":"2016-11-14T18:42:04","guid":{"rendered":"http:\/\/expografika.com\/n\/?page_id=174"},"modified":"2019-10-11T16:48:45","modified_gmt":"2019-10-11T19:48:45","slug":"nuestra-historia","status":"publish","type":"page","link":"https:\/\/expografika.com\/n\/nuestra-historia\/","title":{"rendered":"Nuestra historia"},"content":{"rendered":"<p>[et_pb_section fb_built=\u00bb1&#8243; _builder_version=\u00bb3.22.3&#8243;][et_pb_row _builder_version=\u00bb3.22.3&#8243; background_size=\u00bbinitial\u00bb background_position=\u00bbtop_left\u00bb background_repeat=\u00bbrepeat\u00bb][et_pb_column type=\u00bb3_5&#8243; _builder_version=\u00bb3.0.47&#8243;][et_pb_text _builder_version=\u00bb3.22.4&#8243; background_size=\u00bbinitial\u00bb background_position=\u00bbtop_left\u00bb background_repeat=\u00bbrepeat\u00bb]<\/p>\n<h2>Nuestra Historia<\/h2>\n<div class=\"col-lg-6\">\n<p>ExpoGrafika cuenta con m\u00e1s de 30 a\u00f1os de historia. Comenz\u00f3 siendo una feria peque\u00f1a pero pujante; un espacio de encuentro y negocios para algunos de los m\u00e1s importantes rubros de nuestra industria, pero que en sus primeras ediciones no lograba aglutinar a todo el universo de la gr\u00e1fica y sus servicios asociados.<br \/>En 2015, de la mano de la gesti\u00f3n de H\u00e9ctor Palermo y su equipo de Argentoner, ExpoGrafika pudo finalmente cosechar lo sembrado en tantos de a\u00f1os de esfuerzo y compromiso: convertirse en el mercado de negocios m\u00e1s importante de la industria gr\u00e1fica en Argentina. El gran hito tuvo lugar en Tecn\u00f3polis, en una edici\u00f3n que super\u00f3 todas las expectativas en t\u00e9rminos de presencia de marcas, rubros de exposici\u00f3n y concurrencia de p\u00fablico.<br \/>En 2016 realizamos la primera feria regional en Mendoza, como un primer moj\u00f3n en el sendero que nos propusimos recorrer para federalizar esta plataforma de encuentro y acercar servicios, innovaci\u00f3n y tecnolog\u00eda a todos los rincones de nuestro territorio. Finalmente, en este a\u00f1o renovamos nuestra identidad visual porque entendemos que es tiempo ir por m\u00e1s, de seguir buscando una mejor sinton\u00eda con nuestro p\u00fablico y de mirar al futuro con la expectativa de continuar creciendo, apoyados tanto en la solidez de nuestra trayectoria como en la frescura que nos brinda nuestro \u00edmpetu de seguir innovando, siempre.<\/p>\n<\/div>\n<div class=\"col-lg-6\">\u00a0<\/div>\n<p>[\/et_pb_text][\/et_pb_column][et_pb_column type=\u00bb2_5&#8243; _builder_version=\u00bb3.0.47&#8243;][et_pb_divider _builder_version=\u00bb3.22.4&#8243; show_divider=\u00bboff\u00bb][\/et_pb_divider][et_pb_image src=\u00bbhttp:\/\/expografika.com\/n\/wp-content\/uploads\/2018\/01\/expo17.jpg\u00bb _builder_version=\u00bb3.22.4&#8243;][\/et_pb_image][\/et_pb_column][\/et_pb_row][\/et_pb_section]<\/p>\n","protected":false},"excerpt":{"rendered":"<p>Nuestra Historia ExpoGrafika cuenta con m\u00e1s de 30 a\u00f1os de historia. Comenz\u00f3 siendo una feria peque\u00f1a pero pujante; un espacio de encuentro y negocios para algunos de los m\u00e1s importantes rubros de nuestra industria, pero que en sus primeras ediciones no lograba aglutinar a todo el universo de la gr\u00e1fica y sus servicios asociados.En 2015, [&hellip;]<\/p>\n","protected":false},"author":1,"featured_media":568,"parent":0,"menu_order":0,"comment_status":"open","ping_status":"open","template":"","meta":{"_et_pb_use_builder":"on","_et_pb_old_content":"<div class=\"col-lg-6\"><p>ExpoGrafika cuenta con m\u00e1s de 30 a\u00f1os de historia. Comenz\u00f3 siendo una feria peque\u00f1a pero pujante; un espacio de encuentro y negocios para algunos de los m\u00e1s importantes rubros de nuestra industria, pero que en sus primeras ediciones no lograba aglutinar a todo el universo de la gr\u00e1fica y sus servicios asociados.<br \/>En 2015, de la mano de la gesti\u00f3n de H\u00e9ctor Palermo y su equipo de Argentoner, ExpoGrafika pudo finalmente cosechar lo sembrado en tantos de a\u00f1os de esfuerzo y compromiso: convertirse en el mercado de negocios m\u00e1s importante de la industria gr\u00e1fica en Argentina. El gran hito tuvo lugar en Tecn\u00f3polis, en una edici\u00f3n que super\u00f3 todas las expectativas en t\u00e9rminos de presencia de marcas, rubros de exposici\u00f3n y concurrencia de p\u00fablico.<br \/>En 2016 realizamos la primera feria regional en Mendoza, como un primer moj\u00f3n en el sendero que nos propusimos recorrer para federalizar esta plataforma de encuentro y acercar servicios, innovaci\u00f3n y tecnolog\u00eda a todos los rincones de nuestro territorio. Finalmente, en este a\u00f1o renovamos nuestra identidad visual porque entendemos que es tiempo ir por m\u00e1s, de seguir buscando una mejor sinton\u00eda con nuestro p\u00fablico y de mirar al futuro con la expectativa de continuar creciendo, apoyados tanto en la solidez de nuestra trayectoria como en la frescura que nos brinda nuestro \u00edmpetu de seguir innovando, siempre.<\/p><\/div><div class=\"col-lg-6\"><img class=\"aligncenter wp-image-3089 size-full\" src=\"http:\/\/expografika.com\/n\/wp-content\/uploads\/2018\/01\/expo17.jpg\" alt=\"\" width=\"400\" height=\"400\" \/><\/div>","_et_gb_content_width":"","_joinchat":[],"footnotes":""},"class_list":["post-174","page","type-page","status-publish","has-post-thumbnail","hentry"],"aioseo_notices":[],"_links":{"self":[{"href":"https:\/\/expografika.com\/n\/wp-json\/wp\/v2\/pages\/174","targetHints":{"allow":["GET"]}}],"collection":[{"href":"https:\/\/expografika.com\/n\/wp-json\/wp\/v2\/pages"}],"about":[{"href":"https:\/\/expografika.com\/n\/wp-json\/wp\/v2\/types\/page"}],"author":[{"embeddable":true,"href":"https:\/\/expografika.com\/n\/wp-json\/wp\/v2\/users\/1"}],"replies":[{"embeddable":true,"href":"https:\/\/expografika.com\/n\/wp-json\/wp\/v2\/comments?post=174"}],"version-history":[{"count":11,"href":"https:\/\/expografika.com\/n\/wp-json\/wp\/v2\/pages\/174\/revisions"}],"predecessor-version":[{"id":4652,"href":"https:\/\/expografika.com\/n\/wp-json\/wp\/v2\/pages\/174\/revisions\/4652"}],"wp:featuredmedia":[{"embeddable":true,"href":"https:\/\/expografika.com\/n\/wp-json\/wp\/v2\/media\/568"}],"wp:attachment":[{"href":"https:\/\/expografika.com\/n\/wp-json\/wp\/v2\/media?parent=174"}],"curies":[{"name":"wp","href":"https:\/\/api.w.org\/{rel}","templated":true}]}}