{"id":180,"date":"2016-11-14T18:50:14","date_gmt":"2016-11-14T18:50:14","guid":{"rendered":"http:\/\/expografika.com\/n\/?page_id=180"},"modified":"2019-10-11T16:56:19","modified_gmt":"2019-10-11T19:56:19","slug":"nuestra-identidad","status":"publish","type":"page","link":"https:\/\/expografika.com\/n\/nuestra-identidad\/","title":{"rendered":"Nuestra identidad"},"content":{"rendered":"<p>[et_pb_section fb_built=\u00bb1&#8243; _builder_version=\u00bb3.22.3&#8243;][et_pb_row _builder_version=\u00bb3.22.3&#8243; background_size=\u00bbinitial\u00bb background_position=\u00bbtop_left\u00bb background_repeat=\u00bbrepeat\u00bb][et_pb_column type=\u00bb3_5&#8243; _builder_version=\u00bb3.0.47&#8243;][et_pb_text _builder_version=\u00bb3.22.4&#8243; background_size=\u00bbinitial\u00bb background_position=\u00bbtop_left\u00bb background_repeat=\u00bbrepeat\u00bb]<\/p>\n<div class=\"col-lg-6\">\n<h2>Nuestra identidad<\/h2>\n<p>Expogr\u00e1fika es la feria de la industria gr\u00e1fica m\u00e1s importante de nuestro pa\u00eds, la de mayor expansi\u00f3n, alcance y representatividad para el sector. La llevamos adelante desde Argentoner S.A., con un equipo profesionalizado y que trabaja d\u00eda a d\u00eda pensando y desarrollando estrategias en pos de que cada edici\u00f3n de Expogr\u00e1fika supere siempre a la anterior.<\/p>\n<p>Nuestra misi\u00f3n es generar una plataforma de negocios, encuentro e innovaci\u00f3n que sirva como aporte para el desarrollo y la expansi\u00f3n del potencial de nuestra industria gr\u00e1fica nacional.<br \/>Miramos hacia el futuro trabajando y apostando para convertirnos en una Exposici\u00f3n cada vez m\u00e1s grande, y que aporte sucesivamente m\u00e1s valor a los m\u00faltiples rubros que hacen a la gran familia de la industria gr\u00e1fica argentina. Apuntamos a ser el gran espacio de encuentro para los gr\u00e1ficos en esta parte del continente.<\/p>\n<\/div>\n<div class=\"col-lg-6\">\u00a0<\/div>\n<p>[\/et_pb_text][\/et_pb_column][et_pb_column type=\u00bb2_5&#8243; _builder_version=\u00bb3.0.47&#8243;][et_pb_image src=\u00bbhttp:\/\/expografika.com\/n\/wp-content\/uploads\/2016\/11\/nuestros-valores.jpg\u00bb _builder_version=\u00bb3.22.4&#8243;][\/et_pb_image][\/et_pb_column][\/et_pb_row][et_pb_row _builder_version=\u00bb3.22.3&#8243; background_size=\u00bbinitial\u00bb background_position=\u00bbtop_left\u00bb background_repeat=\u00bbrepeat\u00bb][et_pb_column type=\u00bb3_5&#8243; _builder_version=\u00bb3.0.47&#8243;][et_pb_text _builder_version=\u00bb3.22.4&#8243;]<\/p>\n<h2>Nuestros valores:<\/h2>\n<ul>\n<li><strong>Profundo sentido de pertenencia con la industria gr\u00e1fica<\/strong>: estamos siempre alerta para comprender y satisfacer las necesidades de cada uno de los rubros que la componen.<\/li>\n<li><strong>Compromiso y cercan\u00eda con los expositores<\/strong>: buscamos brindarles la mejor plataforma de encuentro para la generaci\u00f3n de negocios, escuch\u00e1ndolos, <strong>tomando edici\u00f3n tras edici\u00f3n sus observaciones y acompa\u00f1\u00e1ndolos a lo largo del a\u00f1o en todas las actividades comerciales, promocion\u00e1ndolas y estando en lo posible presentes en cada una de ellas.<\/strong><\/li>\n<li><strong>B\u00fasqueda permanente de la excelencia<\/strong>: no nos conformamos nunca con lo conseguido en t\u00e9rminos de calidad y valor agregado para la feria.<\/li>\n<li><strong>La innovaci\u00f3n como horizonte<\/strong>: tenemos claro que estar a la vanguardia en la exposici\u00f3n de nuevas tecnolog\u00edas es lo que nos hace ser quienes somos.<\/li>\n<\/ul>\n<p>[\/et_pb_text][\/et_pb_column][et_pb_column type=\u00bb2_5&#8243; _builder_version=\u00bb3.0.47&#8243;][et_pb_image src=\u00bbhttp:\/\/expografika.com\/n\/wp-content\/uploads\/2016\/11\/circulo_nuestros_valores.jpg\u00bb _builder_version=\u00bb3.22.4&#8243;][\/et_pb_image][\/et_pb_column][\/et_pb_row][\/et_pb_section]<\/p>\n","protected":false},"excerpt":{"rendered":"<p>Nuestra identidad Expogr\u00e1fika es la feria de la industria gr\u00e1fica m\u00e1s importante de nuestro pa\u00eds, la de mayor expansi\u00f3n, alcance y representatividad para el sector. La llevamos adelante desde Argentoner S.A., con un equipo profesionalizado y que trabaja d\u00eda a d\u00eda pensando y desarrollando estrategias en pos de que cada edici\u00f3n de Expogr\u00e1fika supere siempre [&hellip;]<\/p>\n","protected":false},"author":1,"featured_media":571,"parent":0,"menu_order":0,"comment_status":"open","ping_status":"open","template":"","meta":{"_et_pb_use_builder":"on","_et_pb_old_content":"<div class=\"col-lg-6\"><h2>Nuestra identidad<\/h2><p>Expogr\u00e1fika es la feria de la industria gr\u00e1fica m\u00e1s importante de nuestro pa\u00eds, la de mayor expansi\u00f3n, alcance y representatividad para el sector. La llevamos adelante desde Argentoner S.A., con un equipo profesionalizado y que trabaja d\u00eda a d\u00eda pensando y desarrollando estrategias en pos de que cada edici\u00f3n de Expogr\u00e1fika supere siempre a la anterior.<\/p><p>Nuestra misi\u00f3n es generar una plataforma de negocios, encuentro e innovaci\u00f3n que sirva como aporte para el desarrollo y la expansi\u00f3n del potencial de nuestra industria gr\u00e1fica nacional.<br \/>Miramos hacia el futuro trabajando y apostando para convertirnos en una Exposici\u00f3n cada vez m\u00e1s grande, y que aporte sucesivamente m\u00e1s valor a los m\u00faltiples rubros que hacen a la gran familia de la industria gr\u00e1fica argentina. Apuntamos a ser el gran espacio de encuentro para los gr\u00e1ficos en esta parte del continente.<\/p><\/div><div class=\"col-lg-6\"><img class=\"alignnone size-full wp-image-182\" src=\"http:\/\/expografika.com\/n\/wp-content\/uploads\/2016\/11\/nuestros-valores.jpg\" alt=\"nuestros-valores\" width=\"411\" height=\"413\" \/><\/div><hr class=\"hr-internas\" \/><div class=\"col-lg-6\"><h2>Nuestros valores:<\/h2><ul><li><strong>Profundo sentido de pertenencia con la industria gr\u00e1fica<\/strong>: estamos siempre alerta para comprender y satisfacer las necesidades de cada uno de los rubros que la componen.<\/li><li><strong>Compromiso y cercan\u00eda con los expositores<\/strong>: buscamos brindarles la mejor plataforma de encuentro para la generaci\u00f3n de negocios, escuch\u00e1ndolos, <strong>tomando edici\u00f3n tras edici\u00f3n sus observaciones y acompa\u00f1\u00e1ndolos a lo largo del a\u00f1o en todas las actividades comerciales, promocion\u00e1ndolas y estando en lo posible presentes en cada una de ellas.<\/strong><\/li><li><strong>B\u00fasqueda permanente de la excelencia<\/strong>: no nos conformamos nunca con lo conseguido en t\u00e9rminos de calidad y valor agregado para la feria.<\/li><li><strong>La innovaci\u00f3n como horizonte<\/strong>: tenemos claro que estar a la vanguardia en la exposici\u00f3n de nuevas tecnolog\u00edas es lo que nos hace ser quienes somos.<\/li><\/ul><p>.<\/p><\/div><div class=\"col-lg-6\"><img class=\"aligncenter size-full wp-image-578\" src=\"http:\/\/expografika.com\/n\/wp-content\/uploads\/2016\/11\/circulo_nuestros_valores.jpg\" alt=\"circulo_nuestros_valores\" width=\"400\" height=\"400\" \/><\/div>","_et_gb_content_width":"","_joinchat":[],"footnotes":""},"class_list":["post-180","page","type-page","status-publish","has-post-thumbnail","hentry"],"aioseo_notices":[],"_links":{"self":[{"href":"https:\/\/expografika.com\/n\/wp-json\/wp\/v2\/pages\/180","targetHints":{"allow":["GET"]}}],"collection":[{"href":"https:\/\/expografika.com\/n\/wp-json\/wp\/v2\/pages"}],"about":[{"href":"https:\/\/expografika.com\/n\/wp-json\/wp\/v2\/types\/page"}],"author":[{"embeddable":true,"href":"https:\/\/expografika.com\/n\/wp-json\/wp\/v2\/users\/1"}],"replies":[{"embeddable":true,"href":"https:\/\/expografika.com\/n\/wp-json\/wp\/v2\/comments?post=180"}],"version-history":[{"count":8,"href":"https:\/\/expografika.com\/n\/wp-json\/wp\/v2\/pages\/180\/revisions"}],"predecessor-version":[{"id":4656,"href":"https:\/\/expografika.com\/n\/wp-json\/wp\/v2\/pages\/180\/revisions\/4656"}],"wp:featuredmedia":[{"embeddable":true,"href":"https:\/\/expografika.com\/n\/wp-json\/wp\/v2\/media\/571"}],"wp:attachment":[{"href":"https:\/\/expografika.com\/n\/wp-json\/wp\/v2\/media?parent=180"}],"curies":[{"name":"wp","href":"https:\/\/api.w.org\/{rel}","templated":true}]}}