{"id":23775,"date":"2024-12-17T13:10:24","date_gmt":"2024-12-17T16:10:24","guid":{"rendered":"https:\/\/expografika.com\/n\/?page_id=23775"},"modified":"2024-12-17T13:42:49","modified_gmt":"2024-12-17T16:42:49","slug":"un-poco-de-expografika-2024","status":"publish","type":"page","link":"https:\/\/expografika.com\/n\/un-poco-de-expografika-2024\/","title":{"rendered":"un poco de expografika 2024"},"content":{"rendered":"<p>[et_pb_section fb_built=\u00bb1&#8243; _builder_version=\u00bb4.27.2&#8243; _module_preset=\u00bbdefault\u00bb background_size=\u00bbcontain\u00bb background_position=\u00bbtop_left\u00bb hover_enabled=\u00bb0&#8243; background_last_edited=\u00bboff|tablet\u00bb background_image_phone=\u00bbhttp:\/\/expografika.com\/n\/wp-content\/uploads\/2023\/06\/fondo-1.png\u00bb background_enable_image_phone=\u00bbon\u00bb background_size_phone=\u00bbcontain\u00bb background_position_phone=\u00bbtop_center\u00bb da_disable_devices=\u00bboff|off|off\u00bb global_colors_info=\u00bb{}\u00bb background_enable_image=\u00bboff\u00bb sticky_enabled=\u00bb0&#8243; background_enable_image_tablet=\u00bboff\u00bb use_background_color_gradient=\u00bbon\u00bb background_color_gradient_stops=\u00bb#fffb35 0%|#30d8f2 9%|#ffffff 18%\u00bb background_color_gradient_direction=\u00bb235deg\u00bb da_is_popup=\u00bboff\u00bb da_exit_intent=\u00bboff\u00bb da_has_close=\u00bbon\u00bb da_alt_close=\u00bboff\u00bb da_dark_close=\u00bboff\u00bb da_not_modal=\u00bbon\u00bb da_is_singular=\u00bboff\u00bb da_with_loader=\u00bboff\u00bb da_has_shadow=\u00bbon\u00bb][et_pb_row column_structure=\u00bb1_2,1_2&#8243; _builder_version=\u00bb4.27.2&#8243; _module_preset=\u00bbdefault\u00bb global_colors_info=\u00bb{}\u00bb][et_pb_column type=\u00bb1_2&#8243; _builder_version=\u00bb4.21.0&#8243; _module_preset=\u00bbdefault\u00bb global_colors_info=\u00bb{}\u00bb][et_pb_image src=\u00bbhttp:\/\/expografika.com\/n\/wp-content\/uploads\/2024\/12\/PSX_20241026_074631-scaled.jpg\u00bb title_text=\u00bbPSX_20241026_074631&#8243; _builder_version=\u00bb4.27.2&#8243; _module_preset=\u00bbdefault\u00bb global_colors_info=\u00bb{}\u00bb][\/et_pb_image][\/et_pb_column][et_pb_column type=\u00bb1_2&#8243; _builder_version=\u00bb4.21.0&#8243; _module_preset=\u00bbdefault\u00bb global_colors_info=\u00bb{}\u00bb][et_pb_text _builder_version=\u00bb4.27.2&#8243; _module_preset=\u00bbdefault\u00bb width=\u00bb100%\u00bb module_alignment=\u00bbcenter\u00bb custom_margin=\u00bb||16px|-117px||\u00bb global_colors_info=\u00bb{}\u00bb]<\/p>\n<h2>Expografika 2024<\/h2>\n<p>&nbsp;<\/p>\n<p>El 24, 25 y 26 de Octubre de 2024 se celebr\u00f3 en Buenos Aires la exposici\u00f3n Expografika 2024, un evento que reuni\u00f3 a los mejores profesionales y empresas del sector gr\u00e1fico. Agradecemos a todos los que hicieron posible este encuentro: a los expositores, que trajeron su mejor material y atendieron cordialmente a todos los visitantes; a los asistentes, que viajaron desde diferentes lugares y mostraron su inter\u00e9s y entusiasmo por las novedades del sector; y a todo el equipo organizador, que trabaj\u00f3 incansablemente para que todo saliera bien.<\/p>\n<p><em>Muchas gracias por ser parte de este proyecto. Nos vemos en Expografika 2025, en espacio Duam, Neuquen, Patagonia.<\/em><\/p>\n<p><strong>Hector Palermo Organizador de Expografika<\/strong>[\/et_pb_text][\/et_pb_column][\/et_pb_row][\/et_pb_section][et_pb_section fb_built=\u00bb1&#8243; _builder_version=\u00bb4.27.2&#8243; _module_preset=\u00bbdefault\u00bb background_enable_color=\u00bboff\u00bb use_background_color_gradient=\u00bbon\u00bb background_color_gradient_direction=\u00bb181deg\u00bb background_color_gradient_stops=\u00bb#ff32ff 0%|#0a0402 71%\u00bb custom_padding=\u00bb1px||10px|||\u00bb da_disable_devices=\u00bboff|off|off\u00bb global_colors_info=\u00bb{}\u00bb da_is_popup=\u00bboff\u00bb da_exit_intent=\u00bboff\u00bb da_has_close=\u00bbon\u00bb da_alt_close=\u00bboff\u00bb da_dark_close=\u00bboff\u00bb da_not_modal=\u00bbon\u00bb da_is_singular=\u00bboff\u00bb da_with_loader=\u00bboff\u00bb da_has_shadow=\u00bbon\u00bb][et_pb_row _builder_version=\u00bb4.21.0&#8243; _module_preset=\u00bbdefault\u00bb global_colors_info=\u00bb{}\u00bb custom_padding=\u00bb108px|||||\u00bb][et_pb_column type=\u00bb4_4&#8243; _builder_version=\u00bb4.21.0&#8243; _module_preset=\u00bbdefault\u00bb global_colors_info=\u00bb{}\u00bb][et_pb_video src=\u00bbhttps:\/\/www.youtube.com\/watch?v=AopkfA-cBOo&#038;ab_channel=Expografika\u00bb _builder_version=\u00bb4.27.2&#8243; _module_preset=\u00bbdefault\u00bb global_colors_info=\u00bb{}\u00bb][\/et_pb_video][\/et_pb_column][\/et_pb_row][\/et_pb_section][et_pb_section fb_built=\u00bb1&#8243; inner_shadow=\u00bbon\u00bb _builder_version=\u00bb4.27.2&#8243; background_color=\u00bb#000000&#8243; background_enable_image=\u00bboff\u00bb parallax=\u00bbon\u00bb background_blend=\u00bbhard-light\u00bb da_disable_devices=\u00bboff|off|off\u00bb global_colors_info=\u00bb{}\u00bb da_is_popup=\u00bboff\u00bb da_exit_intent=\u00bboff\u00bb da_has_close=\u00bbon\u00bb da_alt_close=\u00bboff\u00bb da_dark_close=\u00bboff\u00bb da_not_modal=\u00bbon\u00bb da_is_singular=\u00bboff\u00bb da_with_loader=\u00bboff\u00bb da_has_shadow=\u00bbon\u00bb][et_pb_row _builder_version=\u00bb4.16&#8243; global_colors_info=\u00bb{}\u00bb][et_pb_column type=\u00bb4_4&#8243; _builder_version=\u00bb4.16&#8243; global_colors_info=\u00bb{}\u00bb][et_pb_text _builder_version=\u00bb4.27.2&#8243; header_2_text_align=\u00bbcenter\u00bb header_2_text_color=\u00bb#ffffff\u00bb global_colors_info=\u00bb{}\u00bb]<\/p>\n<h2 style=\"text-align: center;\">ALGUNOS NUMEROS DE LA \u00daTIMA EDICI\u00d3N EN EL COSTA SALGUERO 2024<\/h2>\n<p>[\/et_pb_text][\/et_pb_column][\/et_pb_row][et_pb_row column_structure=\u00bb1_3,1_3,1_3&#8243; _builder_version=\u00bb4.16&#8243; global_colors_info=\u00bb{}\u00bb][et_pb_column type=\u00bb1_3&#8243; _builder_version=\u00bb4.16&#8243; global_colors_info=\u00bb{}\u00bb][et_pb_circle_counter title=\u00bbVisitantes\u00bb number=\u00bb+20000&#8243; percent_sign=\u00bboff\u00bb bar_bg_color=\u00bb#f20eea\u00bb circle_color=\u00bb#e02b20&#8243; circle_color_alpha=\u00bb0.6&#8243; _builder_version=\u00bb4.27.2&#8243; background_layout=\u00bbdark\u00bb animation_style=\u00bbzoom\u00bb number_text_shadow_style=\u00bbpreset1&#8243; global_colors_info=\u00bb{}\u00bb][\/et_pb_circle_counter][\/et_pb_column][et_pb_column type=\u00bb1_3&#8243; _builder_version=\u00bb4.16&#8243; global_colors_info=\u00bb{}\u00bb][et_pb_circle_counter title=\u00bbM2 superficie de exposici\u00f3n\u00bb number=\u00bb10000&#8243; percent_sign=\u00bboff\u00bb bar_bg_color=\u00bb#edf000&#8243; circle_color=\u00bb#ffffff\u00bb circle_color_alpha=\u00bb0.6&#8243; _builder_version=\u00bb4.27.2&#8243; background_layout=\u00bbdark\u00bb animation_style=\u00bbzoom\u00bb number_text_shadow_style=\u00bbpreset1&#8243; global_colors_info=\u00bb{}\u00bb][\/et_pb_circle_counter][\/et_pb_column][et_pb_column type=\u00bb1_3&#8243; _builder_version=\u00bb4.16&#8243; global_colors_info=\u00bb{}\u00bb][et_pb_circle_counter title=\u00bbEmpresas participantes\u00bb number=\u00bb100&#8243; percent_sign=\u00bboff\u00bb bar_bg_color=\u00bb#ffffff\u00bb circle_color=\u00bb#ffffff\u00bb circle_color_alpha=\u00bb0.6&#8243; _builder_version=\u00bb4.27.2&#8243; background_layout=\u00bbdark\u00bb animation_style=\u00bbzoom\u00bb number_text_shadow_style=\u00bbpreset1&#8243; global_colors_info=\u00bb{}\u00bb][\/et_pb_circle_counter][\/et_pb_column][\/et_pb_row][\/et_pb_section][et_pb_section fb_built=\u00bb1&#8243; _builder_version=\u00bb4.21.0&#8243; _module_preset=\u00bbdefault\u00bb background_enable_image=\u00bboff\u00bb background_size=\u00bbcontain\u00bb background_position=\u00bbbottom_right\u00bb custom_padding=\u00bb25px|||||\u00bb da_disable_devices=\u00bboff|off|off\u00bb global_colors_info=\u00bb{}\u00bb da_is_popup=\u00bboff\u00bb da_exit_intent=\u00bboff\u00bb da_has_close=\u00bbon\u00bb da_alt_close=\u00bboff\u00bb da_dark_close=\u00bboff\u00bb da_not_modal=\u00bbon\u00bb da_is_singular=\u00bboff\u00bb da_with_loader=\u00bboff\u00bb da_has_shadow=\u00bbon\u00bb][et_pb_row module_id=\u00bbfotosexpo2023&#8243; _builder_version=\u00bb4.21.0&#8243; _module_preset=\u00bbdefault\u00bb global_colors_info=\u00bb{}\u00bb][et_pb_column type=\u00bb4_4&#8243; _builder_version=\u00bb4.21.0&#8243; _module_preset=\u00bbdefault\u00bb global_colors_info=\u00bb{}\u00bb][et_pb_gallery posts_number=\u00bb84&#8243; _builder_version=\u00bb4.27.2&#8243; _module_preset=\u00bbdefault\u00bb hover_enabled=\u00bb0&#8243; global_colors_info=\u00bb{}\u00bb sticky_enabled=\u00bb0&#8243; gallery_ids=\u00bb23901,23900,23898,23897,23893,23892,23891,23890,23889,23888,23887,23886,23885,23883,23881,23880,23873,23872,23871,23870,23869,23865,23864,23863,23862,23861,23859,23858,23857,23856,23854,23853,23852,23850,23849,23848,23847,23846,23845,23842,23841,23840,23839,23838,23837,23836,23835,23834,23833,23832,23831,23830,23828,23827,23826,23825,23824,23823,23822,23820,23818,23817,23816,23814,23813,23812,23811,23810,23809,23808,23807,23806,23805,23804,23803,23801,23800,23798,23797,23796,23795,23794,23793,23792&#8243; show_title_and_caption=\u00bboff\u00bb show_pagination=\u00bboff\u00bb][\/et_pb_gallery][\/et_pb_column][\/et_pb_row][et_pb_row module_id=\u00bbplanoexpo2023&#8243; _builder_version=\u00bb4.21.0&#8243; _module_preset=\u00bbdefault\u00bb global_colors_info=\u00bb{}\u00bb][et_pb_column type=\u00bb4_4&#8243; _builder_version=\u00bb4.21.0&#8243; _module_preset=\u00bbdefault\u00bb global_colors_info=\u00bb{}\u00bb][et_pb_image src=\u00bbhttp:\/\/expografika.com\/n\/wp-content\/uploads\/2024\/10\/plano-2024-4.jpg\u00bb title_text=\u00bbplano 2024&#8243; _builder_version=\u00bb4.27.2&#8243; _module_preset=\u00bbdefault\u00bb global_colors_info=\u00bb{}\u00bb][\/et_pb_image][\/et_pb_column][\/et_pb_row][\/et_pb_section][et_pb_section fb_built=\u00bb1&#8243; fullwidth=\u00bbon\u00bb _builder_version=\u00bb4.21.0&#8243; _module_preset=\u00bbdefault\u00bb da_disable_devices=\u00bboff|off|off\u00bb global_colors_info=\u00bb{}\u00bb da_is_popup=\u00bboff\u00bb da_exit_intent=\u00bboff\u00bb da_has_close=\u00bbon\u00bb da_alt_close=\u00bboff\u00bb da_dark_close=\u00bboff\u00bb da_not_modal=\u00bbon\u00bb da_is_singular=\u00bboff\u00bb da_with_loader=\u00bboff\u00bb da_has_shadow=\u00bbon\u00bb][\/et_pb_section]<\/p>\n","protected":false},"excerpt":{"rendered":"<p>Expografika 2024 &nbsp; El 24, 25 y 26 de Octubre de 2024 se celebr\u00f3 en Buenos Aires la exposici\u00f3n Expografika 2024, un evento que reuni\u00f3 a los mejores profesionales y empresas del sector gr\u00e1fico. Agradecemos a todos los que hicieron posible este encuentro: a los expositores, que trajeron su mejor material y atendieron cordialmente a [&hellip;]<\/p>\n","protected":false},"author":6,"featured_media":0,"parent":0,"menu_order":0,"comment_status":"closed","ping_status":"closed","template":"","meta":{"_et_pb_use_builder":"on","_et_pb_old_content":"","_et_gb_content_width":"","_joinchat":[],"footnotes":""},"class_list":["post-23775","page","type-page","status-publish","hentry"],"aioseo_notices":[],"_links":{"self":[{"href":"https:\/\/expografika.com\/n\/wp-json\/wp\/v2\/pages\/23775","targetHints":{"allow":["GET"]}}],"collection":[{"href":"https:\/\/expografika.com\/n\/wp-json\/wp\/v2\/pages"}],"about":[{"href":"https:\/\/expografika.com\/n\/wp-json\/wp\/v2\/types\/page"}],"author":[{"embeddable":true,"href":"https:\/\/expografika.com\/n\/wp-json\/wp\/v2\/users\/6"}],"replies":[{"embeddable":true,"href":"https:\/\/expografika.com\/n\/wp-json\/wp\/v2\/comments?post=23775"}],"version-history":[{"count":4,"href":"https:\/\/expografika.com\/n\/wp-json\/wp\/v2\/pages\/23775\/revisions"}],"predecessor-version":[{"id":23902,"href":"https:\/\/expografika.com\/n\/wp-json\/wp\/v2\/pages\/23775\/revisions\/23902"}],"wp:attachment":[{"href":"https:\/\/expografika.com\/n\/wp-json\/wp\/v2\/media?parent=23775"}],"curies":[{"name":"wp","href":"https:\/\/api.w.org\/{rel}","templated":true}]}}