{"id":26432,"date":"2025-10-16T09:12:49","date_gmt":"2025-10-16T12:12:49","guid":{"rendered":"https:\/\/expografika.com\/n\/?page_id=26432"},"modified":"2025-10-16T09:56:56","modified_gmt":"2025-10-16T12:56:56","slug":"un-poco-de-expografika-2025","status":"publish","type":"page","link":"https:\/\/expografika.com\/n\/un-poco-de-expografika-2025\/","title":{"rendered":"un poco de expografika 2025"},"content":{"rendered":"<p>[et_pb_section fb_built=\u00bb1&#8243; _builder_version=\u00bb4.27.2&#8243; _module_preset=\u00bbdefault\u00bb use_background_color_gradient=\u00bbon\u00bb background_color_gradient_direction=\u00bb235deg\u00bb background_color_gradient_stops=\u00bb#fffb35 0%|#30d8f2 9%|#ffffff 18%\u00bb background_enable_image=\u00bboff\u00bb background_size=\u00bbcontain\u00bb background_position=\u00bbtop_left\u00bb background_last_edited=\u00bboff|tablet\u00bb background_image_phone=\u00bbhttp:\/\/expografika.com\/n\/wp-content\/uploads\/2023\/06\/fondo-1.png\u00bb background_enable_image_tablet=\u00bboff\u00bb background_enable_image_phone=\u00bbon\u00bb background_size_phone=\u00bbcontain\u00bb background_position_phone=\u00bbtop_center\u00bb global_colors_info=\u00bb{}\u00bb][et_pb_row _builder_version=\u00bb4.27.2&#8243; _module_preset=\u00bbdefault\u00bb global_colors_info=\u00bb{}\u00bb column_structure=\u00bb1_3,2_3&#8243;][et_pb_column type=\u00bb1_3&#8243; _builder_version=\u00bb4.21.0&#8243; _module_preset=\u00bbdefault\u00bb global_colors_info=\u00bb{}\u00bb][et_pb_image src=\u00bbhttp:\/\/expografika.com\/n\/wp-content\/uploads\/2025\/10\/WhatsApp-Image-2025-10-16-at-9.38.34-AM.jpeg\u00bb _builder_version=\u00bb4.27.4&#8243; _module_preset=\u00bbdefault\u00bb title_text=\u00bbWhatsApp Image 2025-10-16 at 9.38.34 AM\u00bb hover_enabled=\u00bb0&#8243; sticky_enabled=\u00bb0&#8243;][\/et_pb_image][\/et_pb_column][et_pb_column type=\u00bb2_3&#8243; _builder_version=\u00bb4.21.0&#8243; _module_preset=\u00bbdefault\u00bb global_colors_info=\u00bb{}\u00bb][et_pb_text _builder_version=\u00bb4.27.4&#8243; _module_preset=\u00bbdefault\u00bb width=\u00bb100%\u00bb module_alignment=\u00bbcenter\u00bb custom_margin=\u00bb47px||16px|-117px||\u00bb global_colors_info=\u00bb{}\u00bb]<\/p>\n<h2>Expografika 2025<\/h2>\n<p>&nbsp;<\/p>\n<p data-start=\"143\" data-end=\"200\"><strong data-start=\"143\" data-end=\"198\">\u00a1Gracias por ser parte de Expogr\u00e1fika Neuqu\u00e9n 2025!<\/strong><\/p>\n<p data-start=\"202\" data-end=\"427\">Del 9 al 11 de octubre vivimos tres jornadas incre\u00edbles en el Espacio Duam, donde m\u00e1s de <strong data-start=\"291\" data-end=\"309\">50 expositores<\/strong> y <strong data-start=\"312\" data-end=\"324\">6 cursos<\/strong> \u2014gratuitos y pagos\u2014 reunieron a los mejores profesionales, empresas y referentes del sector gr\u00e1fico.<\/p>\n<p data-start=\"429\" data-end=\"711\">Desde la organizaci\u00f3n queremos agradecer a cada expositor, visitante, disertante y colaborador que hizo posible esta edici\u00f3n. Gracias por acompa\u00f1arnos, por compartir conocimientos, por inspirar y por ser parte de esta gran comunidad que sigue haciendo crecer la industria gr\u00e1fica.<\/p>\n<p data-start=\"713\" data-end=\"858\">Nos despedimos de Neuqu\u00e9n con enorme satisfacci\u00f3n y entusiasmo\u2026 \u00a1y ya empezamos a prepararnos para reencontrarnos en <strong data-start=\"830\" data-end=\"855\">Buenos Aires, en 2026<\/strong>!<\/p>\n<p><strong>Hector Palermo Organizador de Expografika<\/strong><\/p>\n<p>[\/et_pb_text][\/et_pb_column][\/et_pb_row][\/et_pb_section][et_pb_section fb_built=\u00bb1&#8243; _builder_version=\u00bb4.27.2&#8243; _module_preset=\u00bbdefault\u00bb background_enable_color=\u00bboff\u00bb use_background_color_gradient=\u00bbon\u00bb background_color_gradient_direction=\u00bb181deg\u00bb background_color_gradient_stops=\u00bb#ff32ff 0%|#0a0402 71%\u00bb custom_padding=\u00bb1px||10px|||\u00bb global_colors_info=\u00bb{}\u00bb][et_pb_row column_structure=\u00bb1_2,1_2&#8243; _builder_version=\u00bb4.21.0&#8243; _module_preset=\u00bbdefault\u00bb custom_padding=\u00bb108px|||||\u00bb global_colors_info=\u00bb{}\u00bb][et_pb_column type=\u00bb1_2&#8243; _builder_version=\u00bb4.21.0&#8243; _module_preset=\u00bbdefault\u00bb global_colors_info=\u00bb{}\u00bb][et_pb_video src=\u00bbhttp:\/\/expografika.com\/n\/wp-content\/uploads\/2025\/10\/lv_0_20251013112412-1.mp4&#8243; _builder_version=\u00bb4.27.4&#8243; _module_preset=\u00bbdefault\u00bb global_colors_info=\u00bb{}\u00bb][\/et_pb_video][\/et_pb_column][et_pb_column type=\u00bb1_2&#8243; _builder_version=\u00bb4.21.0&#8243; _module_preset=\u00bbdefault\u00bb global_colors_info=\u00bb{}\u00bb][et_pb_video src=\u00bbhttp:\/\/expografika.com\/n\/wp-content\/uploads\/2025\/10\/WhatsApp-Video-2025-10-13-at-12.48.49-PM.mp4&#8243; _builder_version=\u00bb4.27.4&#8243; _module_preset=\u00bbdefault\u00bb global_colors_info=\u00bb{}\u00bb][\/et_pb_video][\/et_pb_column][\/et_pb_row][\/et_pb_section][et_pb_section fb_built=\u00bb1&#8243; _builder_version=\u00bb4.27.4&#8243; _module_preset=\u00bbdefault\u00bb global_colors_info=\u00bb{}\u00bb][et_pb_row _builder_version=\u00bb4.16&#8243; global_colors_info=\u00bb{}\u00bb][et_pb_column type=\u00bb4_4&#8243; _builder_version=\u00bb4.16&#8243; global_colors_info=\u00bb{}\u00bb][et_pb_text _builder_version=\u00bb4.27.4&#8243; text_text_color=\u00bb#0a0a0a\u00bb header_2_text_align=\u00bbcenter\u00bb header_2_text_color=\u00bb#0a0a0a\u00bb global_colors_info=\u00bb{}\u00bb]<\/p>\n<h2 style=\"text-align: center;\">CURSOS Y CHARLAS QUE BRINDAMOS EN LA EXPO<\/h2>\n<p>[\/et_pb_text][\/et_pb_column][\/et_pb_row][et_pb_row column_structure=\u00bb1_4,1_4,1_4,1_4&#8243; _builder_version=\u00bb4.27.4&#8243; _module_preset=\u00bbdefault\u00bb global_colors_info=\u00bb{}\u00bb][et_pb_column type=\u00bb1_4&#8243; _builder_version=\u00bb4.27.4&#8243; _module_preset=\u00bbdefault\u00bb global_colors_info=\u00bb{}\u00bb][et_pb_image src=\u00bbhttp:\/\/expografika.com\/n\/wp-content\/uploads\/2025\/08\/curso-cnc_1.jpg\u00bb title_text=\u00bbcurso cnc_1&#8243; _builder_version=\u00bb4.27.4&#8243; _module_preset=\u00bbdefault\u00bb global_colors_info=\u00bb{}\u00bb][\/et_pb_image][\/et_pb_column][et_pb_column type=\u00bb1_4&#8243; _builder_version=\u00bb4.27.4&#8243; _module_preset=\u00bbdefault\u00bb global_colors_info=\u00bb{}\u00bb][et_pb_image src=\u00bbhttp:\/\/expografika.com\/n\/wp-content\/uploads\/2025\/08\/car-wrapping-img.jpg\u00bb title_text=\u00bbcar wrapping img\u00bb _builder_version=\u00bb4.27.4&#8243; _module_preset=\u00bbdefault\u00bb global_colors_info=\u00bb{}\u00bb][\/et_pb_image][\/et_pb_column][et_pb_column type=\u00bb1_4&#8243; _builder_version=\u00bb4.27.4&#8243; _module_preset=\u00bbdefault\u00bb global_colors_info=\u00bb{}\u00bb][et_pb_image src=\u00bbhttp:\/\/expografika.com\/n\/wp-content\/uploads\/2025\/08\/SUBLIMACION-Y-DTF-.jpg\u00bb title_text=\u00bbSUBLIMACION Y DTF\u00bb _builder_version=\u00bb4.27.4&#8243; _module_preset=\u00bbdefault\u00bb global_colors_info=\u00bb{}\u00bb][\/et_pb_image][\/et_pb_column][et_pb_column type=\u00bb1_4&#8243; _builder_version=\u00bb4.27.4&#8243; _module_preset=\u00bbdefault\u00bb global_colors_info=\u00bb{}\u00bb][et_pb_image src=\u00bbhttp:\/\/expografika.com\/n\/wp-content\/uploads\/2025\/09\/curso-empresndedores.jpg\u00bb title_text=\u00bbcurso empresndedores\u00bb _builder_version=\u00bb4.27.4&#8243; _module_preset=\u00bbdefault\u00bb global_colors_info=\u00bb{}\u00bb][\/et_pb_image][\/et_pb_column][\/et_pb_row][et_pb_row column_structure=\u00bb1_4,1_4,1_4,1_4&#8243; _builder_version=\u00bb4.27.4&#8243; _module_preset=\u00bbdefault\u00bb custom_margin=\u00bb|50px|||false|false\u00bb custom_padding=\u00bb||||false|false\u00bb global_colors_info=\u00bb{}\u00bb][et_pb_column type=\u00bb1_4&#8243; _builder_version=\u00bb4.27.4&#8243; _module_preset=\u00bbdefault\u00bb global_colors_info=\u00bb{}\u00bb][et_pb_image src=\u00bbhttp:\/\/expografika.com\/n\/wp-content\/uploads\/2025\/09\/IMPRESION-3D.jpg\u00bb title_text=\u00bbIMPRESION 3D\u00bb _builder_version=\u00bb4.27.4&#8243; _module_preset=\u00bbdefault\u00bb global_colors_info=\u00bb{}\u00bb][\/et_pb_image][\/et_pb_column][et_pb_column type=\u00bb1_4&#8243; _builder_version=\u00bb4.27.4&#8243; _module_preset=\u00bbdefault\u00bb global_colors_info=\u00bb{}\u00bb][et_pb_image src=\u00bbhttp:\/\/expografika.com\/n\/wp-content\/uploads\/2025\/09\/MARKETING-Y-VENTAS.jpg\u00bb title_text=\u00bbMARKETING Y VENTAS\u00bb _builder_version=\u00bb4.27.4&#8243; _module_preset=\u00bbdefault\u00bb global_colors_info=\u00bb{}\u00bb][\/et_pb_image][\/et_pb_column][et_pb_column type=\u00bb1_4&#8243; _builder_version=\u00bb4.27.4&#8243; _module_preset=\u00bbdefault\u00bb global_colors_info=\u00bb{}\u00bb][et_pb_image src=\u00bbhttp:\/\/expografika.com\/n\/wp-content\/uploads\/2025\/09\/DISENO-3D.jpg\u00bb title_text=\u00bbDISEN\u0303O 3D\u00bb _builder_version=\u00bb4.27.4&#8243; _module_preset=\u00bbdefault\u00bb global_colors_info=\u00bb{}\u00bb][\/et_pb_image][\/et_pb_column][et_pb_column type=\u00bb1_4&#8243; _builder_version=\u00bb4.27.4&#8243; _module_preset=\u00bbdefault\u00bb global_colors_info=\u00bb{}\u00bb][\/et_pb_column][\/et_pb_row][\/et_pb_section][et_pb_section fb_built=\u00bb1&#8243; inner_shadow=\u00bbon\u00bb _builder_version=\u00bb4.27.2&#8243; background_color=\u00bb#000000&#8243; background_enable_image=\u00bboff\u00bb parallax=\u00bbon\u00bb background_blend=\u00bbhard-light\u00bb global_colors_info=\u00bb{}\u00bb][et_pb_row _builder_version=\u00bb4.16&#8243; global_colors_info=\u00bb{}\u00bb][et_pb_column type=\u00bb4_4&#8243; _builder_version=\u00bb4.16&#8243; global_colors_info=\u00bb{}\u00bb][et_pb_text _builder_version=\u00bb4.27.4&#8243; header_2_text_align=\u00bbcenter\u00bb header_2_text_color=\u00bb#ffffff\u00bb global_colors_info=\u00bb{}\u00bb]<\/p>\n<h2 style=\"text-align: center;\">ALGUNOS NUMEROS DE LA \u00daTIMA EDICI\u00d3N EN ESPACIO DUAM, NEUQUEN<\/h2>\n<p>[\/et_pb_text][\/et_pb_column][\/et_pb_row][et_pb_row column_structure=\u00bb1_3,1_3,1_3&#8243; _builder_version=\u00bb4.16&#8243; global_colors_info=\u00bb{}\u00bb][et_pb_column type=\u00bb1_3&#8243; _builder_version=\u00bb4.16&#8243; global_colors_info=\u00bb{}\u00bb][et_pb_circle_counter title=\u00bbVisitantes\u00bb number=\u00bb+15000&#8243; percent_sign=\u00bboff\u00bb bar_bg_color=\u00bb#f20eea\u00bb circle_color=\u00bb#e02b20&#8243; circle_color_alpha=\u00bb0.6&#8243; _builder_version=\u00bb4.27.4&#8243; background_layout=\u00bbdark\u00bb animation_style=\u00bbzoom\u00bb number_text_shadow_style=\u00bbpreset1&#8243; global_colors_info=\u00bb{}\u00bb][\/et_pb_circle_counter][\/et_pb_column][et_pb_column type=\u00bb1_3&#8243; _builder_version=\u00bb4.16&#8243; global_colors_info=\u00bb{}\u00bb][et_pb_circle_counter title=\u00bbM2 superficie de exposici\u00f3n\u00bb number=\u00bb5000&#8243; percent_sign=\u00bboff\u00bb bar_bg_color=\u00bb#edf000&#8243; circle_color=\u00bb#ffffff\u00bb circle_color_alpha=\u00bb0.6&#8243; _builder_version=\u00bb4.27.4&#8243; background_layout=\u00bbdark\u00bb animation_style=\u00bbzoom\u00bb number_text_shadow_style=\u00bbpreset1&#8243; global_colors_info=\u00bb{}\u00bb][\/et_pb_circle_counter][\/et_pb_column][et_pb_column type=\u00bb1_3&#8243; _builder_version=\u00bb4.16&#8243; global_colors_info=\u00bb{}\u00bb][et_pb_circle_counter title=\u00bbEmpresas participantes\u00bb number=\u00bb50&#8243; percent_sign=\u00bboff\u00bb bar_bg_color=\u00bb#ffffff\u00bb circle_color=\u00bb#ffffff\u00bb circle_color_alpha=\u00bb0.6&#8243; _builder_version=\u00bb4.27.4&#8243; background_layout=\u00bbdark\u00bb animation_style=\u00bbzoom\u00bb number_text_shadow_style=\u00bbpreset1&#8243; global_colors_info=\u00bb{}\u00bb][\/et_pb_circle_counter][\/et_pb_column][\/et_pb_row][\/et_pb_section][et_pb_section fb_built=\u00bb1&#8243; _builder_version=\u00bb4.21.0&#8243; _module_preset=\u00bbdefault\u00bb background_enable_image=\u00bboff\u00bb background_size=\u00bbcontain\u00bb background_position=\u00bbbottom_right\u00bb custom_padding=\u00bb25px|||||\u00bb global_colors_info=\u00bb{}\u00bb][et_pb_row module_id=\u00bbplanoexpo2023&#8243; _builder_version=\u00bb4.21.0&#8243; _module_preset=\u00bbdefault\u00bb global_colors_info=\u00bb{}\u00bb][et_pb_column type=\u00bb4_4&#8243; _builder_version=\u00bb4.21.0&#8243; _module_preset=\u00bbdefault\u00bb global_colors_info=\u00bb{}\u00bb][et_pb_image src=\u00bbhttp:\/\/expografika.com\/n\/wp-content\/uploads\/2025\/09\/PLANO-expo2025-neuquen-1-scaled.jpg\u00bb title_text=\u00bbPLANO expo2025-neuquen\u00bb _builder_version=\u00bb4.27.4&#8243; _module_preset=\u00bbdefault\u00bb global_colors_info=\u00bb{}\u00bb][\/et_pb_image][\/et_pb_column][\/et_pb_row][\/et_pb_section][et_pb_section fb_built=\u00bb1&#8243; fullwidth=\u00bbon\u00bb _builder_version=\u00bb4.21.0&#8243; _module_preset=\u00bbdefault\u00bb global_colors_info=\u00bb{}\u00bb][\/et_pb_section]<\/p>\n","protected":false},"excerpt":{"rendered":"<p>Expografika 2025 &nbsp; \u00a1Gracias por ser parte de Expogr\u00e1fika Neuqu\u00e9n 2025! Del 9 al 11 de octubre vivimos tres jornadas incre\u00edbles en el Espacio Duam, donde m\u00e1s de 50 expositores y 6 cursos \u2014gratuitos y pagos\u2014 reunieron a los mejores profesionales, empresas y referentes del sector gr\u00e1fico. Desde la organizaci\u00f3n queremos agradecer a cada expositor, [&hellip;]<\/p>\n","protected":false},"author":6,"featured_media":0,"parent":0,"menu_order":0,"comment_status":"closed","ping_status":"closed","template":"","meta":{"_et_pb_use_builder":"on","_et_pb_old_content":"","_et_gb_content_width":"","_joinchat":[],"footnotes":""},"class_list":["post-26432","page","type-page","status-publish","hentry"],"aioseo_notices":[],"_links":{"self":[{"href":"https:\/\/expografika.com\/n\/wp-json\/wp\/v2\/pages\/26432","targetHints":{"allow":["GET"]}}],"collection":[{"href":"https:\/\/expografika.com\/n\/wp-json\/wp\/v2\/pages"}],"about":[{"href":"https:\/\/expografika.com\/n\/wp-json\/wp\/v2\/types\/page"}],"author":[{"embeddable":true,"href":"https:\/\/expografika.com\/n\/wp-json\/wp\/v2\/users\/6"}],"replies":[{"embeddable":true,"href":"https:\/\/expografika.com\/n\/wp-json\/wp\/v2\/comments?post=26432"}],"version-history":[{"count":6,"href":"https:\/\/expografika.com\/n\/wp-json\/wp\/v2\/pages\/26432\/revisions"}],"predecessor-version":[{"id":26447,"href":"https:\/\/expografika.com\/n\/wp-json\/wp\/v2\/pages\/26432\/revisions\/26447"}],"wp:attachment":[{"href":"https:\/\/expografika.com\/n\/wp-json\/wp\/v2\/media?parent=26432"}],"curies":[{"name":"wp","href":"https:\/\/api.w.org\/{rel}","templated":true}]}}