{"id":2775,"date":"2017-11-17T15:29:10","date_gmt":"2017-11-17T15:29:10","guid":{"rendered":"http:\/\/expografika.com\/n\/?page_id=2775"},"modified":"2017-11-22T10:11:29","modified_gmt":"2017-11-22T13:11:29","slug":"expografika-17","status":"publish","type":"page","link":"https:\/\/expografika.com\/n\/2017-2\/expografika-17\/","title":{"rendered":"Expografika 17"},"content":{"rendered":"<p><a name=\"cifras\"><\/a><\/p>\n<h2>En Cifras<\/h2>\n<p>Expogr\u00e1\ufb01ka 2017 (La Rural)<br \/>\n<img loading=\"lazy\" decoding=\"async\" class=\"aligncenter size-full wp-image-2776\" src=\"http:\/\/expografika.com\/n\/wp-content\/uploads\/2017\/11\/2017_encifras.jpg\" alt=\"\" width=\"708\" height=\"181\" \/><\/p>\n<hr \/>\n<p>Durante los d\u00edas, 19 al 21 de Octubre la actividad del sector gr\u00e1fico se visti\u00f3 de fiesta en el\u00a0Predio Ferial La Rural donde se realiz\u00f3 Expogr\u00e1fika 17, la XV Feria internacional de la\u00a0industria gr\u00e1fica.<br \/>\nCon m\u00e1s de 200 empresas participantes tanto nacionales como internacionales, se\u00a0presentaron muchas novedades, productos y servicios de todos los rubros vinculados a la\u00a0industria gr\u00e1fica.<br \/>\nM\u00e1s de 20.000 visitantes recorrieron los casi 20.000 m2 de superficie de exposici\u00f3n en\u00a0busca de las mejores soluciones y equipamiento para el desarrollo de sus actividades.<br \/>\nLas empresas participantes mostraron sus \u00faltimos lanzamientos; atadoras, aspiradoras de\u00a0toner, equipos de impresi\u00f3n y terminaci\u00f3n, entre otras novedades.<br \/>\nA su vez, en esta edici\u00f3n de Expografika, se llev\u00f3 a cabo la primer WrapCup Argentina en\u00a0la que participaron 16 equipos, consagr\u00e1ndose ganador Juan Frank con un jurado de lujo:\u00a0Rafael Mu\u00f1oz Morales (Forma parte del selecto grupo de instaladores MOB)<br \/>\nExpografika cont\u00f3 como siempre con charlas y conferencias, y en esta ocasi\u00f3n tambi\u00e9n se\u00a0realizaron Ruedas de negocios en donde las distintas empresas pudieron contactarse y\u00a0generar nuevos lazos y alianzas estrat\u00e9gicas.<br \/>\nPero en Expografika se trabaja todo el a\u00f1o, por eso Hector Palermo y su equipo asesora y\u00a0acompa\u00f1a a fabricantes argentinos de m\u00e1quinas gr\u00e1ficas a ofrecer sus productos en ferias\u00a0internacionales, como son Graphics of the Americas en Florida Estados Unidos en el mes\u00a0de Febrero y Expoprint en San Pablo Brasil en el mes de Marzo. Para los empresarios\u00a0interesados en participar se ofrecen importantes subsidios.<br \/>\nCabe destacar que debido al \u00e9xito de Expogr\u00e1fika 17 y en el continuo af\u00e1n de seguir\u00a0creciendo, el a\u00f1o entrante se realizaran dos nuevas ediciones; una en Junio en Buenos Aires\u00a0y una regional en Septiembre en la provincia de Mendoza.<\/p>\n<hr class=\"hr-internas\" \/>\n<div>\u00a0[mt_gallery type=\u00bbstandard\u00bb ids=\u00bb2455,\u00a02450,2447,2437,2487,2444&#8243;]<\/div>\n<div>\n<p><a href=\"http:\/\/expografika.com\/n\/es\/2017-2\/galeria-2017\/\">VER GALER\u00cdA COMPLETA<\/a><\/p>\n<hr class=\"hr-internas\" \/>\n<p><iframe loading=\"lazy\" src=\"https:\/\/www.youtube.com\/embed\/ytFWXFrJkqc\" width=\"560\" height=\"315\" frameborder=\"0\" allowfullscreen=\"allowfullscreen\"><\/iframe><\/p>\n<h2><\/h2>\n<h2>Empresas participantes<\/h2>\n<div class=\"et_pb_slider et_pb_slider_fullwidth_off et_pb_gallery_post_type\">\n\t\t\t\t<div class=\"et_pb_slides\">\n\t\t\t\t\t<div class=\"et_pb_slide\" style=\"background: url(https:\/\/expografika.com\/n\/wp-content\/uploads\/2016\/11\/almi.jpg);\"><\/div><div class=\"et_pb_slide\" style=\"background: url(https:\/\/expografika.com\/n\/wp-content\/uploads\/2016\/11\/ambart.jpg);\"><\/div><div class=\"et_pb_slide\" style=\"background: url(https:\/\/expografika.com\/n\/wp-content\/uploads\/2016\/11\/american-coffee.jpg);\"><\/div><div class=\"et_pb_slide\" style=\"background: url(https:\/\/expografika.com\/n\/wp-content\/uploads\/2016\/11\/american-vart.jpg);\"><\/div><div class=\"et_pb_slide\" style=\"background: url(https:\/\/expografika.com\/n\/wp-content\/uploads\/2016\/11\/arq-trading.jpg);\"><\/div><div class=\"et_pb_slide\" style=\"background: url(https:\/\/expografika.com\/n\/wp-content\/uploads\/2016\/11\/archivos-activos1.jpg);\"><\/div><div class=\"et_pb_slide\" style=\"background: url(https:\/\/expografika.com\/n\/wp-content\/uploads\/2016\/11\/LOGO_ASL.jpg);\"><\/div><div class=\"et_pb_slide\" style=\"background: url(https:\/\/expografika.com\/n\/wp-content\/uploads\/2016\/11\/atawallpa.jpg);\"><\/div><div class=\"et_pb_slide\" style=\"background: url(https:\/\/expografika.com\/n\/wp-content\/uploads\/2016\/11\/az-graphics.jpg);\"><\/div><div class=\"et_pb_slide\" style=\"background: url(https:\/\/expografika.com\/n\/wp-content\/uploads\/2016\/11\/baires_pack1.jpg);\"><\/div><div class=\"et_pb_slide\" style=\"background: url(https:\/\/expografika.com\/n\/wp-content\/uploads\/2016\/11\/balbert.jpg);\"><\/div><div class=\"et_pb_slide\" style=\"background: url(https:\/\/expografika.com\/n\/wp-content\/uploads\/2016\/11\/bono.jpg);\"><\/div><div class=\"et_pb_slide\" style=\"background: url(https:\/\/expografika.com\/n\/wp-content\/uploads\/2016\/11\/brother-1.jpg);\"><\/div><div class=\"et_pb_slide\" style=\"background: url(https:\/\/expografika.com\/n\/wp-content\/uploads\/2016\/11\/caega.jpg);\"><\/div><div class=\"et_pb_slide\" style=\"background: url(https:\/\/expografika.com\/n\/wp-content\/uploads\/2016\/11\/camara-argentina-de-3d.jpg);\"><\/div><div class=\"et_pb_slide\" style=\"background: url(https:\/\/expografika.com\/n\/wp-content\/uploads\/2016\/11\/caife1.jpg);\"><\/div><div class=\"et_pb_slide\" style=\"background: url(https:\/\/expografika.com\/n\/wp-content\/uploads\/2016\/11\/came.jpg);\"><\/div><div class=\"et_pb_slide\" style=\"background: url(https:\/\/expografika.com\/n\/wp-content\/uploads\/2016\/11\/camoca-1.jpg);\"><\/div><div class=\"et_pb_slide\" style=\"background: url(https:\/\/expografika.com\/n\/wp-content\/uploads\/2016\/11\/cbc.jpg);\"><\/div><div class=\"et_pb_slide\" style=\"background: url(https:\/\/expografika.com\/n\/wp-content\/uploads\/2016\/11\/casa_sanchez1.jpg);\"><\/div><div class=\"et_pb_slide\" style=\"background: url(https:\/\/expografika.com\/n\/wp-content\/uploads\/2016\/11\/chau_toner-1.jpg);\"><\/div><div class=\"et_pb_slide\" style=\"background: url(https:\/\/expografika.com\/n\/wp-content\/uploads\/2016\/11\/che3d.jpg);\"><\/div><div class=\"et_pb_slide\" style=\"background: url(https:\/\/expografika.com\/n\/wp-content\/uploads\/2016\/11\/creamos_soluciones.jpg);\"><\/div><div class=\"et_pb_slide\" style=\"background: url(https:\/\/expografika.com\/n\/wp-content\/uploads\/2016\/11\/cont_a1.jpg);\"><\/div><div class=\"et_pb_slide\" style=\"background: url(https:\/\/expografika.com\/n\/wp-content\/uploads\/2016\/11\/copymatic-1.jpg);\"><\/div><div class=\"et_pb_slide\" style=\"background: url(https:\/\/expografika.com\/n\/wp-content\/uploads\/2016\/11\/da.jpg);\"><\/div><div class=\"et_pb_slide\" style=\"background: url(https:\/\/expografika.com\/n\/wp-content\/uploads\/2016\/11\/cameranodamian.jpg);\"><\/div><div class=\"et_pb_slide\" style=\"background: url(https:\/\/expografika.com\/n\/wp-content\/uploads\/2016\/11\/cooperativa-del-pais-1.jpg);\"><\/div><div class=\"et_pb_slide\" style=\"background: url(https:\/\/expografika.com\/n\/wp-content\/uploads\/2016\/11\/detec-1.jpg);\"><\/div><div class=\"et_pb_slide\" style=\"background: url(https:\/\/expografika.com\/n\/wp-content\/uploads\/2016\/11\/dlt2.jpg);\"><\/div><div class=\"et_pb_slide\" style=\"background: url(https:\/\/expografika.com\/n\/wp-content\/uploads\/2016\/11\/doxer.jpg);\"><\/div><div class=\"et_pb_slide\" style=\"background: url(https:\/\/expografika.com\/n\/wp-content\/uploads\/2016\/11\/dyr.jpg);\"><\/div><div class=\"et_pb_slide\" style=\"background: url(https:\/\/expografika.com\/n\/wp-content\/uploads\/2016\/11\/Ecadat.jpg);\"><\/div><div class=\"et_pb_slide\" style=\"background: url(https:\/\/expografika.com\/n\/wp-content\/uploads\/2016\/11\/emocionarte.jpg);\"><\/div><div class=\"et_pb_slide\" style=\"background: url(https:\/\/expografika.com\/n\/wp-content\/uploads\/2016\/11\/ENTREDOS.jpg);\"><\/div><div class=\"et_pb_slide\" style=\"background: url(https:\/\/expografika.com\/n\/wp-content\/uploads\/2016\/11\/elephant.jpg);\"><\/div><div class=\"et_pb_slide\" style=\"background: url(https:\/\/expografika.com\/n\/wp-content\/uploads\/2016\/11\/epson.jpg);\"><\/div><div class=\"et_pb_slide\" style=\"background: url(https:\/\/expografika.com\/n\/wp-content\/uploads\/2016\/11\/EQUIGRAF.jpg);\"><\/div><div class=\"et_pb_slide\" style=\"background: url(https:\/\/expografika.com\/n\/wp-content\/uploads\/2016\/11\/estampado-de-cintas.jpg);\"><\/div><div class=\"et_pb_slide\" style=\"background: url(https:\/\/expografika.com\/n\/wp-content\/uploads\/2016\/11\/aguilar.jpg);\"><\/div><div class=\"et_pb_slide\" style=\"background: url(https:\/\/expografika.com\/n\/wp-content\/uploads\/2016\/11\/expoficina.jpg);\"><\/div><div class=\"et_pb_slide\" style=\"background: url(https:\/\/expografika.com\/n\/wp-content\/uploads\/2016\/11\/expografica.jpg);\"><\/div><div class=\"et_pb_slide\" style=\"background: url(https:\/\/expografika.com\/n\/wp-content\/uploads\/2016\/11\/expo3d.jpg);\"><\/div><div class=\"et_pb_slide\" style=\"background: url(https:\/\/expografika.com\/n\/wp-content\/uploads\/2016\/11\/external_market.jpg);\"><\/div><div class=\"et_pb_slide\" style=\"background: url(https:\/\/expografika.com\/n\/wp-content\/uploads\/2016\/11\/fecoba.jpg);\"><\/div><div class=\"et_pb_slide\" style=\"background: url(https:\/\/expografika.com\/n\/wp-content\/uploads\/2016\/11\/fellowers.jpg);\"><\/div><div class=\"et_pb_slide\" style=\"background: url(https:\/\/expografika.com\/n\/wp-content\/uploads\/2016\/11\/LOGO_FULL-STAMPING.jpg);\"><\/div><div class=\"et_pb_slide\" style=\"background: url(https:\/\/expografika.com\/n\/wp-content\/uploads\/2016\/11\/future_graphics.jpg);\"><\/div><div class=\"et_pb_slide\" style=\"background: url(https:\/\/expografika.com\/n\/wp-content\/uploads\/2016\/11\/galicia-1.jpg);\"><\/div><div class=\"et_pb_slide\" style=\"background: url(https:\/\/expografika.com\/n\/wp-content\/uploads\/2016\/11\/geodigital.jpg);\"><\/div><div class=\"et_pb_slide\" style=\"background: url(https:\/\/expografika.com\/n\/wp-content\/uploads\/2016\/11\/guia_grafica.jpg);\"><\/div><div class=\"et_pb_slide\" style=\"background: url(https:\/\/expografika.com\/n\/wp-content\/uploads\/2016\/11\/goa.jpg);\"><\/div><div class=\"et_pb_slide\" style=\"background: url(https:\/\/expografika.com\/n\/wp-content\/uploads\/2016\/11\/graphicstools.jpg);\"><\/div><div class=\"et_pb_slide\" style=\"background: url(https:\/\/expografika.com\/n\/wp-content\/uploads\/2016\/11\/grafin3.jpg);\"><\/div><div class=\"et_pb_slide\" style=\"background: url(https:\/\/expografika.com\/n\/wp-content\/uploads\/2016\/11\/global.jpg);\"><\/div><div class=\"et_pb_slide\" style=\"background: url(https:\/\/expografika.com\/n\/wp-content\/uploads\/2016\/11\/GUTENBERG.jpg);\"><\/div><div class=\"et_pb_slide\" style=\"background: url(https:\/\/expografika.com\/n\/wp-content\/uploads\/2016\/11\/hp.jpg);\"><\/div><div class=\"et_pb_slide\" style=\"background: url(https:\/\/expografika.com\/n\/wp-content\/uploads\/2016\/11\/ianni-1.jpg);\"><\/div><div class=\"et_pb_slide\" style=\"background: url(https:\/\/expografika.com\/n\/wp-content\/uploads\/2016\/11\/icap.jpeg);\"><\/div><div class=\"et_pb_slide\" style=\"background: url(https:\/\/expografika.com\/n\/wp-content\/uploads\/2016\/11\/ideas-impresas.jpg);\"><\/div><div class=\"et_pb_slide\" style=\"background: url(https:\/\/expografika.com\/n\/wp-content\/uploads\/2016\/11\/ig-consulting.png);\"><\/div><div class=\"et_pb_slide\" style=\"background: url(https:\/\/expografika.com\/n\/wp-content\/uploads\/2016\/11\/ilusion-grafica.jpg);\"><\/div><div class=\"et_pb_slide\" style=\"background: url(https:\/\/expografika.com\/n\/wp-content\/uploads\/2016\/11\/imprecorp.jpg);\"><\/div><div class=\"et_pb_slide\" style=\"background: url(https:\/\/expografika.com\/n\/wp-content\/uploads\/2016\/11\/imprenet.jpg);\"><\/div><div class=\"et_pb_slide\" style=\"background: url(https:\/\/expografika.com\/n\/wp-content\/uploads\/2016\/11\/imprint.jpg);\"><\/div><div class=\"et_pb_slide\" style=\"background: url(https:\/\/expografika.com\/n\/wp-content\/uploads\/2016\/11\/impfot.jpg);\"><\/div><div class=\"et_pb_slide\" style=\"background: url(https:\/\/expografika.com\/n\/wp-content\/uploads\/2016\/11\/imprek.jpg);\"><\/div><div class=\"et_pb_slide\" style=\"background: url(https:\/\/expografika.com\/n\/wp-content\/uploads\/2016\/11\/iparraguirre-1.jpg);\"><\/div><div class=\"et_pb_slide\" style=\"background: url(https:\/\/expografika.com\/n\/wp-content\/uploads\/2016\/11\/insitu-2.jpg);\"><\/div><div class=\"et_pb_slide\" style=\"background: url(https:\/\/expografika.com\/n\/wp-content\/uploads\/2016\/11\/intiba.jpg);\"><\/div><div class=\"et_pb_slide\" style=\"background: url(https:\/\/expografika.com\/n\/wp-content\/uploads\/2016\/11\/isdom.jpg);\"><\/div><div class=\"et_pb_slide\" style=\"background: url(https:\/\/expografika.com\/n\/wp-content\/uploads\/2016\/11\/itara.jpg);\"><\/div><div class=\"et_pb_slide\" style=\"background: url(https:\/\/expografika.com\/n\/wp-content\/uploads\/2016\/11\/jas.jpg);\"><\/div><div class=\"et_pb_slide\" style=\"background: url(https:\/\/expografika.com\/n\/wp-content\/uploads\/2016\/11\/katun.jpg);\"><\/div><div class=\"et_pb_slide\" style=\"background: url(https:\/\/expografika.com\/n\/wp-content\/uploads\/2016\/11\/lacasa-1.jpg);\"><\/div><div class=\"et_pb_slide\" style=\"background: url(https:\/\/expografika.com\/n\/wp-content\/uploads\/2017\/04\/latinproof.jpg);\"><\/div><div class=\"et_pb_slide\" style=\"background: url(https:\/\/expografika.com\/n\/wp-content\/uploads\/2016\/11\/leftech.jpg);\"><\/div><div class=\"et_pb_slide\" style=\"background: url(https:\/\/expografika.com\/n\/wp-content\/uploads\/2016\/11\/linot-1.jpg);\"><\/div><div class=\"et_pb_slide\" style=\"background: url(https:\/\/expografika.com\/n\/wp-content\/uploads\/2016\/11\/magic-factory-1.jpg);\"><\/div><div class=\"et_pb_slide\" style=\"background: url(https:\/\/expografika.com\/n\/wp-content\/uploads\/2016\/11\/mail_graph.jpg);\"><\/div><div class=\"et_pb_slide\" style=\"background: url(https:\/\/expografika.com\/n\/wp-content\/uploads\/2016\/11\/mediaware.jpg);\"><\/div><div class=\"et_pb_slide\" style=\"background: url(https:\/\/expografika.com\/n\/wp-content\/uploads\/2016\/11\/meras.jpg);\"><\/div><div class=\"et_pb_slide\" style=\"background: url(https:\/\/expografika.com\/n\/wp-content\/uploads\/2016\/11\/merwin.jpg);\"><\/div><div class=\"et_pb_slide\" style=\"background: url(https:\/\/expografika.com\/n\/wp-content\/uploads\/2016\/11\/mindwork.png);\"><\/div><div class=\"et_pb_slide\" style=\"background: url(https:\/\/expografika.com\/n\/wp-content\/uploads\/2016\/11\/miranda.jpg);\"><\/div><div class=\"et_pb_slide\" style=\"background: url(https:\/\/expografika.com\/n\/wp-content\/uploads\/2016\/11\/multiled-1.jpg);\"><\/div><div class=\"et_pb_slide\" style=\"background: url(https:\/\/expografika.com\/n\/wp-content\/uploads\/2016\/11\/multiploters-1.jpg);\"><\/div><div class=\"et_pb_slide\" style=\"background: url(https:\/\/expografika.com\/n\/wp-content\/uploads\/2016\/11\/najha.jpg);\"><\/div><div class=\"et_pb_slide\" style=\"background: url(https:\/\/expografika.com\/n\/wp-content\/uploads\/2016\/11\/nli.jpg);\"><\/div><div class=\"et_pb_slide\" style=\"background: url(https:\/\/expografika.com\/n\/wp-content\/uploads\/2016\/11\/nicobuttons-1.jpg);\"><\/div><div class=\"et_pb_slide\" style=\"background: url(https:\/\/expografika.com\/n\/wp-content\/uploads\/2016\/11\/novaprint.jpg);\"><\/div><div class=\"et_pb_slide\" style=\"background: url(https:\/\/expografika.com\/n\/wp-content\/uploads\/2016\/11\/ogol.jpg);\"><\/div><div class=\"et_pb_slide\" style=\"background: url(https:\/\/expografika.com\/n\/wp-content\/uploads\/2016\/11\/offset-digital.jpg);\"><\/div><div class=\"et_pb_slide\" style=\"background: url(https:\/\/expografika.com\/n\/wp-content\/uploads\/2016\/11\/onepromociones-1.jpg);\"><\/div><div class=\"et_pb_slide\" style=\"background: url(https:\/\/expografika.com\/n\/wp-content\/uploads\/2016\/11\/onyx.jpg);\"><\/div><div class=\"et_pb_slide\" style=\"background: url(https:\/\/expografika.com\/n\/wp-content\/uploads\/2016\/11\/oracal1.jpg);\"><\/div><div class=\"et_pb_slide\" style=\"background: url(https:\/\/expografika.com\/n\/wp-content\/uploads\/2016\/11\/pal-1.jpg);\"><\/div><div class=\"et_pb_slide\" style=\"background: url(https:\/\/expografika.com\/n\/wp-content\/uploads\/2016\/11\/papelera-maipu.jpg);\"><\/div><div class=\"et_pb_slide\" style=\"background: url(https:\/\/expografika.com\/n\/wp-content\/uploads\/2016\/11\/paper-maq.jpg);\"><\/div><div class=\"et_pb_slide\" style=\"background: url(https:\/\/expografika.com\/n\/wp-content\/uploads\/2016\/11\/paper-pack.jpg);\"><\/div><div class=\"et_pb_slide\" style=\"background: url(https:\/\/expografika.com\/n\/wp-content\/uploads\/2016\/11\/paradowski.jpg);\"><\/div><div class=\"et_pb_slide\" style=\"background: url(https:\/\/expografika.com\/n\/wp-content\/uploads\/2016\/11\/pedesalacas.jpg);\"><\/div><div class=\"et_pb_slide\" style=\"background: url(https:\/\/expografika.com\/n\/wp-content\/uploads\/2016\/11\/ploterdoc.jpg);\"><\/div><div class=\"et_pb_slide\" style=\"background: url(https:\/\/expografika.com\/n\/wp-content\/uploads\/2016\/11\/polymer-mug.jpg);\"><\/div><div class=\"et_pb_slide\" style=\"background: url(https:\/\/expografika.com\/n\/wp-content\/uploads\/2016\/11\/puntomesh.jpg);\"><\/div><div class=\"et_pb_slide\" style=\"background: url(https:\/\/expografika.com\/n\/wp-content\/uploads\/2016\/11\/print_house.jpg);\"><\/div><div class=\"et_pb_slide\" style=\"background: url(https:\/\/expografika.com\/n\/wp-content\/uploads\/2016\/11\/printalot.jpg);\"><\/div><div class=\"et_pb_slide\" style=\"background: url(https:\/\/expografika.com\/n\/wp-content\/uploads\/2016\/11\/print-lat.jpg);\"><\/div><div class=\"et_pb_slide\" style=\"background: url(https:\/\/expografika.com\/n\/wp-content\/uploads\/2016\/11\/probopp.jpg);\"><\/div><div class=\"et_pb_slide\" style=\"background: url(https:\/\/expografika.com\/n\/wp-content\/uploads\/2016\/11\/prolam.jpg);\"><\/div><div class=\"et_pb_slide\" style=\"background: url(https:\/\/expografika.com\/n\/wp-content\/uploads\/2016\/11\/prointec.jpg);\"><\/div><div class=\"et_pb_slide\" style=\"background: url(https:\/\/expografika.com\/n\/wp-content\/uploads\/2016\/11\/promo2017.jpg);\"><\/div><div class=\"et_pb_slide\" style=\"background: url(https:\/\/expografika.com\/n\/wp-content\/uploads\/2016\/11\/promopress.jpg);\"><\/div><div class=\"et_pb_slide\" style=\"background: url(https:\/\/expografika.com\/n\/wp-content\/uploads\/2016\/11\/proyecto_color.jpg);\"><\/div><div class=\"et_pb_slide\" style=\"background: url(https:\/\/expografika.com\/n\/wp-content\/uploads\/2016\/11\/promoideasgraficas.jpg);\"><\/div><div class=\"et_pb_slide\" style=\"background: url(https:\/\/expografika.com\/n\/wp-content\/uploads\/2016\/11\/puntomesh-1.jpg);\"><\/div><div class=\"et_pb_slide\" style=\"background: url(https:\/\/expografika.com\/n\/wp-content\/uploads\/2016\/11\/pymedia16.jpg);\"><\/div><div class=\"et_pb_slide\" style=\"background: url(https:\/\/expografika.com\/n\/wp-content\/uploads\/2016\/11\/pymenacion.jpg);\"><\/div><div class=\"et_pb_slide\" style=\"background: url(https:\/\/expografika.com\/n\/wp-content\/uploads\/2016\/11\/ranko.jpg);\"><\/div><div class=\"et_pb_slide\" style=\"background: url(https:\/\/expografika.com\/n\/wp-content\/uploads\/2016\/11\/LOGO_RESET.jpg);\"><\/div><div class=\"et_pb_slide\" style=\"background: url(https:\/\/expografika.com\/n\/wp-content\/uploads\/2016\/11\/ricoh.jpg);\"><\/div><div class=\"et_pb_slide\" style=\"background: url(https:\/\/expografika.com\/n\/wp-content\/uploads\/2016\/11\/ringo.jpg);\"><\/div><div class=\"et_pb_slide\" style=\"background: url(https:\/\/expografika.com\/n\/wp-content\/uploads\/2016\/11\/ritner.jpg);\"><\/div><div class=\"et_pb_slide\" style=\"background: url(https:\/\/expografika.com\/n\/wp-content\/uploads\/2016\/11\/ruffles.jpg);\"><\/div><div class=\"et_pb_slide\" style=\"background: url(https:\/\/expografika.com\/n\/wp-content\/uploads\/2016\/11\/ry-bond.jpg);\"><\/div><div class=\"et_pb_slide\" style=\"background: url(https:\/\/expografika.com\/n\/wp-content\/uploads\/2016\/11\/satex.jpg);\"><\/div><div class=\"et_pb_slide\" style=\"background: url(https:\/\/expografika.com\/n\/wp-content\/uploads\/2016\/11\/sediex.jpeg);\"><\/div><div class=\"et_pb_slide\" style=\"background: url(https:\/\/expografika.com\/n\/wp-content\/uploads\/2016\/11\/sellos-multicolor-1.jpg);\"><\/div><div class=\"et_pb_slide\" style=\"background: url(https:\/\/expografika.com\/n\/wp-content\/uploads\/2016\/11\/scp.jpg);\"><\/div><div class=\"et_pb_slide\" style=\"background: url(https:\/\/expografika.com\/n\/wp-content\/uploads\/2016\/11\/casa_schwarz1.jpg);\"><\/div><div class=\"et_pb_slide\" style=\"background: url(https:\/\/expografika.com\/n\/wp-content\/uploads\/2016\/11\/sign_publicidad.jpg);\"><\/div><div class=\"et_pb_slide\" style=\"background: url(https:\/\/expografika.com\/n\/wp-content\/uploads\/2016\/11\/sintiendo.jpg);\"><\/div><div class=\"et_pb_slide\" style=\"background: url(https:\/\/expografika.com\/n\/wp-content\/uploads\/2016\/11\/sistemacontinuo.jpg);\"><\/div><div class=\"et_pb_slide\" style=\"background: url(https:\/\/expografika.com\/n\/wp-content\/uploads\/2016\/11\/sistemas-y-soluciones.jpg);\"><\/div><div class=\"et_pb_slide\" style=\"background: url(https:\/\/expografika.com\/n\/wp-content\/uploads\/2016\/11\/smg-1.jpg);\"><\/div><div class=\"et_pb_slide\" style=\"background: url(https:\/\/expografika.com\/n\/wp-content\/uploads\/2016\/11\/suam.jpg);\"><\/div><div class=\"et_pb_slide\" style=\"background: url(https:\/\/expografika.com\/n\/wp-content\/uploads\/2016\/11\/surco.jpg);\"><\/div><div class=\"et_pb_slide\" style=\"background: url(https:\/\/expografika.com\/n\/wp-content\/uploads\/2016\/11\/tecmi.jpg);\"><\/div><div class=\"et_pb_slide\" style=\"background: url(https:\/\/expografika.com\/n\/wp-content\/uploads\/2016\/11\/tecnolux-1.jpg);\"><\/div><div class=\"et_pb_slide\" style=\"background: url(https:\/\/expografika.com\/n\/wp-content\/uploads\/2016\/11\/trascopier.jpg);\"><\/div><div class=\"et_pb_slide\" style=\"background: url(https:\/\/expografika.com\/n\/wp-content\/uploads\/2016\/11\/trideo.jpg);\"><\/div><div class=\"et_pb_slide\" style=\"background: url(https:\/\/expografika.com\/n\/wp-content\/uploads\/2016\/11\/trust_point-2.jpg);\"><\/div><div class=\"et_pb_slide\" style=\"background: url(https:\/\/expografika.com\/n\/wp-content\/uploads\/2016\/11\/pymenacion-1.jpg);\"><\/div><div class=\"et_pb_slide\" style=\"background: url(https:\/\/expografika.com\/n\/wp-content\/uploads\/2016\/11\/unibind.jpg);\"><\/div><div class=\"et_pb_slide\" style=\"background: url(https:\/\/expografika.com\/n\/wp-content\/uploads\/2016\/11\/uninet.jpg);\"><\/div><div class=\"et_pb_slide\" style=\"background: url(https:\/\/expografika.com\/n\/wp-content\/uploads\/2016\/11\/universo-sublimacion.jpg);\"><\/div><div class=\"et_pb_slide\" style=\"background: url(https:\/\/expografika.com\/n\/wp-content\/uploads\/2016\/11\/vision-marcas.jpg);\"><\/div><div class=\"et_pb_slide\" style=\"background: url(https:\/\/expografika.com\/n\/wp-content\/uploads\/2016\/11\/wabi.jpg);\"><\/div><div class=\"et_pb_slide\" style=\"background: url(https:\/\/expografika.com\/n\/wp-content\/uploads\/2016\/11\/witi.jpg);\"><\/div><div class=\"et_pb_slide\" style=\"background: url(https:\/\/expografika.com\/n\/wp-content\/uploads\/2016\/11\/xerox.jpg);\"><\/div><div class=\"et_pb_slide\" style=\"background: url(https:\/\/expografika.com\/n\/wp-content\/uploads\/2016\/11\/zenbo-1.jpg);\"><\/div><div class=\"et_pb_slide\" style=\"background: url(https:\/\/expografika.com\/n\/wp-content\/uploads\/2016\/11\/windbanners.jpg);\"><\/div><div class=\"et_pb_slide\" style=\"background: url(https:\/\/expografika.com\/n\/wp-content\/uploads\/2016\/11\/espiritu3d.jpg);\"><\/div><div class=\"et_pb_slide\" style=\"background: url(https:\/\/expografika.com\/n\/wp-content\/uploads\/2016\/11\/tollbox.jpg);\"><\/div><div class=\"et_pb_slide\" style=\"background: url(https:\/\/expografika.com\/n\/wp-content\/uploads\/2016\/11\/kuter.jpg);\"><\/div>\n\t\t\t\t<\/div>\n\t\t\t<\/div>\n<p>&nbsp;<\/p>\n<p>&nbsp;<\/p>\n<\/div>\n","protected":false},"excerpt":{"rendered":"<p>En Cifras Expogr\u00e1\ufb01ka 2017 (La Rural) Durante los d\u00edas, 19 al 21 de Octubre la actividad del sector gr\u00e1fico se visti\u00f3 de fiesta en el\u00a0Predio Ferial La Rural donde se realiz\u00f3 Expogr\u00e1fika 17, la XV Feria internacional de la\u00a0industria gr\u00e1fica. Con m\u00e1s de 200 empresas participantes tanto nacionales como internacionales, se\u00a0presentaron muchas novedades, productos y [&hellip;]<\/p>\n","protected":false},"author":1,"featured_media":2819,"parent":40,"menu_order":0,"comment_status":"closed","ping_status":"closed","template":"","meta":{"_et_pb_use_builder":"","_et_pb_old_content":"","_et_gb_content_width":"","_joinchat":[],"footnotes":""},"class_list":["post-2775","page","type-page","status-publish","has-post-thumbnail","hentry"],"aioseo_notices":[],"_links":{"self":[{"href":"https:\/\/expografika.com\/n\/wp-json\/wp\/v2\/pages\/2775","targetHints":{"allow":["GET"]}}],"collection":[{"href":"https:\/\/expografika.com\/n\/wp-json\/wp\/v2\/pages"}],"about":[{"href":"https:\/\/expografika.com\/n\/wp-json\/wp\/v2\/types\/page"}],"author":[{"embeddable":true,"href":"https:\/\/expografika.com\/n\/wp-json\/wp\/v2\/users\/1"}],"replies":[{"embeddable":true,"href":"https:\/\/expografika.com\/n\/wp-json\/wp\/v2\/comments?post=2775"}],"version-history":[{"count":6,"href":"https:\/\/expografika.com\/n\/wp-json\/wp\/v2\/pages\/2775\/revisions"}],"predecessor-version":[{"id":2859,"href":"https:\/\/expografika.com\/n\/wp-json\/wp\/v2\/pages\/2775\/revisions\/2859"}],"up":[{"embeddable":true,"href":"https:\/\/expografika.com\/n\/wp-json\/wp\/v2\/pages\/40"}],"wp:featuredmedia":[{"embeddable":true,"href":"https:\/\/expografika.com\/n\/wp-json\/wp\/v2\/media\/2819"}],"wp:attachment":[{"href":"https:\/\/expografika.com\/n\/wp-json\/wp\/v2\/media?parent=2775"}],"curies":[{"name":"wp","href":"https:\/\/api.w.org\/{rel}","templated":true}]}}