{"id":2787,"date":"2017-11-17T17:15:51","date_gmt":"2017-11-17T17:15:51","guid":{"rendered":"http:\/\/expografika.com\/n\/?page_id=2787"},"modified":"2021-04-07T10:58:53","modified_gmt":"2021-04-07T13:58:53","slug":"edicion-18-mendoza","status":"publish","type":"page","link":"https:\/\/expografika.com\/n\/expografika-regional\/edicion-18-mendoza\/","title":{"rendered":"EDICI\u00d3N 18 MENDOZA"},"content":{"rendered":"<p>[et_pb_section admin_label=\u00bbsection\u00bb]<br \/>\n\t\t\t[et_pb_row admin_label=\u00bbrow\u00bb]<br \/>\n\t\t\t\t[et_pb_column type=\u00bb4_4&#8243;][et_pb_text admin_label=\u00bbText\u00bb]<\/p>\n<h3>En Cifras (Expogr\u00e1fika 18, Mendoza)<\/h3>\n<h1>2.000\u00a0m2 superficie exposici\u00f3n,<\/h1>\n<h1>+4.000\u00a0visitantes,<\/h1>\n<h1>+40 empresas participantes.<\/h1>\n<hr \/>\n<p>Durante los d\u00edas, 6 al 8 de Septiembre la actividad del sector gr\u00e1fico se visti\u00f3 de fiesta en el\u00a0Centro de Exposiciones Emilio Civit de Mendoza donde se realiz\u00f3 la segunda edici\u00f3n de Expogr\u00e1fika Regional Mendoza.<br \/>\nCon m\u00e1s de 40 empresas participantes tanto nacionales como internacionales, se\u00a0presentaron muchas novedades, productos y servicios de todos los rubros vinculados a la\u00a0industria gr\u00e1fica.<br \/>\nM\u00e1s de 4.000 visitantes recorrieron los casi 2000 m2 de superficie de exposici\u00f3n en\u00a0busca de las mejores soluciones y equipamiento para el desarrollo de sus actividades.<br \/>\nLas empresas participantes mostraron sus \u00faltimos lanzamientos de equipos de impresi\u00f3n y terminaci\u00f3n, entre otras novedades.<br \/>\nA su vez, en esta edici\u00f3n de Expografika, se llev\u00f3 a cabo la XV Edici\u00f3n del Seminario de Etiquetas de Vino a cargo de la Fundacion Gutenberg Mendoza y cursos de ploteo vehicular a cargo de Wiper escuela de ploteo.<\/p>\n<p>Pero en Expografika se trabaja todo el a\u00f1o, por eso Hector Palermo por eso en esta edici\u00f3n se lanz\u00f3 la linea de atenci\u00f3n whatsapp para consultas y generar contactos dentro del rubro.<\/p>\n<p>Necesitas un repuesto?, un nuevo proveedor? impresi\u00f3n de alto volumen? consultanos y te aconsejamos.<\/p>\n<p>Agend\u00e1 el n\u00famero +54 11 6944-6384<\/p>\n<p>Cabe destacar que debido al \u00e9xito de las Expogr\u00e1fika 2&#215;18 y en el continuo af\u00e1n de seguir\u00a0creciendo, el a\u00f1o entrante se realizar\u00e1 la edici\u00f3n Expogr\u00e1fika Regional Santiago, durante el mes de Junio 2019 y abarcando todo el NOA desde Santiago del Estero.<\/p>\n<p>A Buenos Aires volvemos en el 2020!<\/p>\n<p>GRACIAS!<\/p>\n<p>Videos<br \/>\n&nbsp;<br \/>\n<iframe loading=\"lazy\" width=\"560\" height=\"315\" src=\"https:\/\/www.youtube.com\/embed\/8hZyV-ibD84?rel=0&amp;controls=0&amp;showinfo=0\" frameborder=\"0\" allow=\"autoplay; encrypted-media\" allowfullscreen><\/iframe><br \/>\n&nbsp;[\/et_pb_text][\/et_pb_column]<br \/>\n\t\t\t[\/et_pb_row]<br \/>\n\t\t[\/et_pb_section]<\/p>\n","protected":false},"excerpt":{"rendered":"<p>En Cifras (Expogr\u00e1fika 18, Mendoza) 2.000\u00a0m2 superficie exposici\u00f3n, +4.000\u00a0visitantes, +40 empresas participantes. Durante los d\u00edas, 6 al 8 de Septiembre la actividad del sector gr\u00e1fico se visti\u00f3 de fiesta en el\u00a0Centro de Exposiciones Emilio Civit de Mendoza donde se realiz\u00f3 la segunda edici\u00f3n de Expogr\u00e1fika Regional Mendoza. Con m\u00e1s de 40 empresas participantes tanto nacionales [&hellip;]<\/p>\n","protected":false},"author":1,"featured_media":3717,"parent":125,"menu_order":0,"comment_status":"closed","ping_status":"closed","template":"","meta":{"_et_pb_use_builder":"on","_et_pb_old_content":"<h3>En Cifras (Expogr\u00e1fika 18, Mendoza)<\/h3>\r\n<h1>2.000\u00a0m2 superficie exposici\u00f3n,<\/h1>\r\n<h1>+4.000\u00a0visitantes,<\/h1>\r\n<h1>+40 empresas participantes.<\/h1>\r\n\r\n<hr \/>\r\n\r\nDurante los d\u00edas, 6 al 8 de Septiembre la actividad del sector gr\u00e1fico se visti\u00f3 de fiesta en el\u00a0Centro de Exposiciones Emilio Civit de Mendoza donde se realiz\u00f3 la segunda edici\u00f3n de Expogr\u00e1fika Regional Mendoza.\r\nCon m\u00e1s de 40 empresas participantes tanto nacionales como internacionales, se\u00a0presentaron muchas novedades, productos y servicios de todos los rubros vinculados a la\u00a0industria gr\u00e1fica.\r\nM\u00e1s de 4.000 visitantes recorrieron los casi 2000 m2 de superficie de exposici\u00f3n en\u00a0busca de las mejores soluciones y equipamiento para el desarrollo de sus actividades.\r\nLas empresas participantes mostraron sus \u00faltimos lanzamientos de equipos de impresi\u00f3n y terminaci\u00f3n, entre otras novedades.\r\nA su vez, en esta edici\u00f3n de Expografika, se llev\u00f3 a cabo la XV Edici\u00f3n del Seminario de Etiquetas de Vino a cargo de la Fundacion Gutenberg Mendoza y cursos de ploteo vehicular a cargo de Wiper escuela de ploteo.\r\n\r\nPero en Expografika se trabaja todo el a\u00f1o, por eso Hector Palermo por eso en esta edici\u00f3n se lanz\u00f3 la linea de atenci\u00f3n whatsapp para consultas y generar contactos dentro del rubro.\r\n\r\nNecesitas un repuesto?, un nuevo proveedor? impresi\u00f3n de alto volumen? consultanos y te aconsejamos.\r\n\r\nAgend\u00e1 el n\u00famero +54 11 6944-6384\r\n\r\nCabe destacar que debido al \u00e9xito de las Expogr\u00e1fika 2x18 y en el continuo af\u00e1n de seguir\u00a0creciendo, el a\u00f1o entrante se realizar\u00e1 la edici\u00f3n Expogr\u00e1fika Regional Santiago, durante el mes de Junio 2019 y abarcando todo el NOA desde Santiago del Estero.\r\n\r\nA Buenos Aires volvemos en el 2020!\r\n\r\nGRACIAS!\r\n\r\n\r\nVideos \r\n&nbsp;\r\n<iframe width=\"560\" height=\"315\" src=\"https:\/\/www.youtube.com\/embed\/8hZyV-ibD84?rel=0&amp;controls=0&amp;showinfo=0\" frameborder=\"0\" allow=\"autoplay; encrypted-media\" allowfullscreen><\/iframe>\r\n&nbsp;","_et_gb_content_width":"","_joinchat":[],"footnotes":""},"class_list":["post-2787","page","type-page","status-publish","has-post-thumbnail","hentry"],"aioseo_notices":[],"_links":{"self":[{"href":"https:\/\/expografika.com\/n\/wp-json\/wp\/v2\/pages\/2787","targetHints":{"allow":["GET"]}}],"collection":[{"href":"https:\/\/expografika.com\/n\/wp-json\/wp\/v2\/pages"}],"about":[{"href":"https:\/\/expografika.com\/n\/wp-json\/wp\/v2\/types\/page"}],"author":[{"embeddable":true,"href":"https:\/\/expografika.com\/n\/wp-json\/wp\/v2\/users\/1"}],"replies":[{"embeddable":true,"href":"https:\/\/expografika.com\/n\/wp-json\/wp\/v2\/comments?post=2787"}],"version-history":[{"count":3,"href":"https:\/\/expografika.com\/n\/wp-json\/wp\/v2\/pages\/2787\/revisions"}],"predecessor-version":[{"id":7281,"href":"https:\/\/expografika.com\/n\/wp-json\/wp\/v2\/pages\/2787\/revisions\/7281"}],"up":[{"embeddable":true,"href":"https:\/\/expografika.com\/n\/wp-json\/wp\/v2\/pages\/125"}],"wp:featuredmedia":[{"embeddable":true,"href":"https:\/\/expografika.com\/n\/wp-json\/wp\/v2\/media\/3717"}],"wp:attachment":[{"href":"https:\/\/expografika.com\/n\/wp-json\/wp\/v2\/media?parent=2787"}],"curies":[{"name":"wp","href":"https:\/\/api.w.org\/{rel}","templated":true}]}}