{"id":2860,"date":"2017-11-22T10:16:56","date_gmt":"2017-11-22T13:16:56","guid":{"rendered":"http:\/\/expografika.com\/n\/?page_id=2860"},"modified":"2018-07-15T20:38:03","modified_gmt":"2018-07-15T23:38:03","slug":"plano","status":"publish","type":"page","link":"https:\/\/expografika.com\/n\/edicion-18-bs-as\/plano\/","title":{"rendered":"Plano"},"content":{"rendered":"<h2 style=\"text-align: center;\"><span style=\"color: #07a3f7;\">Los n\u00fameros nos dan la raz\u00f3n, <\/span><br \/>\n<span style=\"color: #07a3f7;\"> Si sos gr\u00e1fico, \u00a1ten\u00e9s que estar!<\/span><\/h2>\n<p><img loading=\"lazy\" decoding=\"async\" class=\"aligncenter size-full wp-image-3613\" src=\"http:\/\/expografika.com\/n\/wp-content\/uploads\/2018\/06\/planorural.jpg\" alt=\"\" width=\"2000\" height=\"1417\" \/><\/p>\n<p>&nbsp;<\/p>\n<hr \/>\n<h1>\u00a07 al 9 de Junio 2018 en<\/h1>\n<h1><img loading=\"lazy\" decoding=\"async\" class=\"wp-image-2868 alignnone\" src=\"http:\/\/expografika.com\/n\/wp-content\/uploads\/2017\/11\/La-Rural-400x266.jpg\" alt=\"\" width=\"300\" height=\"200\" srcset=\"https:\/\/expografika.com\/n\/wp-content\/uploads\/2017\/11\/La-Rural-400x266.jpg 400w, https:\/\/expografika.com\/n\/wp-content\/uploads\/2017\/11\/La-Rural-768x511.jpg 768w, https:\/\/expografika.com\/n\/wp-content\/uploads\/2017\/11\/La-Rural-1024x682.jpg 1024w, https:\/\/expografika.com\/n\/wp-content\/uploads\/2017\/11\/La-Rural.jpg 1776w\" sizes=\"(max-width: 300px) 100vw, 300px\" \/><\/h1>\n<p>&nbsp;<\/p>\n","protected":false},"excerpt":{"rendered":"<p>Los n\u00fameros nos dan la raz\u00f3n, Si sos gr\u00e1fico, \u00a1ten\u00e9s que estar! &nbsp; \u00a07 al 9 de Junio 2018 en &nbsp;<\/p>\n","protected":false},"author":1,"featured_media":0,"parent":2785,"menu_order":0,"comment_status":"closed","ping_status":"closed","template":"template-fullw.php","meta":{"_et_pb_use_builder":"","_et_pb_old_content":"","_et_gb_content_width":"","_joinchat":[],"footnotes":""},"class_list":["post-2860","page","type-page","status-publish","hentry"],"aioseo_notices":[],"_links":{"self":[{"href":"https:\/\/expografika.com\/n\/wp-json\/wp\/v2\/pages\/2860","targetHints":{"allow":["GET"]}}],"collection":[{"href":"https:\/\/expografika.com\/n\/wp-json\/wp\/v2\/pages"}],"about":[{"href":"https:\/\/expografika.com\/n\/wp-json\/wp\/v2\/types\/page"}],"author":[{"embeddable":true,"href":"https:\/\/expografika.com\/n\/wp-json\/wp\/v2\/users\/1"}],"replies":[{"embeddable":true,"href":"https:\/\/expografika.com\/n\/wp-json\/wp\/v2\/comments?post=2860"}],"version-history":[{"count":62,"href":"https:\/\/expografika.com\/n\/wp-json\/wp\/v2\/pages\/2860\/revisions"}],"predecessor-version":[{"id":3643,"href":"https:\/\/expografika.com\/n\/wp-json\/wp\/v2\/pages\/2860\/revisions\/3643"}],"up":[{"embeddable":true,"href":"https:\/\/expografika.com\/n\/wp-json\/wp\/v2\/pages\/2785"}],"wp:attachment":[{"href":"https:\/\/expografika.com\/n\/wp-json\/wp\/v2\/media?parent=2860"}],"curies":[{"name":"wp","href":"https:\/\/api.w.org\/{rel}","templated":true}]}}