{"id":3557,"date":"2018-06-13T17:38:49","date_gmt":"2018-06-13T20:38:49","guid":{"rendered":"http:\/\/expografika.com\/n\/?page_id=3557"},"modified":"2023-03-16T15:05:01","modified_gmt":"2023-03-16T18:05:01","slug":"expografika-18-la-rural","status":"publish","type":"page","link":"https:\/\/expografika.com\/n\/edicion-18-bs-as\/expografika-18-la-rural\/","title":{"rendered":"Expografika 18 &#8211; La Rural"},"content":{"rendered":"\n[et_pb_section fb_built=\u00bb1&#8243; admin_label=\u00bbsection\u00bb _builder_version=\u00bb3.22&#8243;][et_pb_row admin_label=\u00bbrow\u00bb _builder_version=\u00bb3.25&#8243; background_size=\u00bbinitial\u00bb background_position=\u00bbtop_left\u00bb background_repeat=\u00bbrepeat\u00bb][et_pb_column type=\u00bb4_4&#8243; _builder_version=\u00bb3.25&#8243; custom_padding=\u00bb|||\u00bb custom_padding__hover=\u00bb|||\u00bb][et_pb_text admin_label=\u00bbText\u00bb _builder_version=\u00bb4.9.2&#8243; background_size=\u00bbinitial\u00bb background_position=\u00bbtop_left\u00bb background_repeat=\u00bbrepeat\u00bb hover_enabled=\u00bb0&#8243; header_font=\u00bbPoppins||||||||\u00bb sticky_enabled=\u00bb0&#8243; text_font=\u00bbLato||||||||\u00bb]<h3><span style=\"font-family: campton_book;\">En Cifras (Expogr\u00e1fika 18, La Rural)<\/span><\/h3>\n<h1><span style=\"font-family: campton_book;\">10.000\u00a0<\/span><span style=\"font-family: campton_book; color: #e01b7a;\">m2 superficie exposici\u00f3n,\u00a0<\/span><\/h1>\n<h1><span style=\"font-family: campton_book;\">+20.000\u00a0<\/span><span style=\"font-family: campton_book; color: #e01b7a;\">visitantes,\u00a0 <\/span><\/h1>\n<h1><span style=\"font-family: campton_book; color: #e01b7a;\"><span style=\"color: #000000;\">+130<\/span> empresas participantes.<\/span><\/h1>\n<hr \/>\n<p><span style=\"font-family: campton_book;\">Durante los d\u00edas, 7 al 9 de Junio la actividad del sector gr\u00e1fico se visti\u00f3 de fiesta en el\u00a0Predio Ferial La Rural donde se realiz\u00f3 Expogr\u00e1fika 18, la XVI Feria internacional de la\u00a0industria gr\u00e1fica.<\/span><br \/><span style=\"font-family: campton_book;\">Con m\u00e1s de 130 empresas participantes tanto nacionales como internacionales, se\u00a0presentaron muchas novedades, productos y servicios de todos los rubros vinculados a la\u00a0industria gr\u00e1fica.<\/span><br \/><span style=\"font-family: campton_book;\">M\u00e1s de 20.000 visitantes recorrieron los casi 10.000 m2 de superficie de exposici\u00f3n en\u00a0busca de las mejores soluciones y equipamiento para el desarrollo de sus actividades.<\/span><br \/><span style=\"font-family: campton_book;\">Las empresas participantes mostraron sus \u00faltimos lanzamientos; atadoras, aspiradoras de\u00a0toner, equipos de impresi\u00f3n y terminaci\u00f3n, entre otras novedades.<\/span><br \/><span style=\"font-family: campton_book;\">A su vez, en esta edici\u00f3n de Expografika, se llev\u00f3 a cabo la 2\u00b0 WrapCup Argentina en\u00a0la que participaron 16 equipos, consagr\u00e1ndose ganador Juan Frank con un jurado de lujo:\u00a0Rafael Mu\u00f1oz Morales (Forma parte del selecto grupo de instaladores MOB)<\/span><br \/><span style=\"font-family: campton_book;\">Pero en Expografika se trabaja todo el a\u00f1o, por eso Hector Palermo por eso en esta edici\u00f3n se lanz\u00f3 la linea de atenci\u00f3n whatsapp para consultas y generar contactos dentro del rubro. <\/span><\/p>\n<p><span style=\"font-family: campton_book; color: #008000;\">Necesitas un repuesto?, un nuevo proveedor? impresi\u00f3n de alto vol\u00famen? consultanos y te aconsejamos.\u00a0<\/span><\/p>\n<p><span style=\"font-family: campton_book; color: #008000;\">Agende el n\u00famero +54 11 6944-6384<\/span><\/p>\n<p><span style=\"font-family: campton_book;\">Cabe destacar que debido al \u00e9xito de Expogr\u00e1fika 18 y en el continuo af\u00e1n de seguir\u00a0creciendo, el a\u00f1o entrante se realizaran dos nuevas ediciones de Expogr\u00e1fika Regional, una este a\u00f1o en Mendoza durante el mes de Septiembre y otra en el 2019 abarcando todo el NOA desde Santiago del Estero. <\/span><\/p>\n<p><span style=\"font-family: campton_book;\">A Buenos Aires volvemos en el 2020! <\/span><\/p>\n<p><span style=\"font-family: campton_book;\">GRACIAS!<\/span><\/p>\n<hr \/>\n<p><ul class=\"et_post_gallery clearfix\">\n\t\t\t\t\t<li class=\"et_gallery_item et_pb_gallery_image\">\n\t\t\t\t\t\t<a href=\"https:\/\/expografika.com\/n\/wp-content\/uploads\/2018\/06\/newsolutions.jpg\" title=\"newsolutions\">\n\t\t\t\t\t\t\t<span class=\"et_portfolio_image\">\n\t\t\t\t\t\t\t\t<img loading=\"lazy\" decoding=\"async\" width=\"379\" height=\"284\" src=\"https:\/\/expografika.com\/n\/wp-content\/uploads\/2018\/06\/newsolutions.jpg\" class=\"attachment-et-pb-portfolio-image size-et-pb-portfolio-image\" alt=\"\" srcset=\"https:\/\/expografika.com\/n\/wp-content\/uploads\/2018\/06\/newsolutions.jpg 960w, https:\/\/expografika.com\/n\/wp-content\/uploads\/2018\/06\/newsolutions-400x300.jpg 400w, https:\/\/expografika.com\/n\/wp-content\/uploads\/2018\/06\/newsolutions-768x576.jpg 768w\" sizes=\"(max-width: 379px) 100vw, 379px\" \/>\n\t\t\t\t\t\t\t\t<span class=\"et_overlay\"><\/span>\n\t\t\t\t\t\t\t<\/span>\n\t\t\t\t\t\t<\/a>\n\t\t\t\t\t\t\n\t\t\t\t\t<\/li><li class=\"et_gallery_item et_pb_gallery_image\">\n\t\t\t\t\t\t<a href=\"https:\/\/expografika.com\/n\/wp-content\/uploads\/2018\/06\/plot.jpg\" title=\"plot\">\n\t\t\t\t\t\t\t<span class=\"et_portfolio_image\">\n\t\t\t\t\t\t\t\t<img loading=\"lazy\" decoding=\"async\" width=\"284\" height=\"284\" src=\"https:\/\/expografika.com\/n\/wp-content\/uploads\/2018\/06\/plot.jpg\" class=\"attachment-et-pb-portfolio-image size-et-pb-portfolio-image\" alt=\"\" srcset=\"https:\/\/expografika.com\/n\/wp-content\/uploads\/2018\/06\/plot.jpg 1080w, https:\/\/expografika.com\/n\/wp-content\/uploads\/2018\/06\/plot-150x150.jpg 150w, https:\/\/expografika.com\/n\/wp-content\/uploads\/2018\/06\/plot-400x400.jpg 400w, https:\/\/expografika.com\/n\/wp-content\/uploads\/2018\/06\/plot-768x768.jpg 768w, https:\/\/expografika.com\/n\/wp-content\/uploads\/2018\/06\/plot-1024x1024.jpg 1024w, https:\/\/expografika.com\/n\/wp-content\/uploads\/2018\/06\/plot-50x50.jpg 50w\" sizes=\"(max-width: 284px) 100vw, 284px\" \/>\n\t\t\t\t\t\t\t\t<span class=\"et_overlay\"><\/span>\n\t\t\t\t\t\t\t<\/span>\n\t\t\t\t\t\t<\/a>\n\t\t\t\t\t\t\n\t\t\t\t\t<\/li><li class=\"et_gallery_item et_pb_gallery_image\">\n\t\t\t\t\t\t<a href=\"https:\/\/expografika.com\/n\/wp-content\/uploads\/2018\/06\/plotterdoc3.jpg\" title=\"plotterdoc3\">\n\t\t\t\t\t\t\t<span class=\"et_portfolio_image\">\n\t\t\t\t\t\t\t\t<img loading=\"lazy\" decoding=\"async\" width=\"400\" height=\"225\" src=\"https:\/\/expografika.com\/n\/wp-content\/uploads\/2018\/06\/plotterdoc3.jpg\" class=\"attachment-et-pb-portfolio-image size-et-pb-portfolio-image\" alt=\"\" srcset=\"https:\/\/expografika.com\/n\/wp-content\/uploads\/2018\/06\/plotterdoc3.jpg 1280w, https:\/\/expografika.com\/n\/wp-content\/uploads\/2018\/06\/plotterdoc3-400x225.jpg 400w, https:\/\/expografika.com\/n\/wp-content\/uploads\/2018\/06\/plotterdoc3-768x432.jpg 768w, https:\/\/expografika.com\/n\/wp-content\/uploads\/2018\/06\/plotterdoc3-1024x576.jpg 1024w\" sizes=\"(max-width: 400px) 100vw, 400px\" \/>\n\t\t\t\t\t\t\t\t<span class=\"et_overlay\"><\/span>\n\t\t\t\t\t\t\t<\/span>\n\t\t\t\t\t\t<\/a>\n\t\t\t\t\t\t\n\t\t\t\t\t<\/li><li class=\"et_gallery_item et_pb_gallery_image\">\n\t\t\t\t\t\t<a href=\"https:\/\/expografika.com\/n\/wp-content\/uploads\/2018\/06\/promodirecta.jpg\" title=\"promodirecta\">\n\t\t\t\t\t\t\t<span class=\"et_portfolio_image\">\n\t\t\t\t\t\t\t\t<img loading=\"lazy\" decoding=\"async\" width=\"379\" height=\"284\" src=\"https:\/\/expografika.com\/n\/wp-content\/uploads\/2018\/06\/promodirecta.jpg\" class=\"attachment-et-pb-portfolio-image size-et-pb-portfolio-image\" alt=\"\" srcset=\"https:\/\/expografika.com\/n\/wp-content\/uploads\/2018\/06\/promodirecta.jpg 960w, https:\/\/expografika.com\/n\/wp-content\/uploads\/2018\/06\/promodirecta-400x300.jpg 400w, https:\/\/expografika.com\/n\/wp-content\/uploads\/2018\/06\/promodirecta-768x576.jpg 768w\" sizes=\"(max-width: 379px) 100vw, 379px\" \/>\n\t\t\t\t\t\t\t\t<span class=\"et_overlay\"><\/span>\n\t\t\t\t\t\t\t<\/span>\n\t\t\t\t\t\t<\/a>\n\t\t\t\t\t\t\n\t\t\t\t\t<\/li><li class=\"et_gallery_item et_pb_gallery_image\">\n\t\t\t\t\t\t<a href=\"https:\/\/expografika.com\/n\/wp-content\/uploads\/2018\/06\/lacasadelartegrafico.jpg\" title=\"lacasadelartegrafico\">\n\t\t\t\t\t\t\t<span class=\"et_portfolio_image\">\n\t\t\t\t\t\t\t\t<img loading=\"lazy\" decoding=\"async\" width=\"284\" height=\"284\" src=\"https:\/\/expografika.com\/n\/wp-content\/uploads\/2018\/06\/lacasadelartegrafico.jpg\" class=\"attachment-et-pb-portfolio-image size-et-pb-portfolio-image\" alt=\"\" srcset=\"https:\/\/expografika.com\/n\/wp-content\/uploads\/2018\/06\/lacasadelartegrafico.jpg 1080w, https:\/\/expografika.com\/n\/wp-content\/uploads\/2018\/06\/lacasadelartegrafico-150x150.jpg 150w, https:\/\/expografika.com\/n\/wp-content\/uploads\/2018\/06\/lacasadelartegrafico-400x400.jpg 400w, https:\/\/expografika.com\/n\/wp-content\/uploads\/2018\/06\/lacasadelartegrafico-768x768.jpg 768w, https:\/\/expografika.com\/n\/wp-content\/uploads\/2018\/06\/lacasadelartegrafico-1024x1024.jpg 1024w, https:\/\/expografika.com\/n\/wp-content\/uploads\/2018\/06\/lacasadelartegrafico-50x50.jpg 50w\" sizes=\"(max-width: 284px) 100vw, 284px\" \/>\n\t\t\t\t\t\t\t\t<span class=\"et_overlay\"><\/span>\n\t\t\t\t\t\t\t<\/span>\n\t\t\t\t\t\t<\/a>\n\t\t\t\t\t\t\n\t\t\t\t\t<\/li><li class=\"et_gallery_item et_pb_gallery_image\">\n\t\t\t\t\t\t<a href=\"https:\/\/expografika.com\/n\/wp-content\/uploads\/2018\/06\/34409159_199951260640804_7287013441934458880_n.jpg\" title=\"34409159_199951260640804_7287013441934458880_n\">\n\t\t\t\t\t\t\t<span class=\"et_portfolio_image\">\n\t\t\t\t\t\t\t\t<img loading=\"lazy\" decoding=\"async\" width=\"284\" height=\"284\" src=\"https:\/\/expografika.com\/n\/wp-content\/uploads\/2018\/06\/34409159_199951260640804_7287013441934458880_n.jpg\" class=\"attachment-et-pb-portfolio-image size-et-pb-portfolio-image\" alt=\"\" srcset=\"https:\/\/expografika.com\/n\/wp-content\/uploads\/2018\/06\/34409159_199951260640804_7287013441934458880_n.jpg 1080w, https:\/\/expografika.com\/n\/wp-content\/uploads\/2018\/06\/34409159_199951260640804_7287013441934458880_n-150x150.jpg 150w, https:\/\/expografika.com\/n\/wp-content\/uploads\/2018\/06\/34409159_199951260640804_7287013441934458880_n-400x400.jpg 400w, https:\/\/expografika.com\/n\/wp-content\/uploads\/2018\/06\/34409159_199951260640804_7287013441934458880_n-768x767.jpg 768w, https:\/\/expografika.com\/n\/wp-content\/uploads\/2018\/06\/34409159_199951260640804_7287013441934458880_n-1024x1024.jpg 1024w, https:\/\/expografika.com\/n\/wp-content\/uploads\/2018\/06\/34409159_199951260640804_7287013441934458880_n-50x50.jpg 50w\" sizes=\"(max-width: 284px) 100vw, 284px\" \/>\n\t\t\t\t\t\t\t\t<span class=\"et_overlay\"><\/span>\n\t\t\t\t\t\t\t<\/span>\n\t\t\t\t\t\t<\/a>\n\t\t\t\t\t\t\n\t\t\t\t\t<\/li><li class=\"et_gallery_item et_pb_gallery_image\">\n\t\t\t\t\t\t<a href=\"https:\/\/expografika.com\/n\/wp-content\/uploads\/2018\/06\/WhatsApp-Image-2018-06-11-at-10.04.34.jpeg\" title=\"WhatsApp Image 2018-06-11 at 10.04.34\">\n\t\t\t\t\t\t\t<span class=\"et_portfolio_image\">\n\t\t\t\t\t\t\t\t<img loading=\"lazy\" decoding=\"async\" width=\"379\" height=\"284\" src=\"https:\/\/expografika.com\/n\/wp-content\/uploads\/2018\/06\/WhatsApp-Image-2018-06-11-at-10.04.34.jpeg\" class=\"attachment-et-pb-portfolio-image size-et-pb-portfolio-image\" alt=\"\" srcset=\"https:\/\/expografika.com\/n\/wp-content\/uploads\/2018\/06\/WhatsApp-Image-2018-06-11-at-10.04.34.jpeg 1024w, https:\/\/expografika.com\/n\/wp-content\/uploads\/2018\/06\/WhatsApp-Image-2018-06-11-at-10.04.34-400x300.jpeg 400w, https:\/\/expografika.com\/n\/wp-content\/uploads\/2018\/06\/WhatsApp-Image-2018-06-11-at-10.04.34-768x576.jpeg 768w\" sizes=\"(max-width: 379px) 100vw, 379px\" \/>\n\t\t\t\t\t\t\t\t<span class=\"et_overlay\"><\/span>\n\t\t\t\t\t\t\t<\/span>\n\t\t\t\t\t\t<\/a>\n\t\t\t\t\t\t\n\t\t\t\t\t<\/li><li class=\"et_gallery_item et_pb_gallery_image\">\n\t\t\t\t\t\t<a href=\"https:\/\/expografika.com\/n\/wp-content\/uploads\/2018\/06\/34132818_1103883046437189_1893524147342934016_n.jpg\" title=\"34132818_1103883046437189_1893524147342934016_n\">\n\t\t\t\t\t\t\t<span class=\"et_portfolio_image\">\n\t\t\t\t\t\t\t\t<img loading=\"lazy\" decoding=\"async\" width=\"284\" height=\"284\" src=\"https:\/\/expografika.com\/n\/wp-content\/uploads\/2018\/06\/34132818_1103883046437189_1893524147342934016_n.jpg\" class=\"attachment-et-pb-portfolio-image size-et-pb-portfolio-image\" alt=\"\" srcset=\"https:\/\/expografika.com\/n\/wp-content\/uploads\/2018\/06\/34132818_1103883046437189_1893524147342934016_n.jpg 1080w, https:\/\/expografika.com\/n\/wp-content\/uploads\/2018\/06\/34132818_1103883046437189_1893524147342934016_n-150x150.jpg 150w, https:\/\/expografika.com\/n\/wp-content\/uploads\/2018\/06\/34132818_1103883046437189_1893524147342934016_n-400x400.jpg 400w, https:\/\/expografika.com\/n\/wp-content\/uploads\/2018\/06\/34132818_1103883046437189_1893524147342934016_n-768x768.jpg 768w, https:\/\/expografika.com\/n\/wp-content\/uploads\/2018\/06\/34132818_1103883046437189_1893524147342934016_n-1024x1024.jpg 1024w, https:\/\/expografika.com\/n\/wp-content\/uploads\/2018\/06\/34132818_1103883046437189_1893524147342934016_n-50x50.jpg 50w\" sizes=\"(max-width: 284px) 100vw, 284px\" \/>\n\t\t\t\t\t\t\t\t<span class=\"et_overlay\"><\/span>\n\t\t\t\t\t\t\t<\/span>\n\t\t\t\t\t\t<\/a>\n\t\t\t\t\t\t\n\t\t\t\t\t<\/li><li class=\"et_gallery_item et_pb_gallery_image\">\n\t\t\t\t\t\t<a href=\"https:\/\/expografika.com\/n\/wp-content\/uploads\/2018\/06\/carw4.jpg\" title=\"carw4\">\n\t\t\t\t\t\t\t<span class=\"et_portfolio_image\">\n\t\t\t\t\t\t\t\t<img loading=\"lazy\" decoding=\"async\" width=\"400\" height=\"194\" src=\"https:\/\/expografika.com\/n\/wp-content\/uploads\/2018\/06\/carw4.jpg\" class=\"attachment-et-pb-portfolio-image size-et-pb-portfolio-image\" alt=\"\" srcset=\"https:\/\/expografika.com\/n\/wp-content\/uploads\/2018\/06\/carw4.jpg 960w, https:\/\/expografika.com\/n\/wp-content\/uploads\/2018\/06\/carw4-400x194.jpg 400w, https:\/\/expografika.com\/n\/wp-content\/uploads\/2018\/06\/carw4-768x373.jpg 768w\" sizes=\"(max-width: 400px) 100vw, 400px\" \/>\n\t\t\t\t\t\t\t\t<span class=\"et_overlay\"><\/span>\n\t\t\t\t\t\t\t<\/span>\n\t\t\t\t\t\t<\/a>\n\t\t\t\t\t\t\n\t\t\t\t\t<\/li>\n\t\t\t\t<\/ul><br \/>\u2192<a href=\"http:\/\/expografika.com\/n\/es\/edicion-18-bs-as\/galeria-expografika18-en-la-rural\/\">VER M\u00c1S<\/a><br \/><iframe loading=\"lazy\" src=\"https:\/\/www.youtube.com\/embed\/lxEN-Pvb0J4?rel=0&amp;showinfo=0\" width=\"560\" height=\"315\" frameborder=\"0\" allowfullscreen=\"allowfullscreen\"><\/iframe><\/p>[\/et_pb_text][\/et_pb_column][\/et_pb_row][\/et_pb_section]\n","protected":false},"excerpt":{"rendered":"<p>En Cifras (Expogr\u00e1fika 18, La Rural) 10.000\u00a0m2 superficie exposici\u00f3n,\u00a0 +20.000\u00a0visitantes,\u00a0 +130 empresas participantes. Durante los d\u00edas, 7 al 9 de Junio la actividad del sector gr\u00e1fico se visti\u00f3 de fiesta en el\u00a0Predio Ferial La Rural donde se realiz\u00f3 Expogr\u00e1fika 18, la XVI Feria internacional de la\u00a0industria gr\u00e1fica.Con m\u00e1s de 130 empresas participantes tanto nacionales como [&hellip;]<\/p>\n","protected":false},"author":1,"featured_media":3545,"parent":2785,"menu_order":0,"comment_status":"closed","ping_status":"closed","template":"","meta":{"_et_pb_use_builder":"on","_et_pb_old_content":"<h3><span style=\"font-family: campton_book;\">En Cifras (Expogr\u00e1fika 18, La Rural)<\/span><\/h3>\r\n<h1><span style=\"font-family: campton_book;\">10.000\u00a0<\/span><span style=\"font-family: campton_book; color: #e01b7a;\">m2 superficie exposici\u00f3n,\u00a0<\/span><\/h1>\r\n<h1><span style=\"font-family: campton_book;\">+20.000\u00a0<\/span><span style=\"font-family: campton_book; color: #e01b7a;\">visitantes,\u00a0 <\/span><\/h1>\r\n<h1><span style=\"font-family: campton_book; color: #e01b7a;\"><span style=\"color: #000000;\">+130<\/span> empresas participantes.<\/span><\/h1>\r\n\r\n<hr \/>\r\n\r\n<span style=\"font-family: campton_book;\">Durante los d\u00edas, 7 al 9 de Junio la actividad del sector gr\u00e1fico se visti\u00f3 de fiesta en el\u00a0Predio Ferial La Rural donde se realiz\u00f3 Expogr\u00e1fika 18, la XVI Feria internacional de la\u00a0industria gr\u00e1fica.<\/span>\r\n<span style=\"font-family: campton_book;\">Con m\u00e1s de 130 empresas participantes tanto nacionales como internacionales, se\u00a0presentaron muchas novedades, productos y servicios de todos los rubros vinculados a la\u00a0industria gr\u00e1fica.<\/span>\r\n<span style=\"font-family: campton_book;\">M\u00e1s de 20.000 visitantes recorrieron los casi 10.000 m2 de superficie de exposici\u00f3n en\u00a0busca de las mejores soluciones y equipamiento para el desarrollo de sus actividades.<\/span>\r\n<span style=\"font-family: campton_book;\">Las empresas participantes mostraron sus \u00faltimos lanzamientos; atadoras, aspiradoras de\u00a0toner, equipos de impresi\u00f3n y terminaci\u00f3n, entre otras novedades.<\/span>\r\n<span style=\"font-family: campton_book;\">A su vez, en esta edici\u00f3n de Expografika, se llev\u00f3 a cabo la 2\u00b0 WrapCup Argentina en\u00a0la que participaron 16 equipos, consagr\u00e1ndose ganador Juan Frank con un jurado de lujo:\u00a0Rafael Mu\u00f1oz Morales (Forma parte del selecto grupo de instaladores MOB)<\/span>\r\n<span style=\"font-family: campton_book;\">Pero en Expografika se trabaja todo el a\u00f1o, por eso Hector Palermo por eso en esta edici\u00f3n se lanz\u00f3 la linea de atenci\u00f3n whatsapp para consultas y generar contactos dentro del rubro. <\/span>\r\n\r\n<span style=\"font-family: campton_book; color: #008000;\">Necesitas un repuesto?, un nuevo proveedor? impresi\u00f3n de alto vol\u00famen? consultanos y te aconsejamos.\u00a0<\/span>\r\n\r\n<span style=\"font-family: campton_book; color: #008000;\">Agende el n\u00famero +54 11 6944-6384<\/span>\r\n\r\n<span style=\"font-family: campton_book;\">Cabe destacar que debido al \u00e9xito de Expogr\u00e1fika 18 y en el continuo af\u00e1n de seguir\u00a0creciendo, el a\u00f1o entrante se realizaran dos nuevas ediciones de Expogr\u00e1fika Regional, una este a\u00f1o en Mendoza durante el mes de Septiembre y otra en el 2019 abarcando todo el NOA desde Santiago del Estero. <\/span>\r\n\r\n<span style=\"font-family: campton_book;\">A Buenos Aires volvemos en el 2020! <\/span>\r\n\r\n<span style=\"font-family: campton_book;\">GRACIAS!<\/span>\r\n\r\n<hr \/>\r\n\r\n[mt_gallery type=\"standard\" ids=\"3508,\u00a03516,3519,3527,3504,3474,3460,3472,3482\"]\r\n\u2192<a href=\"http:\/\/expografika.com\/n\/es\/edicion-18-bs-as\/galeria-expografika18-en-la-rural\/\">VER M\u00c1S<\/a>\r\n<iframe src=\"https:\/\/www.youtube.com\/embed\/lxEN-Pvb0J4?rel=0&amp;showinfo=0\" width=\"560\" height=\"315\" frameborder=\"0\" allowfullscreen=\"allowfullscreen\"><\/iframe>","_et_gb_content_width":"","_joinchat":[],"footnotes":""},"class_list":["post-3557","page","type-page","status-publish","has-post-thumbnail","hentry"],"aioseo_notices":[],"_links":{"self":[{"href":"https:\/\/expografika.com\/n\/wp-json\/wp\/v2\/pages\/3557","targetHints":{"allow":["GET"]}}],"collection":[{"href":"https:\/\/expografika.com\/n\/wp-json\/wp\/v2\/pages"}],"about":[{"href":"https:\/\/expografika.com\/n\/wp-json\/wp\/v2\/types\/page"}],"author":[{"embeddable":true,"href":"https:\/\/expografika.com\/n\/wp-json\/wp\/v2\/users\/1"}],"replies":[{"embeddable":true,"href":"https:\/\/expografika.com\/n\/wp-json\/wp\/v2\/comments?post=3557"}],"version-history":[{"count":8,"href":"https:\/\/expografika.com\/n\/wp-json\/wp\/v2\/pages\/3557\/revisions"}],"predecessor-version":[{"id":8739,"href":"https:\/\/expografika.com\/n\/wp-json\/wp\/v2\/pages\/3557\/revisions\/8739"}],"up":[{"embeddable":true,"href":"https:\/\/expografika.com\/n\/wp-json\/wp\/v2\/pages\/2785"}],"wp:featuredmedia":[{"embeddable":true,"href":"https:\/\/expografika.com\/n\/wp-json\/wp\/v2\/media\/3545"}],"wp:attachment":[{"href":"https:\/\/expografika.com\/n\/wp-json\/wp\/v2\/media?parent=3557"}],"curies":[{"name":"wp","href":"https:\/\/api.w.org\/{rel}","templated":true}]}}