{"id":24842,"date":"2025-08-29T08:28:40","date_gmt":"2025-08-29T11:28:40","guid":{"rendered":"https:\/\/expografika.com\/n\/?post_type=product&#038;p=24842"},"modified":"2025-10-10T13:54:57","modified_gmt":"2025-10-10T16:54:57","slug":"sublimacion-y-dtf","status":"publish","type":"product","link":"https:\/\/expografika.com\/n\/producto\/sublimacion-y-dtf\/","title":{"rendered":"SUBLIMACI\u00d3N Y DTF"},"content":{"rendered":"<p>[et_pb_section fb_built=\u00bb1&#8243; _builder_version=\u00bb4.16&#8243; custom_padding=\u00bb0px||||false|false\u00bb global_colors_info=\u00bb{}\u00bb][et_pb_row _builder_version=\u00bb4.16&#8243; background_size=\u00bbinitial\u00bb background_position=\u00bbtop_left\u00bb background_repeat=\u00bbrepeat\u00bb width=\u00bb100%\u00bb custom_padding=\u00bb0px||0px||false|false\u00bb global_colors_info=\u00bb{}\u00bb][et_pb_column type=\u00bb4_4&#8243; _builder_version=\u00bb4.16&#8243; custom_padding=\u00bb|||\u00bb global_colors_info=\u00bb{}\u00bb custom_padding__hover=\u00bb|||\u00bb][et_pb_wc_breadcrumb _builder_version=\u00bb4.16&#8243; global_colors_info=\u00bb{}\u00bb][\/et_pb_wc_breadcrumb][et_pb_wc_cart_notice _builder_version=\u00bb4.27.4&#8243; background_color=\u00bb#E02B20&#8243; custom_button=\u00bbon\u00bb button_text_color=\u00bb#e02b20&#8243; global_colors_info=\u00bb{}\u00bb][\/et_pb_wc_cart_notice][\/et_pb_column][\/et_pb_row][et_pb_row column_structure=\u00bb1_2,1_2&#8243; _builder_version=\u00bb4.16&#8243; background_size=\u00bbinitial\u00bb background_position=\u00bbtop_left\u00bb background_repeat=\u00bbrepeat\u00bb width=\u00bb100%\u00bb custom_padding=\u00bb0px||||false|false\u00bb global_colors_info=\u00bb{}\u00bb][et_pb_column type=\u00bb1_2&#8243; _builder_version=\u00bb4.16&#8243; custom_padding=\u00bb|||\u00bb global_colors_info=\u00bb{}\u00bb custom_padding__hover=\u00bb|||\u00bb][et_pb_wc_images _builder_version=\u00bb4.16&#8243; global_colors_info=\u00bb{}\u00bb][\/et_pb_wc_images][\/et_pb_column][et_pb_column type=\u00bb1_2&#8243; _builder_version=\u00bb4.16&#8243; custom_padding=\u00bb|||\u00bb global_colors_info=\u00bb{}\u00bb custom_padding__hover=\u00bb|||\u00bb][et_pb_wc_title _builder_version=\u00bb4.16&#8243; global_colors_info=\u00bb{}\u00bb][\/et_pb_wc_title][et_pb_wc_price _builder_version=\u00bb4.27.4&#8243; sale_price_text_color=\u00bb#E02B20&#8243; global_colors_info=\u00bb{}\u00bb][\/et_pb_wc_price][et_pb_wc_description _builder_version=\u00bb4.16&#8243; global_colors_info=\u00bb{}\u00bb][\/et_pb_wc_description][et_pb_wc_add_to_cart _builder_version=\u00bb4.27.4&#8243; custom_button=\u00bbon\u00bb button_text_color=\u00bb#E02B20&#8243; button_border_color=\u00bb#E02B20&#8243; global_colors_info=\u00bb{}\u00bb][\/et_pb_wc_add_to_cart][\/et_pb_column][\/et_pb_row][et_pb_row _builder_version=\u00bb4.16&#8243; background_size=\u00bbinitial\u00bb background_position=\u00bbtop_left\u00bb background_repeat=\u00bbrepeat\u00bb width=\u00bb100%\u00bb global_colors_info=\u00bb{}\u00bb][et_pb_column type=\u00bb4_4&#8243; _builder_version=\u00bb4.16&#8243; custom_padding=\u00bb|||\u00bb global_colors_info=\u00bb{}\u00bb custom_padding__hover=\u00bb|||\u00bb][et_pb_wc_tabs active_tab_background_color=\u00bbRGBA(255,255,255,0)\u00bb inactive_tab_background_color=\u00bbRGBA(255,255,255,0)\u00bb active_tab_text_color=\u00bbRGBA(255,255,255,0)\u00bb _builder_version=\u00bb4.27.4&#8243; tab_text_color=\u00bbRGBA(255,255,255,0)\u00bb body_font_size=\u00bb15px\u00bb tab_font_size=\u00bb1px\u00bb tab_line_height=\u00bb1em\u00bb border_width_all=\u00bb0px\u00bb border_color_all=\u00bbRGBA(255,255,255,0)\u00bb global_colors_info=\u00bb{}\u00bb]\t\t\t\t\t[\/et_pb_wc_tabs][et_pb_wc_upsells _builder_version=\u00bb4.16&#8243; global_colors_info=\u00bb{}\u00bb][\/et_pb_wc_upsells][\/et_pb_column][\/et_pb_row][\/et_pb_section]<\/p>\n","protected":false},"excerpt":{"rendered":"<p><strong>En el marco de Expogr\u00e1fika Neuqu\u00e9n \u2013 DUAM<\/strong><\/p>\n<p>Viernes 10 de Octubre de 16 a 18hs<\/p>\n<p><strong>\u00a1PRECIO PROMOCIONAL PARA QUIENES ASISTAN A EXPOGRAFIKA!<\/strong><\/p>\n<p>&nbsp;<\/p>\n","protected":false},"featured_media":24845,"template":"","meta":{"_et_pb_use_builder":"on","_et_pb_old_content":"<h4><strong>Inici\u00e1 tu emprendimiento con las t\u00e9cnicas de impresi\u00f3n m\u00e1s populares.<\/strong><\/h4>\r\n<strong>TEMARIO:<\/strong>\r\n<ul>\r\n \t<li>\u00bfQu\u00e9 es la sublimaci\u00f3n y qu\u00e9 es el DTF?<\/li>\r\n \t<li>Diferencias y ventajas de cada t\u00e9cnica en el mercado actual.<\/li>\r\n \t<li>C\u00f3mo seleccionar insumos y equipos seg\u00fan tu emprendimiento.<\/li>\r\n<\/ul>\r\n<strong>Te damos los mejores tips para iniciar sin cometer errores comunes<\/strong>\r\n\r\nIncluye certificado de participaci\u00f3n\r\n\r\n&nbsp;\r\n\r\n<a href=\"http:\/\/expografika.com\/n\/wp-content\/uploads\/2025\/08\/Flyer-expografika-1.png\"><img class=\"aligncenter wp-image-24849 size-medium\" src=\"http:\/\/expografika.com\/n\/wp-content\/uploads\/2025\/08\/Flyer-expografika-1-283x400.png\" alt=\"\" width=\"283\" height=\"400\" \/><\/a>","_et_gb_content_width":"","_joinchat":[]},"product_brand":[],"product_cat":[280],"product_tag":[],"class_list":{"0":"post-24842","1":"product","2":"type-product","3":"status-publish","4":"has-post-thumbnail","6":"product_cat-cursos-expografika-2025","8":"first","9":"instock","10":"sale","11":"shipping-taxable","12":"purchasable","13":"product-type-simple"},"aioseo_notices":[],"_links":{"self":[{"href":"https:\/\/expografika.com\/n\/wp-json\/wp\/v2\/product\/24842","targetHints":{"allow":["GET"]}}],"collection":[{"href":"https:\/\/expografika.com\/n\/wp-json\/wp\/v2\/product"}],"about":[{"href":"https:\/\/expografika.com\/n\/wp-json\/wp\/v2\/types\/product"}],"wp:featuredmedia":[{"embeddable":true,"href":"https:\/\/expografika.com\/n\/wp-json\/wp\/v2\/media\/24845"}],"wp:attachment":[{"href":"https:\/\/expografika.com\/n\/wp-json\/wp\/v2\/media?parent=24842"}],"wp:term":[{"taxonomy":"product_brand","embeddable":true,"href":"https:\/\/expografika.com\/n\/wp-json\/wp\/v2\/product_brand?post=24842"},{"taxonomy":"product_cat","embeddable":true,"href":"https:\/\/expografika.com\/n\/wp-json\/wp\/v2\/product_cat?post=24842"},{"taxonomy":"product_tag","embeddable":true,"href":"https:\/\/expografika.com\/n\/wp-json\/wp\/v2\/product_tag?post=24842"}],"curies":[{"name":"wp","href":"https:\/\/api.w.org\/{rel}","templated":true}]}}