{"id":25452,"date":"2025-09-30T17:08:23","date_gmt":"2025-09-30T20:08:23","guid":{"rendered":"https:\/\/expografika.com\/n\/?post_type=product&#038;p=25452"},"modified":"2025-10-11T14:27:54","modified_gmt":"2025-10-11T17:27:54","slug":"como-y-en-que-emprender-con-impresion-3d","status":"publish","type":"product","link":"https:\/\/expografika.com\/n\/producto\/como-y-en-que-emprender-con-impresion-3d\/","title":{"rendered":"C\u00d3MO Y EN QU\u00c9 EMPRENDER CON IMPRESI\u00d3N 3D"},"content":{"rendered":"<p>[et_pb_section fb_built=\u00bb1&#8243; _builder_version=\u00bb4.16&#8243; custom_padding=\u00bb0px||||false|false\u00bb global_colors_info=\u00bb{}\u00bb][et_pb_row _builder_version=\u00bb4.16&#8243; background_size=\u00bbinitial\u00bb background_position=\u00bbtop_left\u00bb background_repeat=\u00bbrepeat\u00bb width=\u00bb100%\u00bb custom_padding=\u00bb0px||0px||false|false\u00bb global_colors_info=\u00bb{}\u00bb][et_pb_column type=\u00bb4_4&#8243; _builder_version=\u00bb4.16&#8243; custom_padding=\u00bb|||\u00bb global_colors_info=\u00bb{}\u00bb custom_padding__hover=\u00bb|||\u00bb][et_pb_wc_breadcrumb _builder_version=\u00bb4.16&#8243; global_colors_info=\u00bb{}\u00bb][\/et_pb_wc_breadcrumb][et_pb_wc_cart_notice _builder_version=\u00bb4.27.4&#8243; background_color=\u00bb#227fa8&#8243; custom_button=\u00bbon\u00bb button_text_color=\u00bb#e02b20&#8243; hover_enabled=\u00bb0&#8243; global_colors_info=\u00bb{}\u00bb sticky_enabled=\u00bb0&#8243;][\/et_pb_wc_cart_notice][\/et_pb_column][\/et_pb_row][et_pb_row column_structure=\u00bb1_2,1_2&#8243; _builder_version=\u00bb4.16&#8243; background_size=\u00bbinitial\u00bb background_position=\u00bbtop_left\u00bb background_repeat=\u00bbrepeat\u00bb width=\u00bb100%\u00bb custom_padding=\u00bb0px||||false|false\u00bb global_colors_info=\u00bb{}\u00bb][et_pb_column type=\u00bb1_2&#8243; _builder_version=\u00bb4.16&#8243; custom_padding=\u00bb|||\u00bb global_colors_info=\u00bb{}\u00bb custom_padding__hover=\u00bb|||\u00bb][et_pb_wc_images _builder_version=\u00bb4.16&#8243; global_colors_info=\u00bb{}\u00bb][\/et_pb_wc_images][\/et_pb_column][et_pb_column type=\u00bb1_2&#8243; _builder_version=\u00bb4.16&#8243; custom_padding=\u00bb|||\u00bb global_colors_info=\u00bb{}\u00bb custom_padding__hover=\u00bb|||\u00bb][et_pb_wc_title _builder_version=\u00bb4.16&#8243; global_colors_info=\u00bb{}\u00bb][\/et_pb_wc_title][et_pb_wc_price _builder_version=\u00bb4.27.4&#8243; sale_price_text_color=\u00bb#E02B20&#8243; global_colors_info=\u00bb{}\u00bb][\/et_pb_wc_price][et_pb_wc_description _builder_version=\u00bb4.16&#8243; global_colors_info=\u00bb{}\u00bb][\/et_pb_wc_description][et_pb_wc_add_to_cart _builder_version=\u00bb4.27.4&#8243; custom_button=\u00bbon\u00bb button_text_color=\u00bb#227fa8&#8243; button_border_color=\u00bb#227fa8&#8243; hover_enabled=\u00bb0&#8243; global_colors_info=\u00bb{}\u00bb sticky_enabled=\u00bb0&#8243;][\/et_pb_wc_add_to_cart][\/et_pb_column][\/et_pb_row][et_pb_row _builder_version=\u00bb4.16&#8243; background_size=\u00bbinitial\u00bb background_position=\u00bbtop_left\u00bb background_repeat=\u00bbrepeat\u00bb width=\u00bb100%\u00bb global_colors_info=\u00bb{}\u00bb][et_pb_column type=\u00bb4_4&#8243; _builder_version=\u00bb4.16&#8243; custom_padding=\u00bb|||\u00bb global_colors_info=\u00bb{}\u00bb custom_padding__hover=\u00bb|||\u00bb][et_pb_wc_tabs active_tab_background_color=\u00bbRGBA(255,255,255,0)\u00bb inactive_tab_background_color=\u00bbRGBA(255,255,255,0)\u00bb active_tab_text_color=\u00bbRGBA(255,255,255,0)\u00bb _builder_version=\u00bb4.27.4&#8243; tab_text_color=\u00bbRGBA(255,255,255,0)\u00bb body_font_size=\u00bb15px\u00bb tab_font_size=\u00bb1px\u00bb tab_line_height=\u00bb1em\u00bb border_width_all=\u00bb0px\u00bb border_color_all=\u00bbRGBA(255,255,255,0)\u00bb global_colors_info=\u00bb{}\u00bb]\t\t\t\t\t[\/et_pb_wc_tabs][et_pb_wc_upsells _builder_version=\u00bb4.16&#8243; global_colors_info=\u00bb{}\u00bb][\/et_pb_wc_upsells][\/et_pb_column][\/et_pb_row][\/et_pb_section]<\/p>\n","protected":false},"excerpt":{"rendered":"<p><strong>Dictado por Marcelo Patrul, <\/strong>Gerente comercial<\/p>\n<p><strong>En el marco de Expogr\u00e1fika Neuqu\u00e9n \u2013 DUAM<\/strong><\/p>\n<p><strong>Jueves, Viernes y S\u00e1bado 17 hs<\/strong><\/p>\n<p><strong>CURSO GRATUITO, CUPOS LIMITADOS<\/strong><\/p>\n<p>&nbsp;<\/p>\n","protected":false},"featured_media":25455,"template":"","meta":{"_et_pb_use_builder":"on","_et_pb_old_content":"<h4><strong>Dictado por Marcelo Patrul, <\/strong>Gerente comercial<\/h4>\r\n<h4><strong>\u00bfAlguna vez pensaste en transformar tus ideas en un negocio real?<\/strong><\/h4>\r\nLa impresi\u00f3n 3D abre un mundo de posibilidades para quienes quieren emprender y crear con libertad. En esta charla vas a descubrir c\u00f3mo pod\u00e9s convertir tu pasi\u00f3n en proyectos con impacto, qu\u00e9 caminos existen para iniciar un emprendimiento en este sector y cu\u00e1les son las oportunidades que hoy est\u00e1n cambiando el mercado.\r\n\r\n<strong>Una invitaci\u00f3n a animarte a dar el primer paso y empezar a construir tu futuro con la tecnolog\u00eda 3D como aliada.<\/strong>\r\n\r\n&nbsp;","_et_gb_content_width":"","_joinchat":[]},"product_brand":[],"product_cat":[280],"product_tag":[],"class_list":{"0":"post-25452","1":"product","2":"type-product","3":"status-publish","4":"has-post-thumbnail","6":"product_cat-cursos-expografika-2025","8":"first","9":"instock","10":"shipping-taxable","11":"purchasable","12":"product-type-simple"},"aioseo_notices":[],"_links":{"self":[{"href":"https:\/\/expografika.com\/n\/wp-json\/wp\/v2\/product\/25452","targetHints":{"allow":["GET"]}}],"collection":[{"href":"https:\/\/expografika.com\/n\/wp-json\/wp\/v2\/product"}],"about":[{"href":"https:\/\/expografika.com\/n\/wp-json\/wp\/v2\/types\/product"}],"wp:featuredmedia":[{"embeddable":true,"href":"https:\/\/expografika.com\/n\/wp-json\/wp\/v2\/media\/25455"}],"wp:attachment":[{"href":"https:\/\/expografika.com\/n\/wp-json\/wp\/v2\/media?parent=25452"}],"wp:term":[{"taxonomy":"product_brand","embeddable":true,"href":"https:\/\/expografika.com\/n\/wp-json\/wp\/v2\/product_brand?post=25452"},{"taxonomy":"product_cat","embeddable":true,"href":"https:\/\/expografika.com\/n\/wp-json\/wp\/v2\/product_cat?post=25452"},{"taxonomy":"product_tag","embeddable":true,"href":"https:\/\/expografika.com\/n\/wp-json\/wp\/v2\/product_tag?post=25452"}],"curies":[{"name":"wp","href":"https:\/\/api.w.org\/{rel}","templated":true}]}}