{"id":5710,"date":"2020-05-19T13:45:56","date_gmt":"2020-05-19T16:45:56","guid":{"rendered":"http:\/\/expografika.com\/n\/?post_type=product&#038;p=5710"},"modified":"2020-05-19T13:49:57","modified_gmt":"2020-05-19T16:49:57","slug":"promo-directa","status":"publish","type":"product","link":"https:\/\/expografika.com\/n\/producto\/promo-directa\/","title":{"rendered":"PROMO DIRECTA"},"content":{"rendered":"<p>[et_pb_section fb_built=\u00bb1&#8243; _builder_version=\u00bb4.4.2&#8243; background_color=\u00bb#cecece\u00bb background_image=\u00bbhttps:\/\/expografika.com\/n\/wp-content\/uploads\/2019\/10\/bg1.gif\u00bb background_blend=\u00bbmultiply\u00bb custom_padding=\u00bb3px|||||\u00bb][et_pb_row _builder_version=\u00bb4.4.2&#8243;][et_pb_column type=\u00bb4_4&#8243; _builder_version=\u00bb4.4.0&#8243;][et_pb_code _builder_version=\u00bb4.4.2&#8243;][devvn_ihotspot id=\u00bb5560&#8243;][\/et_pb_code][\/et_pb_column][\/et_pb_row][\/et_pb_section][et_pb_section fb_built=\u00bb1&#8243; _builder_version=\u00bb4.4.0&#8243; background_image=\u00bbhttps:\/\/expografika.com\/n\/wp-content\/uploads\/2019\/10\/bg1.gif\u00bb parallax=\u00bbon\u00bb][et_pb_row column_structure=\u00bb1_2,1_2&#8243; module_id=\u00bbquienes\u00bb _builder_version=\u00bb4.4.2&#8243; background_color=\u00bbrgba(255,255,255,0.9)\u00bb][et_pb_column type=\u00bb1_2&#8243; _builder_version=\u00bb4.4.0&#8243;][et_pb_text module_id=\u00bbbalber\u00bb _builder_version=\u00bb4.4.2&#8243;]<\/p>\n<h1><strong>\u00a1HOLA, SOMOS PROMO DIRECTA!<\/strong><\/h1>\n<p>Empresa gr\u00e1fica especializada en impresi\u00f3n offset, digital y gran formato que naci\u00f3 de la uni\u00f3n de j\u00f3venes dise\u00f1adores y especialistas en impresi\u00f3n. Promo Directa se fund\u00f3 en el 2003 con el objetivo de reinventar la industria gr\u00e1fica. Combin\u00f3 las bondades del dise\u00f1o profesional con la accesibilidad e impacto de la red para trasladar la impresi\u00f3n y el dise\u00f1o a todos.<\/p>\n<p>[\/et_pb_text][et_pb_image src=\u00bbhttps:\/\/expografika.com\/n\/wp-content\/uploads\/2018\/06\/promodirecta.jpg\u00bb _builder_version=\u00bb4.4.2&#8243;][\/et_pb_image][\/et_pb_column][et_pb_column type=\u00bb1_2&#8243; _builder_version=\u00bb4.4.0&#8243;][et_pb_text _builder_version=\u00bb4.4.2&#8243;]<\/p>\n<h2>Contactate con PD<\/h2>\n<p>[\/et_pb_text][et_pb_contact_form email=\u00bbventas@promodirecta.com.ar\u00bb _builder_version=\u00bb4.4.2&#8243;][et_pb_contact_field field_id=\u00bbName\u00bb field_title=\u00bbNombre\u00bb _builder_version=\u00bb3.16&#8243; button_text_size__hover_enabled=\u00bboff\u00bb button_one_text_size__hover_enabled=\u00bboff\u00bb button_two_text_size__hover_enabled=\u00bboff\u00bb button_text_color__hover_enabled=\u00bboff\u00bb button_one_text_color__hover_enabled=\u00bboff\u00bb button_two_text_color__hover_enabled=\u00bboff\u00bb button_border_width__hover_enabled=\u00bboff\u00bb button_one_border_width__hover_enabled=\u00bboff\u00bb button_two_border_width__hover_enabled=\u00bboff\u00bb button_border_color__hover_enabled=\u00bboff\u00bb button_one_border_color__hover_enabled=\u00bboff\u00bb button_two_border_color__hover_enabled=\u00bboff\u00bb button_border_radius__hover_enabled=\u00bboff\u00bb button_one_border_radius__hover_enabled=\u00bboff\u00bb button_two_border_radius__hover_enabled=\u00bboff\u00bb button_letter_spacing__hover_enabled=\u00bboff\u00bb button_one_letter_spacing__hover_enabled=\u00bboff\u00bb button_two_letter_spacing__hover_enabled=\u00bboff\u00bb button_bg_color__hover_enabled=\u00bboff\u00bb button_one_bg_color__hover_enabled=\u00bboff\u00bb button_two_bg_color__hover_enabled=\u00bboff\u00bb][\/et_pb_contact_field][et_pb_contact_field field_id=\u00bbEmail\u00bb field_title=\u00bbDirecci\u00f3n de correo electr\u00f3nico\u00bb field_type=\u00bbemail\u00bb _builder_version=\u00bb3.16&#8243; button_text_size__hover_enabled=\u00bboff\u00bb button_one_text_size__hover_enabled=\u00bboff\u00bb button_two_text_size__hover_enabled=\u00bboff\u00bb button_text_color__hover_enabled=\u00bboff\u00bb button_one_text_color__hover_enabled=\u00bboff\u00bb button_two_text_color__hover_enabled=\u00bboff\u00bb button_border_width__hover_enabled=\u00bboff\u00bb button_one_border_width__hover_enabled=\u00bboff\u00bb button_two_border_width__hover_enabled=\u00bboff\u00bb button_border_color__hover_enabled=\u00bboff\u00bb button_one_border_color__hover_enabled=\u00bboff\u00bb button_two_border_color__hover_enabled=\u00bboff\u00bb button_border_radius__hover_enabled=\u00bboff\u00bb button_one_border_radius__hover_enabled=\u00bboff\u00bb button_two_border_radius__hover_enabled=\u00bboff\u00bb button_letter_spacing__hover_enabled=\u00bboff\u00bb button_one_letter_spacing__hover_enabled=\u00bboff\u00bb button_two_letter_spacing__hover_enabled=\u00bboff\u00bb button_bg_color__hover_enabled=\u00bboff\u00bb button_one_bg_color__hover_enabled=\u00bboff\u00bb button_two_bg_color__hover_enabled=\u00bboff\u00bb][\/et_pb_contact_field][et_pb_contact_field field_id=\u00bbMessage\u00bb field_title=\u00bbMensaje\u00bb field_type=\u00bbtext\u00bb fullwidth_field=\u00bbon\u00bb _builder_version=\u00bb3.16&#8243; button_text_size__hover_enabled=\u00bboff\u00bb button_one_text_size__hover_enabled=\u00bboff\u00bb button_two_text_size__hover_enabled=\u00bboff\u00bb button_text_color__hover_enabled=\u00bboff\u00bb button_one_text_color__hover_enabled=\u00bboff\u00bb button_two_text_color__hover_enabled=\u00bboff\u00bb button_border_width__hover_enabled=\u00bboff\u00bb button_one_border_width__hover_enabled=\u00bboff\u00bb button_two_border_width__hover_enabled=\u00bboff\u00bb button_border_color__hover_enabled=\u00bboff\u00bb button_one_border_color__hover_enabled=\u00bboff\u00bb button_two_border_color__hover_enabled=\u00bboff\u00bb button_border_radius__hover_enabled=\u00bboff\u00bb button_one_border_radius__hover_enabled=\u00bboff\u00bb button_two_border_radius__hover_enabled=\u00bboff\u00bb button_letter_spacing__hover_enabled=\u00bboff\u00bb button_one_letter_spacing__hover_enabled=\u00bboff\u00bb button_two_letter_spacing__hover_enabled=\u00bboff\u00bb button_bg_color__hover_enabled=\u00bboff\u00bb button_one_bg_color__hover_enabled=\u00bboff\u00bb button_two_bg_color__hover_enabled=\u00bboff\u00bb][\/et_pb_contact_field][\/et_pb_contact_form][et_pb_text _builder_version=\u00bb4.4.2&#8243; text_font_size=\u00bb16px\u00bb]<\/p>\n<h3 style=\"font-weight: 400;\">Datos de Contacto:<\/h3>\n<p><i class=\"fas fa-map-marked-alt\"><\/i> Manuel R. Trelles 1624<br \/> CABA, BUENOS AIRES, ARGENTINA<\/p>\n<p><i class=\"fas fa-phone-square-alt\"><\/i>\u00a0(011) 4584-7635<br \/> <i class=\"far fa-envelope\"><\/i> ventas@promodirecta.com.ar<br \/> <i class=\"fas fa-globe\"><\/i> <a href=\"http:\/\/www.promodirecta.com.ar\" target=\"_blank\" rel=\"noopener noreferrer\">www.promodirecta.com.ar<\/a><\/p>\n<p>[\/et_pb_text][\/et_pb_column][\/et_pb_row][et_pb_row _builder_version=\u00bb4.4.2&#8243;][et_pb_column type=\u00bb4_4&#8243; _builder_version=\u00bb4.4.2&#8243;][et_pb_divider _builder_version=\u00bb4.4.2&#8243;][\/et_pb_divider][\/et_pb_column][\/et_pb_row][et_pb_row module_id=\u00bboffset\u00bb _builder_version=\u00bb4.4.2&#8243;][et_pb_column type=\u00bb4_4&#8243; _builder_version=\u00bb4.4.2&#8243;][et_pb_slider _builder_version=\u00bb4.4.2&#8243; background_color=\u00bb#ffffff\u00bb auto=\u00bbon\u00bb auto_speed=\u00bb3500&#8243;][et_pb_slide _builder_version=\u00bb4.4.2&#8243; background_enable_color=\u00bboff\u00bb background_image=\u00bbhttps:\/\/expografika.com\/n\/wp-content\/uploads\/2020\/04\/promo-benef-1.jpg\u00bb background_enable_image=\u00bbon\u00bb background_size=\u00bbcontain\u00bb][\/et_pb_slide][et_pb_slide _builder_version=\u00bb4.4.2&#8243; background_enable_color=\u00bboff\u00bb background_image=\u00bbhttps:\/\/expografika.com\/n\/wp-content\/uploads\/2020\/04\/banner-c-promo-fondo.jpg\u00bb background_enable_image=\u00bbon\u00bb background_size=\u00bbcontain\u00bb][\/et_pb_slide][\/et_pb_slider][\/et_pb_column][\/et_pb_row][et_pb_row column_structure=\u00bb1_4,1_4,1_4,1_4&#8243; module_id=\u00bbdigital\u00bb _builder_version=\u00bb4.4.2&#8243; background_color=\u00bbrgba(255,255,255,0.91)\u00bb][et_pb_column type=\u00bb1_4&#8243; _builder_version=\u00bb4.4.2&#8243;][et_pb_text _builder_version=\u00bb4.4.2&#8243;]<\/p>\n<p style=\"text-align: center;\"><img decoding=\"async\" src=\"https:\/\/www.promodirecta.com.ar\/wp-content\/uploads\/2016\/08\/atencion-11.jpg\" \/><\/p>\n<div class=\"titulo-club-promo\" style=\"text-align: center;\">Atenci\u00f3n personalizada<\/div>\n<div class=\"texto-club-promo\" style=\"text-align: center;\">El mejor asesoramiento t\u00e9cnico y gr\u00e1fico<\/div>\n<p>[\/et_pb_text][\/et_pb_column][et_pb_column type=\u00bb1_4&#8243; _builder_version=\u00bb4.4.2&#8243;][et_pb_text _builder_version=\u00bb4.4.2&#8243;]<\/p>\n<p><img decoding=\"async\" src=\"https:\/\/www.promodirecta.com.ar\/wp-content\/uploads\/2016\/09\/app-02-1.jpg\" style=\"display: block; margin-left: auto; margin-right: auto;\" \/><\/p>\n<div class=\"titulo-club-promo\" style=\"text-align: center;\">Sistema online<\/div>\n<div class=\"texto-club-promo\" style=\"text-align: center;\">Control\u00e1 tus impresiones desde el sistema online y la APP<\/div>\n<p>[\/et_pb_text][\/et_pb_column][et_pb_column type=\u00bb1_4&#8243; _builder_version=\u00bb4.4.2&#8243;][et_pb_text _builder_version=\u00bb4.4.2&#8243;]<\/p>\n<p><img decoding=\"async\" src=\"https:\/\/www.promodirecta.com.ar\/wp-content\/uploads\/2016\/08\/confianza-05.jpg\" style=\"display: block; margin-left: auto; margin-right: auto;\" \/><\/p>\n<div class=\"titulo-club-promo\" style=\"text-align: center;\">Confianza comercial<\/div>\n<div class=\"texto-club-promo\" style=\"text-align: center;\">Mejores garant\u00edas en devoluciones y satisfacci\u00f3n<\/div>\n<p>[\/et_pb_text][\/et_pb_column][et_pb_column type=\u00bb1_4&#8243; _builder_version=\u00bb4.4.2&#8243;][et_pb_text _builder_version=\u00bb4.4.2&#8243;]<\/p>\n<p><img decoding=\"async\" src=\"https:\/\/www.promodirecta.com.ar\/wp-content\/uploads\/2016\/08\/beneficios-04-04.jpg\" style=\"display: block; margin-left: auto; margin-right: auto;\" \/><\/p>\n<div class=\"titulo-club-promo\" style=\"text-align: center;\">Beneficios y descuentos<\/div>\n<div class=\"texto-club-promo\" style=\"text-align: center;\">Cuanto m\u00e1s compras, m\u00e1s beneficios ten\u00e9s<\/div>\n<p>[\/et_pb_text][\/et_pb_column][\/et_pb_row][et_pb_row module_id=\u00bbgranf\u00bb _builder_version=\u00bb4.4.2&#8243; background_color=\u00bbrgba(255,255,255,0.9)\u00bb][et_pb_column type=\u00bb4_4&#8243; _builder_version=\u00bb4.4.0&#8243;][et_pb_text _builder_version=\u00bb4.4.2&#8243;]<\/p>\n<div class=\"builder-section  col-lg-12 el-custom_text \">\n<div class=\"row\">\n<div class=\"col-lg-12\">\n<div>\n<h3><span class=\"font-size middle\"><strong><span class=\"font-size big\"><span>\u00bfQu\u00e9 es Club Promo?<\/span><\/span><\/strong><\/span><\/h3>\n<p><span class=\"font-size middle\"><strong><span class=\"font-size big\"><span><br \/><\/span><\/span><\/strong><\/span>Club Promo es un selecto grupo con los mejores clientes de Promo Directa que obtiene mejores beneficios y ventajas competitivas<\/p>\n<\/div>\n<\/div>\n<\/div>\n<\/div>\n<div class=\"builder-section  col-lg-12 el-custom_text \">\n<div class=\"row\">\n<div class=\"col-lg-12\">\n<div>\n<p><span><strong><span class=\"font-size big\">Hacete socio y disfrut\u00e1 de los beneficios que tenemos para vos.<\/span><\/strong><\/span><\/p>\n<p><span><strong><span class=\"font-size big\"><\/span><\/strong><\/span><\/p>\n<\/div>\n<\/div>\n<\/div>\n<\/div>\n<div class=\"builder-section  col-lg-12 el-custom_text \">\n<div class=\"row section-header space\">\n<div class=\"section-without-space\"><span style=\"color: #ff0000;\"><strong><span class=\"font-size small\">\u00bfQu\u00eden puede ingresar al Club Promo?<\/span><\/strong><\/span><\/div>\n<\/div>\n<\/div>\n<div class=\"builder-section  col-lg-8 el-custom_text \">\n<div class=\"row\">\n<div class=\"col-lg-8\">\n<p>Pueden ingresar dise\u00f1adores, talleres gr\u00e1ficos, imprentas, centros de copiado y dise\u00f1o, editoriales, librer\u00edas y todo el gremio gr\u00e1fico que corrobore que pertenece a dicha actividad.<\/p>\n<p><strong><span class=\"font-size small\"><span style=\"color: #ff0000;\">Energ\u00eda Gr\u00e1fica<\/span><br \/> <\/span><\/strong>Las nuevas tendencias del mundo empresarial apuntan al trabajo conjunto para mejorar la cadena de valor. El mundo gr\u00e1fico no es la excepci\u00f3n a la regla. Por ello necesitamos generar soluciones creativas a problemas cotidianos.<span style=\"font-size: 14px;\">\u00a0<\/span><\/p>\n<p>&nbsp;<\/p>\n<\/div>\n<\/div>\n<\/div>\n<div class=\"builder-section  col-lg-3 el-custom_code \">\n<div class=\"col-lg-3\">\n<div>\n<div class=\"texto-club-promo\"><\/div>\n<\/div>\n<\/div>\n<\/div>\n<div class=\"builder-section  col-lg-12 el-custom_text \">\n<div class=\"row section-header space\">\n<div class=\"section-without-space\"><\/div>\n<\/div>\n<div class=\"row\">\n<div class=\"col-lg-12\">\n<div><\/div>\n<\/div>\n<\/div>\n<\/div>\n<div class=\"builder-section  col-lg-12 el-custom_text \">\n<div class=\"row section-header space\">\n<div class=\"section-without-space\"><\/div>\n<\/div>\n<div class=\"row\">\n<div class=\"col-lg-12\">\n<div>\n<p><a href=\"http:\/\/www.socios.promodirecta.com.ar\"><img loading=\"lazy\" decoding=\"async\" class=\"aligncenter wp-image-20245 \" src=\"https:\/\/www.promodirecta.com.ar\/wp-content\/uploads\/2019\/03\/socios2.jpg\" alt=\"\" width=\"587\" height=\"245\" style=\"display: block; margin-left: auto; margin-right: auto;\" \/><\/a><\/p>\n<p style=\"text-align: center;\"><strong><span class=\"font-size middle\">Para m\u00e1s informaci\u00f3n mand\u00e1 un mail a<span>\u00a0<\/span><a href=\"mailto:socios@promodirecta.com.ar\">socios@promodirecta.com.ar<\/a><\/span><\/strong><\/p>\n<\/div>\n<\/div>\n<\/div>\n<\/div>\n<p>[\/et_pb_text][\/et_pb_column][\/et_pb_row][\/et_pb_section]<\/p>\n","protected":false},"excerpt":{"rendered":"<p>[devvn_ihotspot id=\u00bb5560&#8243;]\u00a1HOLA, SOMOS PROMO DIRECTA! Empresa gr\u00e1fica especializada en impresi\u00f3n offset, digital y gran formato que naci\u00f3 de la uni\u00f3n de j\u00f3venes dise\u00f1adores y especialistas en impresi\u00f3n. Promo Directa se fund\u00f3 en el 2003 con el objetivo de reinventar la industria gr\u00e1fica. Combin\u00f3 las bondades del dise\u00f1o profesional con la accesibilidad e impacto de la [&hellip;]<\/p>\n","protected":false},"featured_media":5565,"template":"","meta":{"_et_pb_use_builder":"on","_et_pb_old_content":"","_et_gb_content_width":"","_joinchat":[]},"product_brand":[],"product_cat":[101],"product_tag":[106,109,108,110,117,112,111,103,113,107,105,104,114],"class_list":{"0":"post-5710","1":"product","2":"type-product","3":"status-publish","4":"has-post-thumbnail","6":"product_cat-grafica-digital","7":"product_tag-bajadas-a3","8":"product_tag-flyers","9":"product_tag-folletos","10":"product_tag-gigantografias","11":"product_tag-gran-formato","12":"product_tag-impresion-de-lonas","13":"product_tag-impresion-de-vinilo","14":"product_tag-impresion-digital","15":"product_tag-impresion-microperforado","16":"product_tag-impresiones-a3","17":"product_tag-tarjetas-comerciales","18":"product_tag-tarjetas-personales","19":"product_tag-troquelado","21":"first","22":"instock","23":"shipping-taxable","24":"product-type-simple"},"aioseo_notices":[],"_links":{"self":[{"href":"https:\/\/expografika.com\/n\/wp-json\/wp\/v2\/product\/5710","targetHints":{"allow":["GET"]}}],"collection":[{"href":"https:\/\/expografika.com\/n\/wp-json\/wp\/v2\/product"}],"about":[{"href":"https:\/\/expografika.com\/n\/wp-json\/wp\/v2\/types\/product"}],"wp:featuredmedia":[{"embeddable":true,"href":"https:\/\/expografika.com\/n\/wp-json\/wp\/v2\/media\/5565"}],"wp:attachment":[{"href":"https:\/\/expografika.com\/n\/wp-json\/wp\/v2\/media?parent=5710"}],"wp:term":[{"taxonomy":"product_brand","embeddable":true,"href":"https:\/\/expografika.com\/n\/wp-json\/wp\/v2\/product_brand?post=5710"},{"taxonomy":"product_cat","embeddable":true,"href":"https:\/\/expografika.com\/n\/wp-json\/wp\/v2\/product_cat?post=5710"},{"taxonomy":"product_tag","embeddable":true,"href":"https:\/\/expografika.com\/n\/wp-json\/wp\/v2\/product_tag?post=5710"}],"curies":[{"name":"wp","href":"https:\/\/api.w.org\/{rel}","templated":true}]}}