{"id":6120,"date":"2020-06-07T11:55:06","date_gmt":"2020-06-07T14:55:06","guid":{"rendered":"http:\/\/expografika.com\/n\/?post_type=product&#038;p=6120"},"modified":"2020-08-28T10:04:55","modified_gmt":"2020-08-28T13:04:55","slug":"external-market","status":"publish","type":"product","link":"https:\/\/expografika.com\/n\/producto\/external-market\/","title":{"rendered":"EXTERNAL MARKET"},"content":{"rendered":"<p>[et_pb_section fb_built=\u00bb1&#8243; _builder_version=\u00bb4.4.2&#8243; background_color=\u00bb#cecece\u00bb background_image=\u00bbhttps:\/\/expografika.com\/n\/wp-content\/uploads\/2019\/10\/bg1.gif\u00bb background_blend=\u00bbmultiply\u00bb custom_padding=\u00bb3px||18px|||\u00bb][et_pb_row _builder_version=\u00bb4.4.2&#8243; custom_margin=\u00bb|auto|-5px|auto||\u00bb custom_padding=\u00bb19px||6px|||\u00bb][et_pb_column type=\u00bb4_4&#8243; _builder_version=\u00bb4.4.0&#8243;][et_pb_code _builder_version=\u00bb4.4.8&#8243;][devvn_ihotspot id=\u00bb6121&#8243;][\/et_pb_code][\/et_pb_column][\/et_pb_row][\/et_pb_section][et_pb_section fb_built=\u00bb1&#8243; _builder_version=\u00bb4.4.0&#8243; background_image=\u00bbhttps:\/\/expografika.com\/n\/wp-content\/uploads\/2019\/10\/bg1.gif\u00bb parallax=\u00bbon\u00bb][et_pb_row column_structure=\u00bb1_2,1_2&#8243; module_id=\u00bbquienes\u00bb _builder_version=\u00bb4.4.2&#8243; background_color=\u00bbrgba(255,255,255,0.9)\u00bb][et_pb_column type=\u00bb1_2&#8243; _builder_version=\u00bb4.4.0&#8243;][et_pb_text module_id=\u00bbbalber\u00bb _builder_version=\u00bb4.4.2&#8243;]<\/p>\n<h2>Quienes Somos?<\/h2>\n<p>&nbsp;<\/p>\n<p>Desde su fundaci\u00f3n, en 1987, EXTERNAL MARKET ha sido referente en el mercado de las COMUNICACIONES GRAFICAS participando activamente en los cambios del sector.<\/p>\n<p>Siempre asociado a desarrolladores tecnol\u00f3gicos con liderazgo mundial, hoy ofrecemos en el mercado argentino equipamiento y sistemas que contribuyen a dar soluciones en el campo de la gesti\u00f3n de la informaci\u00f3n y de los documentos.<\/p>\n<p>Somos representantes de RICOH LATIN AMERICA, para su marca LANIER.<\/p>\n<p>Nuestro objetivo es apoyar a las organizaciones en la gesti\u00f3n eficaz de su informaci\u00f3n como as\u00ed tambi\u00e9n en el proceso de crecimiento en la productividad y rentabilidad de sus negocios.<\/p>\n<p>Lo hacemos ayudando a optimizar y administrar sus flujos de impresi\u00f3n, copiado, digitalizaci\u00f3n, almacenamiento, indexaci\u00f3n y distribuci\u00f3n de sus documentos. Basados en indicadores de calidad de servicio y con la permanente capacitaci\u00f3n de nuestros recursos humanos en todas las \u00e1reas[\/et_pb_text][et_pb_image src=\u00bbhttps:\/\/expografika.com\/n\/wp-content\/uploads\/2020\/06\/LOGO-MAYORISTA-RICOH.png\u00bb title_text=\u00bbLOGO MAYORISTA RICOH\u00bb _builder_version=\u00bb4.4.8&#8243;][\/et_pb_image][\/et_pb_column][et_pb_column type=\u00bb1_2&#8243; _builder_version=\u00bb4.4.0&#8243;][et_pb_text _builder_version=\u00bb4.4.8&#8243;]<\/p>\n<h2>Contactate con EXTERNAL MARKET<\/h2>\n<p>[\/et_pb_text][et_pb_contact_form email=\u00bbmarketing@external-market.com.ar\u00bb _builder_version=\u00bb4.4.8&#8243;][et_pb_contact_field field_id=\u00bbName\u00bb field_title=\u00bbNombre\u00bb _builder_version=\u00bb3.16&#8243; button_text_size__hover_enabled=\u00bboff\u00bb button_one_text_size__hover_enabled=\u00bboff\u00bb button_two_text_size__hover_enabled=\u00bboff\u00bb button_text_color__hover_enabled=\u00bboff\u00bb button_one_text_color__hover_enabled=\u00bboff\u00bb button_two_text_color__hover_enabled=\u00bboff\u00bb button_border_width__hover_enabled=\u00bboff\u00bb button_one_border_width__hover_enabled=\u00bboff\u00bb button_two_border_width__hover_enabled=\u00bboff\u00bb button_border_color__hover_enabled=\u00bboff\u00bb button_one_border_color__hover_enabled=\u00bboff\u00bb button_two_border_color__hover_enabled=\u00bboff\u00bb button_border_radius__hover_enabled=\u00bboff\u00bb button_one_border_radius__hover_enabled=\u00bboff\u00bb button_two_border_radius__hover_enabled=\u00bboff\u00bb button_letter_spacing__hover_enabled=\u00bboff\u00bb button_one_letter_spacing__hover_enabled=\u00bboff\u00bb button_two_letter_spacing__hover_enabled=\u00bboff\u00bb button_bg_color__hover_enabled=\u00bboff\u00bb button_one_bg_color__hover_enabled=\u00bboff\u00bb button_two_bg_color__hover_enabled=\u00bboff\u00bb][\/et_pb_contact_field][et_pb_contact_field field_id=\u00bbEmail\u00bb field_title=\u00bbDirecci\u00f3n de correo electr\u00f3nico\u00bb field_type=\u00bbemail\u00bb _builder_version=\u00bb3.16&#8243; button_text_size__hover_enabled=\u00bboff\u00bb button_one_text_size__hover_enabled=\u00bboff\u00bb button_two_text_size__hover_enabled=\u00bboff\u00bb button_text_color__hover_enabled=\u00bboff\u00bb button_one_text_color__hover_enabled=\u00bboff\u00bb button_two_text_color__hover_enabled=\u00bboff\u00bb button_border_width__hover_enabled=\u00bboff\u00bb button_one_border_width__hover_enabled=\u00bboff\u00bb button_two_border_width__hover_enabled=\u00bboff\u00bb button_border_color__hover_enabled=\u00bboff\u00bb button_one_border_color__hover_enabled=\u00bboff\u00bb button_two_border_color__hover_enabled=\u00bboff\u00bb button_border_radius__hover_enabled=\u00bboff\u00bb button_one_border_radius__hover_enabled=\u00bboff\u00bb button_two_border_radius__hover_enabled=\u00bboff\u00bb button_letter_spacing__hover_enabled=\u00bboff\u00bb button_one_letter_spacing__hover_enabled=\u00bboff\u00bb button_two_letter_spacing__hover_enabled=\u00bboff\u00bb button_bg_color__hover_enabled=\u00bboff\u00bb button_one_bg_color__hover_enabled=\u00bboff\u00bb button_two_bg_color__hover_enabled=\u00bboff\u00bb][\/et_pb_contact_field][et_pb_contact_field field_id=\u00bbMessage\u00bb field_title=\u00bbMensaje\u00bb field_type=\u00bbtext\u00bb fullwidth_field=\u00bbon\u00bb _builder_version=\u00bb3.16&#8243; button_text_size__hover_enabled=\u00bboff\u00bb button_one_text_size__hover_enabled=\u00bboff\u00bb button_two_text_size__hover_enabled=\u00bboff\u00bb button_text_color__hover_enabled=\u00bboff\u00bb button_one_text_color__hover_enabled=\u00bboff\u00bb button_two_text_color__hover_enabled=\u00bboff\u00bb button_border_width__hover_enabled=\u00bboff\u00bb button_one_border_width__hover_enabled=\u00bboff\u00bb button_two_border_width__hover_enabled=\u00bboff\u00bb button_border_color__hover_enabled=\u00bboff\u00bb button_one_border_color__hover_enabled=\u00bboff\u00bb button_two_border_color__hover_enabled=\u00bboff\u00bb button_border_radius__hover_enabled=\u00bboff\u00bb button_one_border_radius__hover_enabled=\u00bboff\u00bb button_two_border_radius__hover_enabled=\u00bboff\u00bb button_letter_spacing__hover_enabled=\u00bboff\u00bb button_one_letter_spacing__hover_enabled=\u00bboff\u00bb button_two_letter_spacing__hover_enabled=\u00bboff\u00bb button_bg_color__hover_enabled=\u00bboff\u00bb button_one_bg_color__hover_enabled=\u00bboff\u00bb button_two_bg_color__hover_enabled=\u00bboff\u00bb][\/et_pb_contact_field][\/et_pb_contact_form][et_pb_text _builder_version=\u00bb4.4.8&#8243; text_font_size=\u00bb16px\u00bb]<\/p>\n<h3 style=\"font-weight: 400;\">Datos de Contacto:<\/h3>\n<p><svg class=\"svg-inline--fa fa-phone fa-w-16\" aria-hidden=\"true\" focusable=\"false\" data-prefix=\"fas\" data-icon=\"phone\" role=\"img\" xmlns=\"http:\/\/www.w3.org\/2000\/svg\" viewbox=\"0 0 512 512\" data-fa-i2svg=\"\"><path fill=\"currentColor\" d=\"M493.4 24.6l-104-24c-11.3-2.6-22.9 3.3-27.5 13.9l-48 112c-4.2 9.8-1.4 21.3 6.9 28l60.6 49.6c-36 76.7-98.9 140.5-177.2 177.2l-49.6-60.6c-6.8-8.3-18.2-11.1-28-6.9l-112 48C3.9 366.5-2 378.1.6 389.4l24 104C27.1 504.2 36.7 512 48 512c256.1 0 464-207.5 464-464 0-11.2-7.7-20.9-18.6-23.4z\"><\/path><\/svg><!-- <i class=\"fas fa-phone\"><\/i> --> +54 9 11 4765-7500<\/p>\n<p><svg class=\"svg-inline--fa fa-envelope-open-text fa-w-16\" aria-hidden=\"true\" focusable=\"false\" data-prefix=\"fas\" data-icon=\"envelope-open-text\" role=\"img\" xmlns=\"http:\/\/www.w3.org\/2000\/svg\" viewbox=\"0 0 512 512\" data-fa-i2svg=\"\"><path fill=\"currentColor\" d=\"M176 216h160c8.84 0 16-7.16 16-16v-16c0-8.84-7.16-16-16-16H176c-8.84 0-16 7.16-16 16v16c0 8.84 7.16 16 16 16zm-16 80c0 8.84 7.16 16 16 16h160c8.84 0 16-7.16 16-16v-16c0-8.84-7.16-16-16-16H176c-8.84 0-16 7.16-16 16v16zm96 121.13c-16.42 0-32.84-5.06-46.86-15.19L0 250.86V464c0 26.51 21.49 48 48 48h416c26.51 0 48-21.49 48-48V250.86L302.86 401.94c-14.02 10.12-30.44 15.19-46.86 15.19zm237.61-254.18c-8.85-6.94-17.24-13.47-29.61-22.81V96c0-26.51-21.49-48-48-48h-77.55c-3.04-2.2-5.87-4.26-9.04-6.56C312.6 29.17 279.2-.35 256 0c-23.2-.35-56.59 29.17-73.41 41.44-3.17 2.3-6 4.36-9.04 6.56H96c-26.51 0-48 21.49-48 48v44.14c-12.37 9.33-20.76 15.87-29.61 22.81A47.995 47.995 0 0 0 0 200.72v10.65l96 69.35V96h320v184.72l96-69.35v-10.65c0-14.74-6.78-28.67-18.39-37.77z\"><\/path><\/svg><!-- <i class=\"fas fa-envelope-open-text\"><\/i> --> <a href=\" marketing@external-market.com.ar?subject=Contacto%20Expogr\u00e1fika\" target=\"_blank\" rel=\"noopener noreferrer\"> marketing@external-market.com.ar<\/a><\/p>\n<p><svg class=\"svg-inline--fa fa-phone fa-w-16\" aria-hidden=\"true\" focusable=\"false\" data-prefix=\"fas\" data-icon=\"phone\" role=\"img\" xmlns=\"http:\/\/www.w3.org\/2000\/svg\" viewbox=\"0 0 512 512\" data-fa-i2svg=\"\"><path fill=\"currentColor\" d=\"M493.4 24.6l-104-24c-11.3-2.6-22.9 3.3-27.5 13.9l-48 112c-4.2 9.8-1.4 21.3 6.9 28l60.6 49.6c-36 76.7-98.9 140.5-177.2 177.2l-49.6-60.6c-6.8-8.3-18.2-11.1-28-6.9l-112 48C3.9 366.5-2 378.1.6 389.4l24 104C27.1 504.2 36.7 512 48 512c256.1 0 464-207.5 464-464 0-11.2-7.7-20.9-18.6-23.4z\"><\/path><\/svg><!-- <i class=\"fas fa-phone\"><\/i> --> +54 9 11 5906-3498<\/p>\n<p><svg class=\"svg-inline--fa fa-envelope-open-text fa-w-16\" aria-hidden=\"true\" focusable=\"false\" data-prefix=\"fas\" data-icon=\"envelope-open-text\" role=\"img\" xmlns=\"http:\/\/www.w3.org\/2000\/svg\" viewbox=\"0 0 512 512\" data-fa-i2svg=\"\"><path fill=\"currentColor\" d=\"M176 216h160c8.84 0 16-7.16 16-16v-16c0-8.84-7.16-16-16-16H176c-8.84 0-16 7.16-16 16v16c0 8.84 7.16 16 16 16zm-16 80c0 8.84 7.16 16 16 16h160c8.84 0 16-7.16 16-16v-16c0-8.84-7.16-16-16-16H176c-8.84 0-16 7.16-16 16v16zm96 121.13c-16.42 0-32.84-5.06-46.86-15.19L0 250.86V464c0 26.51 21.49 48 48 48h416c26.51 0 48-21.49 48-48V250.86L302.86 401.94c-14.02 10.12-30.44 15.19-46.86 15.19zm237.61-254.18c-8.85-6.94-17.24-13.47-29.61-22.81V96c0-26.51-21.49-48-48-48h-77.55c-3.04-2.2-5.87-4.26-9.04-6.56C312.6 29.17 279.2-.35 256 0c-23.2-.35-56.59 29.17-73.41 41.44-3.17 2.3-6 4.36-9.04 6.56H96c-26.51 0-48 21.49-48 48v44.14c-12.37 9.33-20.76 15.87-29.61 22.81A47.995 47.995 0 0 0 0 200.72v10.65l96 69.35V96h320v184.72l96-69.35v-10.65c0-14.74-6.78-28.67-18.39-37.77z\"><\/path><\/svg><!-- <i class=\"fas fa-envelope-open-text\"><\/i> --> <a href=\" dtocomer@external-market.com.ar?subject=Contacto%20Expogr\u00e1fika\" target=\"_blank\" rel=\"noopener noreferrer\">  dtocomer@external-market.com.ar<\/a><\/p>\n<p><svg class=\"svg-inline--fa fa-globe fa-w-16\" aria-hidden=\"true\" focusable=\"false\" data-prefix=\"fas\" data-icon=\"globe\" role=\"img\" xmlns=\"http:\/\/www.w3.org\/2000\/svg\" viewbox=\"0 0 496 512\" data-fa-i2svg=\"\"><path fill=\"currentColor\" d=\"M336.5 160C322 70.7 287.8 8 248 8s-74 62.7-88.5 152h177zM152 256c0 22.2 1.2 43.5 3.3 64h185.3c2.1-20.5 3.3-41.8 3.3-64s-1.2-43.5-3.3-64H155.3c-2.1 20.5-3.3 41.8-3.3 64zm324.7-96c-28.6-67.9-86.5-120.4-158-141.6 24.4 33.8 41.2 84.7 50 141.6h108zM177.2 18.4C105.8 39.6 47.8 92.1 19.3 160h108c8.7-56.9 25.5-107.8 49.9-141.6zM487.4 192H372.7c2.1 21 3.3 42.5 3.3 64s-1.2 43-3.3 64h114.6c5.5-20.5 8.6-41.8 8.6-64s-3.1-43.5-8.5-64zM120 256c0-21.5 1.2-43 3.3-64H8.6C3.2 212.5 0 233.8 0 256s3.2 43.5 8.6 64h114.6c-2-21-3.2-42.5-3.2-64zm39.5 96c14.5 89.3 48.7 152 88.5 152s74-62.7 88.5-152h-177zm159.3 141.6c71.4-21.2 129.4-73.7 158-141.6h-108c-8.8 56.9-25.6 107.8-50 141.6zM19.3 352c28.6 67.9 86.5 120.4 158 141.6-24.4-33.8-41.2-84.7-50-141.6h-108z\"><\/path><\/svg><!-- <i class=\"fas fa-globe\"><\/i> --> <a href=\"http:\/\/external-market.com.ar\/\" target=\"_blank\" rel=\"noopener noreferrer\">www.external-market.com.ar<\/a>[\/et_pb_text][\/et_pb_column][\/et_pb_row][et_pb_row column_structure=\u00bb1_4,1_4,1_4,1_4&#8243; _builder_version=\u00bb4.4.8&#8243; width=\u00bb91%\u00bb max_width=\u00bb1650px\u00bb][et_pb_column type=\u00bb1_4&#8243; _builder_version=\u00bb4.4.8&#8243;][et_pb_image src=\u00bbhttp:\/\/expografika.com\/n\/wp-content\/uploads\/2020\/06\/5200.png\u00bb title_text=\u00bb5200&#8243; show_in_lightbox=\u00bbon\u00bb _builder_version=\u00bb4.4.8&#8243;][\/et_pb_image][\/et_pb_column][et_pb_column type=\u00bb1_4&#8243; _builder_version=\u00bb4.4.8&#8243;][et_pb_image src=\u00bbhttp:\/\/expografika.com\/n\/wp-content\/uploads\/2020\/06\/Rl1000.jpg\u00bb title_text=\u00bbRl1000&#8243; show_in_lightbox=\u00bbon\u00bb _builder_version=\u00bb4.4.8&#8243;][\/et_pb_image][\/et_pb_column][et_pb_column type=\u00bb1_4&#8243; _builder_version=\u00bb4.4.8&#8243;][et_pb_image src=\u00bbhttp:\/\/expografika.com\/n\/wp-content\/uploads\/2020\/06\/7200.png\u00bb title_text=\u00bb7200&#8243; show_in_lightbox=\u00bbon\u00bb _builder_version=\u00bb4.4.8&#8243;][\/et_pb_image][\/et_pb_column][et_pb_column type=\u00bb1_4&#8243; _builder_version=\u00bb4.4.8&#8243;][et_pb_image src=\u00bbhttp:\/\/expografika.com\/n\/wp-content\/uploads\/2020\/07\/Ricoh-Pro-L5160.png\u00bb title_text=\u00bbRicoh Pro L5160&#8243; show_in_lightbox=\u00bbon\u00bb _builder_version=\u00bb4.4.8&#8243;][\/et_pb_image][\/et_pb_column][\/et_pb_row][et_pb_row _builder_version=\u00bb4.4.8&#8243; background_color=\u00bb#ffffff\u00bb][et_pb_column type=\u00bb4_4&#8243; _builder_version=\u00bb4.4.8&#8243;][et_pb_text _builder_version=\u00bb4.4.8&#8243;]<\/p>\n<h2>PRODUCTOS DESTACADOS<\/h2>\n<p>[\/et_pb_text][\/et_pb_column][\/et_pb_row][et_pb_row column_structure=\u00bb1_2,1_2&#8243; module_id=\u00bbliviana\u00bb _builder_version=\u00bb4.4.8&#8243;][et_pb_column type=\u00bb1_2&#8243; _builder_version=\u00bb4.4.8&#8243;][et_pb_blurb title=\u00bbRICOH\/LANIER PRO C5200s\u00bb image=\u00bbhttps:\/\/expografika.com\/n\/wp-content\/uploads\/2020\/06\/4-4.jpg\u00bb _builder_version=\u00bb4.4.8&#8243; link_option_url=\u00bbhttp:\/\/external-market.com.ar\/portfolio_page\/ricoh-pro-c5200sc5210s\/\u00bb link_option_url_new_window=\u00bbon\u00bb]<\/p>\n<p><a href=\"http:\/\/external-market.com.ar\/portfolio_page\/ricoh-pro-c5200sc5210s\/\" target=\"_blank\" rel=\"noopener noreferrer\">Ver m\u00e1s<\/a><\/p>\n<p>[\/et_pb_blurb][\/et_pb_column][et_pb_column type=\u00bb1_2&#8243; _builder_version=\u00bb4.4.8&#8243;][et_pb_blurb title=\u00bbRICOH PROL 5160&#8243; image=\u00bbhttp:\/\/external-market.com.ar\/wp-content\/uploads\/2017\/04\/1.png\u00bb _builder_version=\u00bb4.4.8&#8243; link_option_url=\u00bbhttp:\/\/external-market.com.ar\/portfolio_page\/ricoh-pro-4130-l4160\/\u00bb link_option_url_new_window=\u00bbon\u00bb]<\/p>\n<p><a href=\"http:\/\/external-market.com.ar\/portfolio_page\/ricoh-pro-4130-l4160\/\" target=\"_blank\" rel=\"noopener noreferrer\">Ver m\u00e1s<\/a><\/p>\n<p>[\/et_pb_blurb][\/et_pb_column][\/et_pb_row][et_pb_row column_structure=\u00bb1_2,1_2&#8243; module_id=\u00bbproduccion\u00bb _builder_version=\u00bb4.4.8&#8243; background_color=\u00bb#ffffff\u00bb][et_pb_column type=\u00bb1_2&#8243; _builder_version=\u00bb4.4.8&#8243;][et_pb_blurb title=\u00bbRICOH\/LANIER Serie Pro&#x2122; C9200&#8243; image=\u00bbhttp:\/\/external-market.com.ar\/wp-content\/uploads\/2017\/04\/1-10.jpg\u00bb _builder_version=\u00bb4.4.8&#8243; link_option_url=\u00bbhttp:\/\/external-market.com.ar\/portfolio_page\/ricoh-pro-9200\/\u00bb link_option_url_new_window=\u00bbon\u00bb]<\/p>\n<p><a href=\"http:\/\/external-market.com.ar\/portfolio_page\/ricoh-pro-9200\/\" target=\"_blank\" rel=\"noopener noreferrer\">Ver m\u00e1s<\/a><\/p>\n<p>[\/et_pb_blurb][\/et_pb_column][et_pb_column type=\u00bb1_2&#8243; _builder_version=\u00bb4.4.8&#8243;][et_pb_blurb title=\u00bbRICOH\/LANIER SERIE PRO C7100&#8243; image=\u00bbhttp:\/\/external-market.com.ar\/wp-content\/uploads\/2017\/04\/2-10.jpg\u00bb _builder_version=\u00bb4.4.8&#8243; link_option_url=\u00bbhttp:\/\/external-market.com.ar\/portfolio_page\/lanier-pro-c7110x\/\u00bb link_option_url_new_window=\u00bbon\u00bb]<\/p>\n<p><a href=\"http:\/\/external-market.com.ar\/portfolio_page\/lanier-pro-c7110x\/\">Ver m\u00e1s<\/a><\/p>\n<p>[\/et_pb_blurb][\/et_pb_column][\/et_pb_row][et_pb_row _builder_version=\u00bb4.4.8&#8243; background_color=\u00bb#e5e5e5&#8243;][et_pb_column type=\u00bb4_4&#8243; _builder_version=\u00bb4.4.8&#8243;][et_pb_button button_url=\u00bbhttp:\/\/external-market.com.ar\/portfolio\/\u00bb url_new_window=\u00bbon\u00bb button_text=\u00bbVER TODOS LOS PRODUCTOS\u00bb button_alignment=\u00bbcenter\u00bb _builder_version=\u00bb4.4.8&#8243;][\/et_pb_button][\/et_pb_column][\/et_pb_row][et_pb_row _builder_version=\u00bb4.4.8&#8243;][et_pb_column type=\u00bb4_4&#8243; _builder_version=\u00bb4.4.8&#8243;][et_pb_image src=\u00bbhttp:\/\/expografika.com\/n\/wp-content\/uploads\/2020\/06\/produc.jpg\u00bb title_text=\u00bbproduc\u00bb show_in_lightbox=\u00bbon\u00bb _builder_version=\u00bb4.4.8&#8243;][\/et_pb_image][\/et_pb_column][\/et_pb_row][\/et_pb_section]<\/p>\n","protected":false},"excerpt":{"rendered":"<p>[devvn_ihotspot id=\u00bb6121&#8243;]Quienes Somos? &nbsp; Desde su fundaci\u00f3n, en 1987, EXTERNAL MARKET ha sido referente en el mercado de las COMUNICACIONES GRAFICAS participando activamente en los cambios del sector. Siempre asociado a desarrolladores tecnol\u00f3gicos con liderazgo mundial, hoy ofrecemos en el mercado argentino equipamiento y sistemas que contribuyen a dar soluciones en el campo de la [&hellip;]<\/p>\n","protected":false},"featured_media":6136,"template":"","meta":{"_et_pb_use_builder":"on","_et_pb_old_content":"","_et_gb_content_width":"","_joinchat":{"telephone":"+541147657500"}},"product_brand":[],"product_cat":[129,180,133],"product_tag":[186,176,191,154,185,117,103,148,136,140,188,161,184,164,183,177,187,142,189,190],"class_list":{"0":"post-6120","1":"product","2":"type-product","3":"status-publish","4":"has-post-thumbnail","6":"product_cat-equipamiento-grafico","7":"product_cat-insumos-2","8":"product_cat-insumos","9":"product_tag-dtg","10":"product_tag-escaner","11":"product_tag-external-market","12":"product_tag-fotocopiadoras","13":"product_tag-gigantografia","14":"product_tag-gran-formato","15":"product_tag-impresion-digital","16":"product_tag-impresoras","17":"product_tag-insumos","18":"product_tag-lanier","19":"product_tag-latex","20":"product_tag-multifuncion","21":"product_tag-plotter","22":"product_tag-plotters","23":"product_tag-prensas","24":"product_tag-produccion-digital","25":"product_tag-remeras","26":"product_tag-ricoh","27":"product_tag-telas","28":"product_tag-textil","30":"first","31":"instock","32":"featured","33":"shipping-taxable","34":"product-type-simple"},"aioseo_notices":[],"_links":{"self":[{"href":"https:\/\/expografika.com\/n\/wp-json\/wp\/v2\/product\/6120","targetHints":{"allow":["GET"]}}],"collection":[{"href":"https:\/\/expografika.com\/n\/wp-json\/wp\/v2\/product"}],"about":[{"href":"https:\/\/expografika.com\/n\/wp-json\/wp\/v2\/types\/product"}],"wp:featuredmedia":[{"embeddable":true,"href":"https:\/\/expografika.com\/n\/wp-json\/wp\/v2\/media\/6136"}],"wp:attachment":[{"href":"https:\/\/expografika.com\/n\/wp-json\/wp\/v2\/media?parent=6120"}],"wp:term":[{"taxonomy":"product_brand","embeddable":true,"href":"https:\/\/expografika.com\/n\/wp-json\/wp\/v2\/product_brand?post=6120"},{"taxonomy":"product_cat","embeddable":true,"href":"https:\/\/expografika.com\/n\/wp-json\/wp\/v2\/product_cat?post=6120"},{"taxonomy":"product_tag","embeddable":true,"href":"https:\/\/expografika.com\/n\/wp-json\/wp\/v2\/product_tag?post=6120"}],"curies":[{"name":"wp","href":"https:\/\/api.w.org\/{rel}","templated":true}]}}