{"id":6230,"date":"2020-06-17T21:08:18","date_gmt":"2020-06-18T00:08:18","guid":{"rendered":"http:\/\/expografika.com\/n\/?post_type=product&#038;p=6230"},"modified":"2020-06-17T21:20:56","modified_gmt":"2020-06-18T00:20:56","slug":"wabi","status":"publish","type":"product","link":"https:\/\/expografika.com\/n\/producto\/wabi\/","title":{"rendered":"WABI"},"content":{"rendered":"<p>[et_pb_section fb_built=\u00bb1&#8243; _builder_version=\u00bb4.4.2&#8243; background_color=\u00bb#cecece\u00bb background_image=\u00bbhttps:\/\/expografika.com\/n\/wp-content\/uploads\/2019\/10\/bg1.gif\u00bb background_blend=\u00bbmultiply\u00bb custom_padding=\u00bb3px||18px|||\u00bb][et_pb_row _builder_version=\u00bb4.4.2&#8243; custom_margin=\u00bb|auto|-5px|auto||\u00bb custom_padding=\u00bb19px||6px|||\u00bb][et_pb_column type=\u00bb4_4&#8243; _builder_version=\u00bb4.4.0&#8243;][et_pb_code _builder_version=\u00bb4.4.8&#8243;][devvn_ihotspot id=\u00bb6216&#8243;][\/et_pb_code][\/et_pb_column][\/et_pb_row][\/et_pb_section][et_pb_section fb_built=\u00bb1&#8243; _builder_version=\u00bb4.4.0&#8243; background_image=\u00bbhttps:\/\/expografika.com\/n\/wp-content\/uploads\/2019\/10\/bg1.gif\u00bb parallax=\u00bbon\u00bb][et_pb_row column_structure=\u00bb1_2,1_2&#8243; module_id=\u00bbquienes\u00bb _builder_version=\u00bb4.4.8&#8243; background_color=\u00bbrgba(255,255,255,0.9)\u00bb][et_pb_column type=\u00bb1_2&#8243; _builder_version=\u00bb4.4.0&#8243;][et_pb_text module_id=\u00bbbalber\u00bb _builder_version=\u00bb4.4.8&#8243;]<\/p>\n<h2>Quienes Somos?<\/h2>\n<p>Desde nuestros inicios ideol\u00f3gicos, all\u00e1 por el a\u00f1o 2001, nos desvelaba la necesidad de muchos clientes al momento de imprimir etiquetas full color para identificar sus productos.<\/p>\n<p>El mercado productor de etiquetas s\u00f3lo pod\u00eda ofrecer calidad premium cuando el comprador estaba dispuesto a comprar grandes vol\u00famenes.\u00a0Pero\u2026 \u00bf\u00bf\u00bfQu\u00e9 suced\u00eda con todas esas peque\u00f1as cantidades de productos, originadas en una gran variedad de SKU???<\/p>\n<p>Las empresas de cosm\u00e9ticos incluyendo a las m\u00e1s grandes, los fabricantes de mermeladas, cervezas artesanales, aromatizantes de ambientes, insecticidas, tintas, insumos para el hogar, cotillon, todas ellas deb\u00edan estar dispuestas un<span>\u00a0<\/span><strong><em>sobre stock<\/em><\/strong><span>\u00a0<\/span>si quer\u00edan conservar la calidad de las etiquetas.<\/p>\n<p>Hoy, nuestros clientes gozan de una calidad de impresi\u00f3n superior a la flexograf\u00eda tradicional y de la ventaja que implica producir la cantidad exacta que se va a consumir, sin grandes inventarios inmovilizados; sin materiales obsoletos por cambios de f\u00f3rmula, producto, presentaci\u00f3n, envase, etc.<\/p>\n<p>En el 2010 irrumpen en el marcado los cabezales<span>\u00a0<\/span><strong>Memjet<\/strong>. El i<strong>nvento m\u00e1s revolucionario<\/strong><span>\u00a0<\/span>en el mundo de la impresi\u00f3n de<span>\u00a0<\/span><strong>etiquetas en rollo<\/strong>.<\/p>\n<p>Inmediatamente iniciamos nuestro contacto con<span>\u00a0<\/span><strong>Colordyne<\/strong><span>\u00a0<\/span>y, desde aqu\u00e9l entonces, comenzamos a trabajar en conjunto para lograr un producto maduro en<span>\u00a0<\/span><strong>Am\u00e9rica del Sur<\/strong>.<\/p>\n<p>Podemos decir con orgullo que somos la empresa m\u00e1s capacitada de la regi\u00f3n en el manejo de este tipo de tecnolog\u00edas. Adem\u00e1s de que hemos formado un ecosistema de alianzas estrat\u00e9gicas, con el fin de que las impresoras Colordyne se transformaran en una soluci\u00f3n llave en mano para cada uno de nuestros clientes.<\/p>\n<p>Nuestros aliados m\u00e1s importantes son Colordyne, UPM Raflatac, Meccanica Maggiore y Wilson Manufacturing.<\/p>\n<p>[\/et_pb_text][\/et_pb_column][et_pb_column type=\u00bb1_2&#8243; _builder_version=\u00bb4.4.0&#8243;][et_pb_text _builder_version=\u00bb4.4.8&#8243;]<\/p>\n<h2>Contactate con\u00a0<\/h2>\n<p>[\/et_pb_text][et_pb_wc_title _builder_version=\u00bb4.4.8&#8243;][\/et_pb_wc_title][et_pb_contact_form email=\u00bbinfo@wabisa.com\u00bb _builder_version=\u00bb4.4.8&#8243;][et_pb_contact_field field_id=\u00bbName\u00bb field_title=\u00bbNombre\u00bb _builder_version=\u00bb3.16&#8243; button_text_size__hover_enabled=\u00bboff\u00bb button_one_text_size__hover_enabled=\u00bboff\u00bb button_two_text_size__hover_enabled=\u00bboff\u00bb button_text_color__hover_enabled=\u00bboff\u00bb button_one_text_color__hover_enabled=\u00bboff\u00bb button_two_text_color__hover_enabled=\u00bboff\u00bb button_border_width__hover_enabled=\u00bboff\u00bb button_one_border_width__hover_enabled=\u00bboff\u00bb button_two_border_width__hover_enabled=\u00bboff\u00bb button_border_color__hover_enabled=\u00bboff\u00bb button_one_border_color__hover_enabled=\u00bboff\u00bb button_two_border_color__hover_enabled=\u00bboff\u00bb button_border_radius__hover_enabled=\u00bboff\u00bb button_one_border_radius__hover_enabled=\u00bboff\u00bb button_two_border_radius__hover_enabled=\u00bboff\u00bb button_letter_spacing__hover_enabled=\u00bboff\u00bb button_one_letter_spacing__hover_enabled=\u00bboff\u00bb button_two_letter_spacing__hover_enabled=\u00bboff\u00bb button_bg_color__hover_enabled=\u00bboff\u00bb button_one_bg_color__hover_enabled=\u00bboff\u00bb button_two_bg_color__hover_enabled=\u00bboff\u00bb][\/et_pb_contact_field][et_pb_contact_field field_id=\u00bbEmail\u00bb field_title=\u00bbDirecci\u00f3n de correo electr\u00f3nico\u00bb field_type=\u00bbemail\u00bb _builder_version=\u00bb3.16&#8243; button_text_size__hover_enabled=\u00bboff\u00bb button_one_text_size__hover_enabled=\u00bboff\u00bb button_two_text_size__hover_enabled=\u00bboff\u00bb button_text_color__hover_enabled=\u00bboff\u00bb button_one_text_color__hover_enabled=\u00bboff\u00bb button_two_text_color__hover_enabled=\u00bboff\u00bb button_border_width__hover_enabled=\u00bboff\u00bb button_one_border_width__hover_enabled=\u00bboff\u00bb button_two_border_width__hover_enabled=\u00bboff\u00bb button_border_color__hover_enabled=\u00bboff\u00bb button_one_border_color__hover_enabled=\u00bboff\u00bb button_two_border_color__hover_enabled=\u00bboff\u00bb button_border_radius__hover_enabled=\u00bboff\u00bb button_one_border_radius__hover_enabled=\u00bboff\u00bb button_two_border_radius__hover_enabled=\u00bboff\u00bb button_letter_spacing__hover_enabled=\u00bboff\u00bb button_one_letter_spacing__hover_enabled=\u00bboff\u00bb button_two_letter_spacing__hover_enabled=\u00bboff\u00bb button_bg_color__hover_enabled=\u00bboff\u00bb button_one_bg_color__hover_enabled=\u00bboff\u00bb button_two_bg_color__hover_enabled=\u00bboff\u00bb][\/et_pb_contact_field][et_pb_contact_field field_id=\u00bbMessage\u00bb field_title=\u00bbMensaje\u00bb field_type=\u00bbtext\u00bb fullwidth_field=\u00bbon\u00bb _builder_version=\u00bb3.16&#8243; button_text_size__hover_enabled=\u00bboff\u00bb button_one_text_size__hover_enabled=\u00bboff\u00bb button_two_text_size__hover_enabled=\u00bboff\u00bb button_text_color__hover_enabled=\u00bboff\u00bb button_one_text_color__hover_enabled=\u00bboff\u00bb button_two_text_color__hover_enabled=\u00bboff\u00bb button_border_width__hover_enabled=\u00bboff\u00bb button_one_border_width__hover_enabled=\u00bboff\u00bb button_two_border_width__hover_enabled=\u00bboff\u00bb button_border_color__hover_enabled=\u00bboff\u00bb button_one_border_color__hover_enabled=\u00bboff\u00bb button_two_border_color__hover_enabled=\u00bboff\u00bb button_border_radius__hover_enabled=\u00bboff\u00bb button_one_border_radius__hover_enabled=\u00bboff\u00bb button_two_border_radius__hover_enabled=\u00bboff\u00bb button_letter_spacing__hover_enabled=\u00bboff\u00bb button_one_letter_spacing__hover_enabled=\u00bboff\u00bb button_two_letter_spacing__hover_enabled=\u00bboff\u00bb button_bg_color__hover_enabled=\u00bboff\u00bb button_one_bg_color__hover_enabled=\u00bboff\u00bb button_two_bg_color__hover_enabled=\u00bboff\u00bb][\/et_pb_contact_field][\/et_pb_contact_form][et_pb_text _builder_version=\u00bb4.4.8&#8243; text_font_size=\u00bb16px\u00bb]<\/p>\n<h3 style=\"font-weight: 400;\">Datos de Contacto:<\/h3>\n<p><span>\u00a0Juan B Primoli 7440, Ciudad Aut\u00f3noma de Buenos Aires.<\/span><\/p>\n<p><span>Phone: +54 11 46877144\u00a0<\/span><\/p>\n<p>E-mail: <a href=\"mailto:info@wabisa.com\">info@wabisa.com<\/a><\/p>\n<p>web:\u00a0<a href=\"http:\/\/wabisa.com\/\" target=\"_blank\" rel=\"noopener noreferrer\">www.wabisa.com<\/a><\/p>\n<p>[\/et_pb_text][\/et_pb_column][\/et_pb_row][et_pb_row module_id=\u00bb3d\u00bb _builder_version=\u00bb4.4.8&#8243; background_color=\u00bb#ffffff\u00bb][et_pb_column type=\u00bb4_4&#8243; _builder_version=\u00bb4.4.8&#8243;][et_pb_text _builder_version=\u00bb4.4.8&#8243;]<\/p>\n<h2>PRODUCTOS DESTACADOS<\/h2>\n<p>[\/et_pb_text][\/et_pb_column][\/et_pb_row][et_pb_row module_id=\u00bbequipos\u00bb _builder_version=\u00bb4.4.8&#8243; background_color=\u00bb#ffffff\u00bb][et_pb_column type=\u00bb4_4&#8243; _builder_version=\u00bb4.4.8&#8243;][et_pb_image src=\u00bbhttp:\/\/expografika.com\/n\/wp-content\/uploads\/2020\/06\/Folleto-OKI-FINAL.jpg\u00bb title_text=\u00bbFolleto OKI FINAL\u00bb show_in_lightbox=\u00bbon\u00bb module_id=\u00bboki\u00bb _builder_version=\u00bb4.4.8&#8243;][\/et_pb_image][et_pb_image src=\u00bbhttp:\/\/expografika.com\/n\/wp-content\/uploads\/2020\/06\/Folleto-Colordyne-FINAL-1.jpg\u00bb title_text=\u00bbFolleto Colordyne FINAL (1)\u00bb show_in_lightbox=\u00bbon\u00bb module_id=\u00bbcolor\u00bb _builder_version=\u00bb4.4.8&#8243;][\/et_pb_image][et_pb_image src=\u00bbhttp:\/\/expografika.com\/n\/wp-content\/uploads\/2020\/06\/Folleto-VIP-FINAL-1.jpg\u00bb title_text=\u00bbFolleto VIP FINAL (1)\u00bb show_in_lightbox=\u00bbon\u00bb module_id=\u00bbvip\u00bb _builder_version=\u00bb4.4.8&#8243;][\/et_pb_image][et_pb_image src=\u00bbhttp:\/\/expografika.com\/n\/wp-content\/uploads\/2020\/06\/Folleto-WABI-FINAL.jpg\u00bb title_text=\u00bbFolleto WABI FINAL\u00bb show_in_lightbox=\u00bbon\u00bb _builder_version=\u00bb4.4.8&#8243;][\/et_pb_image][\/et_pb_column][\/et_pb_row][\/et_pb_section]<\/p>\n","protected":false},"excerpt":{"rendered":"<p>[devvn_ihotspot id=\u00bb6216&#8243;]Quienes Somos? Desde nuestros inicios ideol\u00f3gicos, all\u00e1 por el a\u00f1o 2001, nos desvelaba la necesidad de muchos clientes al momento de imprimir etiquetas full color para identificar sus productos. El mercado productor de etiquetas s\u00f3lo pod\u00eda ofrecer calidad premium cuando el comprador estaba dispuesto a comprar grandes vol\u00famenes.\u00a0Pero\u2026 \u00bf\u00bf\u00bfQu\u00e9 suced\u00eda con todas esas peque\u00f1as [&hellip;]<\/p>\n","protected":false},"featured_media":6208,"template":"","meta":{"_et_pb_use_builder":"on","_et_pb_old_content":"","_et_gb_content_width":"","_joinchat":[]},"product_brand":[],"product_cat":[129,180],"product_tag":[201,197,148,200,198,199,202],"class_list":{"0":"post-6230","1":"product","2":"type-product","3":"status-publish","4":"has-post-thumbnail","6":"product_cat-equipamiento-grafico","7":"product_cat-insumos-2","8":"product_tag-colordyne","9":"product_tag-equipamiento-grafico","10":"product_tag-impresoras","11":"product_tag-oki","12":"product_tag-papeles-digitales-tintas","13":"product_tag-troqueles","14":"product_tag-vip-color","16":"first","17":"instock","18":"shipping-taxable","19":"product-type-simple"},"aioseo_notices":[],"_links":{"self":[{"href":"https:\/\/expografika.com\/n\/wp-json\/wp\/v2\/product\/6230","targetHints":{"allow":["GET"]}}],"collection":[{"href":"https:\/\/expografika.com\/n\/wp-json\/wp\/v2\/product"}],"about":[{"href":"https:\/\/expografika.com\/n\/wp-json\/wp\/v2\/types\/product"}],"wp:featuredmedia":[{"embeddable":true,"href":"https:\/\/expografika.com\/n\/wp-json\/wp\/v2\/media\/6208"}],"wp:attachment":[{"href":"https:\/\/expografika.com\/n\/wp-json\/wp\/v2\/media?parent=6230"}],"wp:term":[{"taxonomy":"product_brand","embeddable":true,"href":"https:\/\/expografika.com\/n\/wp-json\/wp\/v2\/product_brand?post=6230"},{"taxonomy":"product_cat","embeddable":true,"href":"https:\/\/expografika.com\/n\/wp-json\/wp\/v2\/product_cat?post=6230"},{"taxonomy":"product_tag","embeddable":true,"href":"https:\/\/expografika.com\/n\/wp-json\/wp\/v2\/product_tag?post=6230"}],"curies":[{"name":"wp","href":"https:\/\/api.w.org\/{rel}","templated":true}]}}