{"id":6726,"date":"2020-09-06T19:45:27","date_gmt":"2020-09-06T22:45:27","guid":{"rendered":"http:\/\/expografika.com\/n\/?post_type=product&#038;p=6726"},"modified":"2020-09-07T22:01:53","modified_gmt":"2020-09-08T01:01:53","slug":"maquinart","status":"publish","type":"product","link":"https:\/\/expografika.com\/n\/producto\/maquinart\/","title":{"rendered":"MAQUINART"},"content":{"rendered":"<p>[et_pb_section fb_built=\u00bb1&#8243; _builder_version=\u00bb4.4.2&#8243; background_color=\u00bb#cecece\u00bb background_image=\u00bbhttps:\/\/expografika.com\/n\/wp-content\/uploads\/2019\/10\/bg1.gif\u00bb background_blend=\u00bbmultiply\u00bb custom_padding=\u00bb3px||18px|||\u00bb][et_pb_row _builder_version=\u00bb4.4.2&#8243; custom_margin=\u00bb|auto|-5px|auto||\u00bb custom_padding=\u00bb19px||6px|||\u00bb][et_pb_column type=\u00bb4_4&#8243; _builder_version=\u00bb4.4.0&#8243;][et_pb_code _builder_version=\u00bb4.5.8&#8243;][devvn_ihotspot id=\u00bb6724&#8243;][\/et_pb_code][\/et_pb_column][\/et_pb_row][\/et_pb_section][et_pb_section fb_built=\u00bb1&#8243; _builder_version=\u00bb4.4.0&#8243; background_image=\u00bbhttps:\/\/expografika.com\/n\/wp-content\/uploads\/2019\/10\/bg1.gif\u00bb parallax=\u00bbon\u00bb][et_pb_row column_structure=\u00bb1_2,1_2&#8243; module_id=\u00bbquienes\u00bb _builder_version=\u00bb4.5.8&#8243; background_color=\u00bbrgba(255,255,255,0.9)\u00bb][et_pb_column type=\u00bb1_2&#8243; _builder_version=\u00bb4.4.0&#8243;][et_pb_text _builder_version=\u00bb4.5.8&#8243;]<\/p>\n<h2>Quienes somos?<\/h2>\n<p>Somos una micropyme familiar, con 2 a\u00f1os en el mercado de herramientas para la industria gr\u00e1fica pero formamos parte del gremio gr\u00e1fico hace m\u00e1s de 10 a\u00f1os.<\/p>\n<p>Nuestro negocio fue cambiando poco a poco ya que fabric\u00e1bamos nuestros rack y laminadoras para nosotros mismos para ahorra tiempo y aprovechar el poco espacio que ten\u00edamos en nuestro taller.<\/p>\n<p>Sabemos\u00a0 lo que es trabajar en poco espacio y con poco tiempo. Hoy nuestra misi\u00f3n es hacer que trabajes c\u00f3modo, de forma pr\u00e1ctica con m\u00e1quinas y\/o herramientas que cumplan con ese objetivo.<\/p>\n<p>[\/et_pb_text][et_pb_text _builder_version=\u00bb4.5.8&#8243; _module_preset=\u00bbdefault\u00bb hover_enabled=\u00bb0&#8243;]<\/p>\n<p><strong><span style=\"color: #3366ff;\">Estamos en\u00a0<\/span><\/strong><\/p>\n<div jstcache=\"37\" class=\"address\" jsan=\"7.address\"><strong><span style=\"color: #3366ff;\">Bruno Mor\u00f3n 870, Maip\u00fa, Mendoza<\/span><\/strong><\/div>\n<div jstcache=\"37\" class=\"address\" jsan=\"7.address\"><a href=\"https:\/\/api.whatsapp.com\/send?phone=542612433541&amp;text=*%C2%A1Hola!*%20te%20escribo%20desde%20Expogr%C3%A1fika\" target=\"_blank\" rel=\"noopener noreferrer\"><span color=\"#3366ff\" style=\"color: #3366ff;\"><b>Whatsapp:\u00a0+54 9 2612 43-3541<\/b><\/span><\/a><\/div>\n<div jstcache=\"37\" class=\"address\" jsan=\"7.address\"><span color=\"#3366ff\" style=\"color: #3366ff;\"><b>E-mail: <a href=\"mailto:contacto@maquinart.com.ar\">contacto@maquinart.com.ar<\/a><\/b><\/span><\/div>\n<div jstcache=\"37\" class=\"address\" jsan=\"7.address\"><span color=\"#3366ff\" style=\"color: #3366ff;\"><b>Web:\u00a0<a href=\"http:\/\/maquinart.com.ar\/\" target=\"_blank\" rel=\"noopener noreferrer\">www.maquinart.com.ar<\/a><\/b><\/span><\/div>\n<div jstcache=\"37\" class=\"address\" jsan=\"7.address\"><span color=\"#3366ff\" style=\"color: #3366ff;\"><b>Instagram <a href=\"https:\/\/www.instagram.com\/maquinart_argentina\/\" target=\"_blank\" rel=\"noopener noreferrer\">@maquinart_argentina<\/a><br \/> Facebook <a href=\"https:\/\/www.facebook.com\/Maquinartargentina\/\" target=\"_blank\" rel=\"noopener noreferrer\">\/Maquinartargentina<\/a><\/b><\/span><\/div>\n<div jstcache=\"37\" class=\"address\" jsan=\"7.address\"><span color=\"#3366ff\" style=\"color: #3366ff;\"><b><\/b><\/span>&#8211;<\/div>\n<div jstcache=\"37\" class=\"address\" jsan=\"7.address\">\n<p><strong>*Ejecutivo de ventas:<\/strong><br \/> Rodolfo Ferreyra<br \/> Tel: 2612433541<\/p>\n<p><strong>*Desarrollo y taller:<\/strong><br \/> Roberto Carmona<br \/> Tel: 2615065855<\/p>\n<\/div>\n<div jstcache=\"37\" class=\"address\" jsan=\"7.address\"><span color=\"#3366ff\" style=\"color: #3366ff;\"><b><\/b><\/span><\/div>\n<div jstcache=\"37\" class=\"address\" jsan=\"7.address\"><span color=\"#3366ff\" style=\"color: #3366ff;\"><b><\/b><\/span><\/div>\n<p>[\/et_pb_text][\/et_pb_column][et_pb_column type=\u00bb1_2&#8243; _builder_version=\u00bb4.4.0&#8243;][et_pb_text _builder_version=\u00bb4.4.8&#8243;]<\/p>\n<h2>Contactate con\u00a0<\/h2>\n<p>[\/et_pb_text][et_pb_wc_title _builder_version=\u00bb4.4.8&#8243;][\/et_pb_wc_title][et_pb_contact_form email=\u00bbcontacto@maquinart.com.ar\u00bb _builder_version=\u00bb4.5.8&#8243;][et_pb_contact_field field_id=\u00bbName\u00bb field_title=\u00bbNombre\u00bb _builder_version=\u00bb3.16&#8243; button_text_size__hover_enabled=\u00bboff\u00bb button_one_text_size__hover_enabled=\u00bboff\u00bb button_two_text_size__hover_enabled=\u00bboff\u00bb button_text_color__hover_enabled=\u00bboff\u00bb button_one_text_color__hover_enabled=\u00bboff\u00bb button_two_text_color__hover_enabled=\u00bboff\u00bb button_border_width__hover_enabled=\u00bboff\u00bb button_one_border_width__hover_enabled=\u00bboff\u00bb button_two_border_width__hover_enabled=\u00bboff\u00bb button_border_color__hover_enabled=\u00bboff\u00bb button_one_border_color__hover_enabled=\u00bboff\u00bb button_two_border_color__hover_enabled=\u00bboff\u00bb button_border_radius__hover_enabled=\u00bboff\u00bb button_one_border_radius__hover_enabled=\u00bboff\u00bb button_two_border_radius__hover_enabled=\u00bboff\u00bb button_letter_spacing__hover_enabled=\u00bboff\u00bb button_one_letter_spacing__hover_enabled=\u00bboff\u00bb button_two_letter_spacing__hover_enabled=\u00bboff\u00bb button_bg_color__hover_enabled=\u00bboff\u00bb button_one_bg_color__hover_enabled=\u00bboff\u00bb button_two_bg_color__hover_enabled=\u00bboff\u00bb][\/et_pb_contact_field][et_pb_contact_field field_id=\u00bbEmail\u00bb field_title=\u00bbDirecci\u00f3n de correo electr\u00f3nico\u00bb field_type=\u00bbemail\u00bb _builder_version=\u00bb3.16&#8243; button_text_size__hover_enabled=\u00bboff\u00bb button_one_text_size__hover_enabled=\u00bboff\u00bb button_two_text_size__hover_enabled=\u00bboff\u00bb button_text_color__hover_enabled=\u00bboff\u00bb button_one_text_color__hover_enabled=\u00bboff\u00bb button_two_text_color__hover_enabled=\u00bboff\u00bb button_border_width__hover_enabled=\u00bboff\u00bb button_one_border_width__hover_enabled=\u00bboff\u00bb button_two_border_width__hover_enabled=\u00bboff\u00bb button_border_color__hover_enabled=\u00bboff\u00bb button_one_border_color__hover_enabled=\u00bboff\u00bb button_two_border_color__hover_enabled=\u00bboff\u00bb button_border_radius__hover_enabled=\u00bboff\u00bb button_one_border_radius__hover_enabled=\u00bboff\u00bb button_two_border_radius__hover_enabled=\u00bboff\u00bb button_letter_spacing__hover_enabled=\u00bboff\u00bb button_one_letter_spacing__hover_enabled=\u00bboff\u00bb button_two_letter_spacing__hover_enabled=\u00bboff\u00bb button_bg_color__hover_enabled=\u00bboff\u00bb button_one_bg_color__hover_enabled=\u00bboff\u00bb button_two_bg_color__hover_enabled=\u00bboff\u00bb][\/et_pb_contact_field][et_pb_contact_field field_id=\u00bbMessage\u00bb field_title=\u00bbMensaje\u00bb field_type=\u00bbtext\u00bb fullwidth_field=\u00bbon\u00bb _builder_version=\u00bb3.16&#8243; button_text_size__hover_enabled=\u00bboff\u00bb button_one_text_size__hover_enabled=\u00bboff\u00bb button_two_text_size__hover_enabled=\u00bboff\u00bb button_text_color__hover_enabled=\u00bboff\u00bb button_one_text_color__hover_enabled=\u00bboff\u00bb button_two_text_color__hover_enabled=\u00bboff\u00bb button_border_width__hover_enabled=\u00bboff\u00bb button_one_border_width__hover_enabled=\u00bboff\u00bb button_two_border_width__hover_enabled=\u00bboff\u00bb button_border_color__hover_enabled=\u00bboff\u00bb button_one_border_color__hover_enabled=\u00bboff\u00bb button_two_border_color__hover_enabled=\u00bboff\u00bb button_border_radius__hover_enabled=\u00bboff\u00bb button_one_border_radius__hover_enabled=\u00bboff\u00bb button_two_border_radius__hover_enabled=\u00bboff\u00bb button_letter_spacing__hover_enabled=\u00bboff\u00bb button_one_letter_spacing__hover_enabled=\u00bboff\u00bb button_two_letter_spacing__hover_enabled=\u00bboff\u00bb button_bg_color__hover_enabled=\u00bboff\u00bb button_one_bg_color__hover_enabled=\u00bboff\u00bb button_two_bg_color__hover_enabled=\u00bboff\u00bb][\/et_pb_contact_field][\/et_pb_contact_form][\/et_pb_column][\/et_pb_row][et_pb_row _builder_version=\u00bb4.5.8&#8243; _module_preset=\u00bbdefault\u00bb][et_pb_column type=\u00bb4_4&#8243; _builder_version=\u00bb4.5.8&#8243; _module_preset=\u00bbdefault\u00bb][et_pb_divider _builder_version=\u00bb4.5.8&#8243; _module_preset=\u00bbdefault\u00bb][\/et_pb_divider][\/et_pb_column][\/et_pb_row][et_pb_row column_structure=\u00bb3_5,2_5&#8243; module_id=\u00bblaminadora\u00bb _builder_version=\u00bb4.5.8&#8243; background_color=\u00bb#ffffff\u00bb][et_pb_column type=\u00bb3_5&#8243; _builder_version=\u00bb4.4.8&#8243;][et_pb_video src=\u00bbhttps:\/\/youtu.be\/mih0I_TEUaM\u00bb _builder_version=\u00bb4.5.8&#8243; _module_preset=\u00bbdefault\u00bb][\/et_pb_video][\/et_pb_column][et_pb_column type=\u00bb2_5&#8243; _builder_version=\u00bb4.4.8&#8243;][et_pb_image src=\u00bbhttp:\/\/expografika.com\/n\/wp-content\/uploads\/2020\/09\/laminadora.jpg\u00bb title_text=\u00bblaminadora\u00bb show_in_lightbox=\u00bbon\u00bb _builder_version=\u00bb4.5.8&#8243; _module_preset=\u00bbdefault\u00bb][\/et_pb_image][\/et_pb_column][\/et_pb_row][et_pb_row column_structure=\u00bb1_2,1_2&#8243; module_id=\u00bbproductos\u00bb _builder_version=\u00bb4.5.8&#8243; background_color=\u00bb#ffffff\u00bb][et_pb_column type=\u00bb1_2&#8243; _builder_version=\u00bb4.4.8&#8243;][et_pb_image src=\u00bbhttp:\/\/expografika.com\/n\/wp-content\/uploads\/2020\/09\/producots2.jpg\u00bb title_text=\u00bbproducots2&#8243; show_in_lightbox=\u00bbon\u00bb _builder_version=\u00bb4.5.8&#8243; _module_preset=\u00bbdefault\u00bb][\/et_pb_image][\/et_pb_column][et_pb_column type=\u00bb1_2&#8243; _builder_version=\u00bb4.4.8&#8243;][et_pb_video src=\u00bbhttps:\/\/youtu.be\/qL_6aEA8hus\u00bb _builder_version=\u00bb4.5.8&#8243; _module_preset=\u00bbdefault\u00bb][\/et_pb_video][\/et_pb_column][\/et_pb_row][et_pb_row module_id=\u00bbportarollos\u00bb _builder_version=\u00bb4.5.8&#8243; _module_preset=\u00bbdefault\u00bb][et_pb_column type=\u00bb4_4&#8243; _builder_version=\u00bb4.5.8&#8243; _module_preset=\u00bbdefault\u00bb][et_pb_image src=\u00bbhttp:\/\/expografika.com\/n\/wp-content\/uploads\/2020\/09\/productos-1.jpg\u00bb title_text=\u00bbproductos-1&#8243; _builder_version=\u00bb4.5.8&#8243; _module_preset=\u00bbdefault\u00bb][\/et_pb_image][\/et_pb_column][\/et_pb_row][\/et_pb_section]<\/p>\n","protected":false},"excerpt":{"rendered":"<p>[devvn_ihotspot id=\u00bb6724&#8243;]Quienes somos? Somos una micropyme familiar, con 2 a\u00f1os en el mercado de herramientas para la industria gr\u00e1fica pero formamos parte del gremio gr\u00e1fico hace m\u00e1s de 10 a\u00f1os. Nuestro negocio fue cambiando poco a poco ya que fabric\u00e1bamos nuestros rack y laminadoras para nosotros mismos para ahorra tiempo y aprovechar el poco espacio [&hellip;]<\/p>\n","protected":false},"featured_media":6727,"template":"","meta":{"_et_pb_use_builder":"on","_et_pb_old_content":"","_et_gb_content_width":"","_joinchat":{"telephone":"+542612433541"}},"product_brand":[],"product_cat":[129],"product_tag":[256,254,255,257],"class_list":{"0":"post-6726","1":"product","2":"type-product","3":"status-publish","4":"has-post-thumbnail","6":"product_cat-equipamiento-grafico","7":"product_tag-aplicador-de-posicionador","8":"product_tag-laminadora","9":"product_tag-portarollos","10":"product_tag-rack-organizador","12":"first","13":"instock","14":"shipping-taxable","15":"product-type-simple"},"aioseo_notices":[],"_links":{"self":[{"href":"https:\/\/expografika.com\/n\/wp-json\/wp\/v2\/product\/6726","targetHints":{"allow":["GET"]}}],"collection":[{"href":"https:\/\/expografika.com\/n\/wp-json\/wp\/v2\/product"}],"about":[{"href":"https:\/\/expografika.com\/n\/wp-json\/wp\/v2\/types\/product"}],"wp:featuredmedia":[{"embeddable":true,"href":"https:\/\/expografika.com\/n\/wp-json\/wp\/v2\/media\/6727"}],"wp:attachment":[{"href":"https:\/\/expografika.com\/n\/wp-json\/wp\/v2\/media?parent=6726"}],"wp:term":[{"taxonomy":"product_brand","embeddable":true,"href":"https:\/\/expografika.com\/n\/wp-json\/wp\/v2\/product_brand?post=6726"},{"taxonomy":"product_cat","embeddable":true,"href":"https:\/\/expografika.com\/n\/wp-json\/wp\/v2\/product_cat?post=6726"},{"taxonomy":"product_tag","embeddable":true,"href":"https:\/\/expografika.com\/n\/wp-json\/wp\/v2\/product_tag?post=6726"}],"curies":[{"name":"wp","href":"https:\/\/api.w.org\/{rel}","templated":true}]}}