{"id":6995,"date":"2020-11-12T12:11:27","date_gmt":"2020-11-12T15:11:27","guid":{"rendered":"http:\/\/expografika.com\/n\/?post_type=product&#038;p=6995"},"modified":"2020-11-26T19:35:39","modified_gmt":"2020-11-26T22:35:39","slug":"ecadat","status":"publish","type":"product","link":"https:\/\/expografika.com\/n\/producto\/ecadat\/","title":{"rendered":"ECADAT"},"content":{"rendered":"<p>[et_pb_section fb_built=\u00bb1&#8243; _builder_version=\u00bb4.4.2&#8243; background_color=\u00bb#cecece\u00bb background_image=\u00bbhttps:\/\/expografika.com\/n\/wp-content\/uploads\/2019\/10\/bg1.gif\u00bb background_blend=\u00bbmultiply\u00bb custom_padding=\u00bb3px||18px|||\u00bb][et_pb_row _builder_version=\u00bb4.4.2&#8243; custom_margin=\u00bb|auto|-5px|auto||\u00bb custom_padding=\u00bb19px||6px|||\u00bb][et_pb_column type=\u00bb4_4&#8243; _builder_version=\u00bb4.4.0&#8243;][et_pb_code _builder_version=\u00bb4.6.5&#8243;][devvn_ihotspot id=\u00bb7003&#8243;][\/et_pb_code][\/et_pb_column][\/et_pb_row][\/et_pb_section][et_pb_section fb_built=\u00bb1&#8243; _builder_version=\u00bb4.4.0&#8243; background_image=\u00bbhttps:\/\/expografika.com\/n\/wp-content\/uploads\/2019\/10\/bg1.gif\u00bb parallax=\u00bbon\u00bb][et_pb_row column_structure=\u00bb1_2,1_2&#8243; module_id=\u00bbquienes\u00bb _builder_version=\u00bb4.4.8&#8243; background_color=\u00bbrgba(255,255,255,0.9)\u00bb][et_pb_column type=\u00bb1_2&#8243; _builder_version=\u00bb4.4.0&#8243;][et_pb_text _builder_version=\u00bb4.6.5&#8243; text_font_size=\u00bb17px\u00bb]<\/p>\n<p>NOSOTROS<\/p>\n<p style=\"font-weight: 400;\">A finales de 1978 comenzamos a transitar nuestra historia con un claro objetivo:\u00a0<strong><b>Ocupar un espacio de liderazgo en los campos de la tecnolog\u00eda.<\/b><\/strong><\/p>\n<p style=\"font-weight: 400;\">Con mas de 40 a\u00f1os trabajando con seriedad y profesionalismo y aprovechando la experiencia adquirida desde los primeros emprendimientos de sus fundadores, logramos una s\u00f3lida organizaci\u00f3n que pone todas sus aptitudes en la b\u00fasqueda de la excelencia en cada proyecto.<\/p>\n<p><strong>Contactate con nosotros!<\/strong><\/p>\n<p><span class=\"contact-telephone\">Whatsapp\u00a0<span>\u00a011 5117 0466<\/span><\/span><\/p>\n<p><a href=\"mailto:ventas@ecadat.com.ar\" target=\"_blank\" rel=\"noopener noreferrer\">ventas@ecadat.com.ar<\/a><\/p>\n<p>&nbsp;<\/p>\n<p>[\/et_pb_text][\/et_pb_column][et_pb_column type=\u00bb1_2&#8243; _builder_version=\u00bb4.4.0&#8243;][et_pb_text _builder_version=\u00bb4.4.8&#8243;]<\/p>\n<h2>Contactate con<\/h2>\n<p>[\/et_pb_text][et_pb_wc_title _builder_version=\u00bb4.4.8&#8243;][\/et_pb_wc_title][et_pb_contact_form email=\u00bbcomercial@ecadat.com.ar\u00bb _builder_version=\u00bb4.6.5&#8243; hover_enabled=\u00bb0&#8243; sticky_enabled=\u00bb0&#8243;][et_pb_contact_field field_id=\u00bbName\u00bb field_title=\u00bbNombre\u00bb _builder_version=\u00bb3.16&#8243; button_text_size__hover_enabled=\u00bboff\u00bb button_one_text_size__hover_enabled=\u00bboff\u00bb button_two_text_size__hover_enabled=\u00bboff\u00bb button_text_color__hover_enabled=\u00bboff\u00bb button_one_text_color__hover_enabled=\u00bboff\u00bb button_two_text_color__hover_enabled=\u00bboff\u00bb button_border_width__hover_enabled=\u00bboff\u00bb button_one_border_width__hover_enabled=\u00bboff\u00bb button_two_border_width__hover_enabled=\u00bboff\u00bb button_border_color__hover_enabled=\u00bboff\u00bb button_one_border_color__hover_enabled=\u00bboff\u00bb button_two_border_color__hover_enabled=\u00bboff\u00bb button_border_radius__hover_enabled=\u00bboff\u00bb button_one_border_radius__hover_enabled=\u00bboff\u00bb button_two_border_radius__hover_enabled=\u00bboff\u00bb button_letter_spacing__hover_enabled=\u00bboff\u00bb button_one_letter_spacing__hover_enabled=\u00bboff\u00bb button_two_letter_spacing__hover_enabled=\u00bboff\u00bb button_bg_color__hover_enabled=\u00bboff\u00bb button_one_bg_color__hover_enabled=\u00bboff\u00bb button_two_bg_color__hover_enabled=\u00bboff\u00bb][\/et_pb_contact_field][et_pb_contact_field field_id=\u00bbEmail\u00bb field_title=\u00bbDirecci\u00f3n de correo electr\u00f3nico\u00bb field_type=\u00bbemail\u00bb _builder_version=\u00bb3.16&#8243; button_text_size__hover_enabled=\u00bboff\u00bb button_one_text_size__hover_enabled=\u00bboff\u00bb button_two_text_size__hover_enabled=\u00bboff\u00bb button_text_color__hover_enabled=\u00bboff\u00bb button_one_text_color__hover_enabled=\u00bboff\u00bb button_two_text_color__hover_enabled=\u00bboff\u00bb button_border_width__hover_enabled=\u00bboff\u00bb button_one_border_width__hover_enabled=\u00bboff\u00bb button_two_border_width__hover_enabled=\u00bboff\u00bb button_border_color__hover_enabled=\u00bboff\u00bb button_one_border_color__hover_enabled=\u00bboff\u00bb button_two_border_color__hover_enabled=\u00bboff\u00bb button_border_radius__hover_enabled=\u00bboff\u00bb button_one_border_radius__hover_enabled=\u00bboff\u00bb button_two_border_radius__hover_enabled=\u00bboff\u00bb button_letter_spacing__hover_enabled=\u00bboff\u00bb button_one_letter_spacing__hover_enabled=\u00bboff\u00bb button_two_letter_spacing__hover_enabled=\u00bboff\u00bb button_bg_color__hover_enabled=\u00bboff\u00bb button_one_bg_color__hover_enabled=\u00bboff\u00bb button_two_bg_color__hover_enabled=\u00bboff\u00bb][\/et_pb_contact_field][et_pb_contact_field field_id=\u00bbMessage\u00bb field_title=\u00bbMensaje\u00bb field_type=\u00bbtext\u00bb fullwidth_field=\u00bbon\u00bb _builder_version=\u00bb3.16&#8243; button_text_size__hover_enabled=\u00bboff\u00bb button_one_text_size__hover_enabled=\u00bboff\u00bb button_two_text_size__hover_enabled=\u00bboff\u00bb button_text_color__hover_enabled=\u00bboff\u00bb button_one_text_color__hover_enabled=\u00bboff\u00bb button_two_text_color__hover_enabled=\u00bboff\u00bb button_border_width__hover_enabled=\u00bboff\u00bb button_one_border_width__hover_enabled=\u00bboff\u00bb button_two_border_width__hover_enabled=\u00bboff\u00bb button_border_color__hover_enabled=\u00bboff\u00bb button_one_border_color__hover_enabled=\u00bboff\u00bb button_two_border_color__hover_enabled=\u00bboff\u00bb button_border_radius__hover_enabled=\u00bboff\u00bb button_one_border_radius__hover_enabled=\u00bboff\u00bb button_two_border_radius__hover_enabled=\u00bboff\u00bb button_letter_spacing__hover_enabled=\u00bboff\u00bb button_one_letter_spacing__hover_enabled=\u00bboff\u00bb button_two_letter_spacing__hover_enabled=\u00bboff\u00bb button_bg_color__hover_enabled=\u00bboff\u00bb button_one_bg_color__hover_enabled=\u00bboff\u00bb button_two_bg_color__hover_enabled=\u00bboff\u00bb][\/et_pb_contact_field][\/et_pb_contact_form][\/et_pb_column][\/et_pb_row][et_pb_row _builder_version=\u00bb4.6.5&#8243; _module_preset=\u00bbdefault\u00bb][et_pb_column type=\u00bb4_4&#8243; _builder_version=\u00bb4.6.5&#8243; _module_preset=\u00bbdefault\u00bb][et_pb_text _builder_version=\u00bb4.6.5&#8243; _module_preset=\u00bbdefault\u00bb text_font=\u00bb|700|||||||\u00bb text_text_color=\u00bb#000000&#8243; text_font_size=\u00bb24px\u00bb text_orientation=\u00bbcenter\u00bb]<\/p>\n<p style=\"font-weight: 400;\"><strong>VEA NUESTROS PRODUCTOS Y CONSULTENOS PARA LOGRAR LA MEJOR SOLUCION<\/strong><\/p>\n<p>[\/et_pb_text][\/et_pb_column][\/et_pb_row][et_pb_row column_structure=\u00bb1_4,1_4,1_4,1_4&#8243; module_id=\u00bbproductos\u00bb _builder_version=\u00bb4.6.5&#8243; background_color=\u00bbrgba(255,255,255,0.9)\u00bb][et_pb_column type=\u00bb1_4&#8243; _builder_version=\u00bb4.4.0&#8243;][et_pb_blurb title=\u00bbDUPLICADORA CV3230&#8243; image=\u00bbhttps:\/\/expografika.com\/n\/wp-content\/uploads\/2020\/11\/duplicadora-producto1.jpg\u00bb _builder_version=\u00bb4.6.5&#8243; _module_preset=\u00bbdefault\u00bb link_option_url=\u00bbhttps:\/\/www.ecadat.com.ar\/duplicadoras\/riso-%7C-cv-3230-detail\u00bb link_option_url_new_window=\u00bbon\u00bb]<b>Alto valor y m\u00e1xima eficiencia en un equipo compacto<\/b><\/p>\n<p>La serie RISO CV es el resultado del amplio conocimiento del mercado y los requerimientos de\u00a0impresi\u00f3n. Proporciona todos los beneficios en un equipo que ofrece ahorro de tiempo y dinero,\u00a0combinado con calidad de impresi\u00f3n, accesibilidad de uso y conectividad.<\/p>\n<p><a href=\"https:\/\/www.ecadat.com.ar\/duplicadoras\/riso-%7C-cv-3230-detail\">VER M\u00c1S -&gt;<\/a><\/p>\n<p>&nbsp;<br \/>\n[\/et_pb_blurb][\/et_pb_column][et_pb_column type=\u00bb1_4&#8243; _builder_version=\u00bb4.4.0&#8243;][et_pb_blurb title=\u00bbCIM | SUNLIGHT SATURN\u00bb image=\u00bbhttps:\/\/expografika.com\/n\/wp-content\/uploads\/2020\/11\/tarjetasplasticas-prod2.jpg\u00bb _builder_version=\u00bb4.6.5&#8243; _module_preset=\u00bbdefault\u00bb link_option_url=\u00bbhttps:\/\/www.ecadat.com.ar\/productos\/impresoras-de-tarjetas-pl%C3%A1sticas-y-embozadoras-1\/impresoras-de-tarjetas-pl%C3%A1sticas\/cim-sunlight-saturn-detail\u00bb link_option_url_new_window=\u00bbon\u00bb]<strong>SUNLIGHT SATURN<\/strong>\u00a0es una impresora de tarjetas pl\u00e1sticas, r\u00e1pida y vers\u00e1til con caracter\u00edsticas tecnol\u00f3gicas de \u00faltima generaci\u00f3n. Se puede configurar con una variedad de opciones como ser: codificaci\u00f3n de banda magn\u00e9tica, codificaci\u00f3n de chip de contacto, codificaci\u00f3n de chip contactless, para as\u00ed permitir la personalizaci\u00f3n de cualquier tipo de tarjeta, desde la m\u00e1s simple a la m\u00e1s compleja. Su tama\u00f1o compacto y sus dos bandejas de entrada opcionales la convierten en una de las impresoras m\u00e1s vers\u00e1tiles en el mercado.<\/p>\n<p><a href=\"https:\/\/www.ecadat.com.ar\/productos\/impresoras-de-tarjetas-pl%C3%A1sticas-y-embozadoras-1\/impresoras-de-tarjetas-pl%C3%A1sticas\/cim-sunlight-saturn-detail\">VER M\u00c1S -&gt;<\/a><\/p>\n<p>&nbsp;<br \/>\n[\/et_pb_blurb][\/et_pb_column][et_pb_column type=\u00bb1_4&#8243; _builder_version=\u00bb4.4.0&#8243;][et_pb_blurb title=\u00bbRISO | ComColor GD7330&#8243; image=\u00bbhttps:\/\/expografika.com\/n\/wp-content\/uploads\/2020\/11\/impresora-prod3.jpg\u00bb _builder_version=\u00bb4.6.5&#8243; _module_preset=\u00bbdefault\u00bb link_option_url=\u00bbhttps:\/\/www.ecadat.com.ar\/productos\/sistemas-de-impresi%C3%B3n-y-copiado\/sistemas-de-producci%C3%B3n\/comcolor-gd7330-detail\u00bb link_option_url_new_window=\u00bbon\u00bb]<strong>M\u00e1xima productividad, al m\u00ednimo coste de impresi\u00f3n<\/strong><\/p>\n<p>Riso ComColor GD es la soluci\u00f3n de impresi\u00f3n m\u00e1s r\u00e1pida de la industria en su categor\u00eda, 130 ppm. Su alta productividad combinada con su gran versatilidad, fiabilidad y calidad convierten a la Serie GD en un equipo de altas prestaciones para dar una r\u00e1pida respuesta a los trabajos de impresi\u00f3n de alto volumen bajo demanda, al coste de impresi\u00f3n en color m\u00e1s competitivo del mercado.<\/p>\n<p><a href=\"https:\/\/www.ecadat.com.ar\/productos\/sistemas-de-impresi%C3%B3n-y-copiado\/sistemas-de-producci%C3%B3n\/comcolor-gd7330-detail\">VER M\u00c1S -&gt;<\/a><\/p>\n<p>&nbsp;<br \/>\n[\/et_pb_blurb][\/et_pb_column][et_pb_column type=\u00bb1_4&#8243; _builder_version=\u00bb4.4.0&#8243;][et_pb_blurb title=\u00bbHONEYWELL | PM43&#8243; image=\u00bbhttps:\/\/expografika.com\/n\/wp-content\/uploads\/2020\/11\/honeywell-prod4.jpg\u00bb _builder_version=\u00bb4.6.5&#8243; _module_preset=\u00bbdefault\u00bb link_option_url=\u00bbhttps:\/\/www.ecadat.com.ar\/productos\/captura-de-datos\/impresoras-de-c%C3%B3digo-de-barras\/honeywell-%7C-pm43-detail\u00bb link_option_url_new_window=\u00bbon\u00bb]Las impresoras industriales de etiquetas de rango medio PM43\/PM43c son ideales para una gran variedad de aplicaciones en entornos de distribuci\u00f3n, almacenaje\u00a0y fabricaci\u00f3n. Ambos modelos est\u00e1n disponibles con gran pantalla t\u00e1ctil a color en 10 idiomas y con seguridad anti manipulaci\u00f3n o bien con interfaz universal mediante iconos. Cuentan con la tecnolog\u00eda Precision Print de Intermec que permite imprimir c\u00f3digos de barras con la m\u00e1xima precisi\u00f3n.<\/p>\n<p><a href=\"https:\/\/www.ecadat.com.ar\/productos\/captura-de-datos\/impresoras-de-c%C3%B3digo-de-barras\/honeywell-%7C-pm43-detail\" target=\"_blank\" rel=\"noopener noreferrer\">VER M\u00c1S -&gt;<\/a><br \/>\n[\/et_pb_blurb][\/et_pb_column][\/et_pb_row][\/et_pb_section]<\/p>\n","protected":false},"excerpt":{"rendered":"<p>[devvn_ihotspot id=\u00bb7003&#8243;]NOSOTROS A finales de 1978 comenzamos a transitar nuestra historia con un claro objetivo:\u00a0Ocupar un espacio de liderazgo en los campos de la tecnolog\u00eda. Con mas de 40 a\u00f1os trabajando con seriedad y profesionalismo y aprovechando la experiencia adquirida desde los primeros emprendimientos de sus fundadores, logramos una s\u00f3lida organizaci\u00f3n que pone todas sus [&hellip;]<\/p>\n","protected":false},"featured_media":6996,"template":"","meta":{"_et_pb_use_builder":"on","_et_pb_old_content":"","_et_gb_content_width":"","_joinchat":[]},"product_brand":[],"product_cat":[129,180],"product_tag":[267,263,261,258,265,266,262,264],"class_list":{"0":"post-6995","1":"product","2":"type-product","3":"status-publish","4":"has-post-thumbnail","6":"product_cat-equipamiento-grafico","7":"product_cat-insumos-2","8":"product_tag-captura-de-datos","9":"product_tag-codigo-barras","10":"product_tag-comcolor","11":"product_tag-duplicadora","12":"product_tag-impresora-de-etiquetas","13":"product_tag-impresora-de-tarjetas","14":"product_tag-impresoras-color","15":"product_tag-riso","17":"first","18":"instock","19":"shipping-taxable","20":"product-type-simple"},"aioseo_notices":[],"_links":{"self":[{"href":"https:\/\/expografika.com\/n\/wp-json\/wp\/v2\/product\/6995","targetHints":{"allow":["GET"]}}],"collection":[{"href":"https:\/\/expografika.com\/n\/wp-json\/wp\/v2\/product"}],"about":[{"href":"https:\/\/expografika.com\/n\/wp-json\/wp\/v2\/types\/product"}],"wp:featuredmedia":[{"embeddable":true,"href":"https:\/\/expografika.com\/n\/wp-json\/wp\/v2\/media\/6996"}],"wp:attachment":[{"href":"https:\/\/expografika.com\/n\/wp-json\/wp\/v2\/media?parent=6995"}],"wp:term":[{"taxonomy":"product_brand","embeddable":true,"href":"https:\/\/expografika.com\/n\/wp-json\/wp\/v2\/product_brand?post=6995"},{"taxonomy":"product_cat","embeddable":true,"href":"https:\/\/expografika.com\/n\/wp-json\/wp\/v2\/product_cat?post=6995"},{"taxonomy":"product_tag","embeddable":true,"href":"https:\/\/expografika.com\/n\/wp-json\/wp\/v2\/product_tag?post=6995"}],"curies":[{"name":"wp","href":"https:\/\/api.w.org\/{rel}","templated":true}]}}